{"id":2604,"date":"2015-07-06T20:33:31","date_gmt":"2017-11-23T18:30:39","guid":{"rendered":"https:\/\/www.haslerbullets.com\/die-hasler-geschosse\/"},"modified":"2023-08-18T15:27:42","modified_gmt":"2023-08-18T13:27:42","slug":"die-hasler-geschosse","status":"publish","type":"page","link":"https:\/\/www.haslerbullets.com\/de\/die-hasler-geschosse\/","title":{"rendered":"DIE HASLER GESCHOSSE"},"content":{"rendered":"<div class=\"wpb-content-wrapper\">[vc_row full_width=&#8220;stretch_row&#8220; content_placement=&#8220;top&#8220; equal_height=&#8220;yes&#8220; wpex_bg_overlay=&#8220;custom&#8220; css=&#8220;.vc_custom_1692278379160{background-color: #ffffff !important;}&#8220; wpex_bg_overlay_image=&#8220;6237&#8243; wpex_bg_overlay_opacity=&#8220;0.3&#8243; wpex_bg_overlay_color=&#8220;rgba(255,255,255,0.1)&#8220;][vc_column width=&#8220;1\/2&#8243;][vc_column_text]\n<h2><strong>GESCHICHTE<\/strong><\/h2>\n<p style=\"text-align: justify;\">Das monolithische Hasler Geschoss aus Kupferlegierung entspringt einer Idee, genauer gesagt einer Herausforderung von vier Freunden, die ein Produkt mit Bestleistungen erzielen wollten. Katalysator des Projekts war Giuseppe De Pasquale, mehrfacher italienischer Meister und mehrfacher Rekordhalter bei den italienischen Meisterschaften mit Ordonnanzgewehren, ex-Ordonnanzgewehren auf 300 Meter, Production und 22lr 100 Meter. Sein leidenschaftliches Streben nach Perfektion und einige Eingebungen, die auf jahrelangen Versuchen und ballistischen Experimenten basierten, begeisterten auch seine drei Abenteuerfreunde.<\/p>\n<p style=\"text-align: justify;\"><img loading=\"lazy\" decoding=\"async\" class=\"aligncenter size-full wp-image-259\" src=\"https:\/\/www.haslerbullets.com\/wp-content\/uploads\/2015\/07\/hasler_ogive_storia.jpg\" alt=\"\" width=\"474\" height=\"181\" srcset=\"https:\/\/www.haslerbullets.com\/wp-content\/uploads\/2015\/07\/hasler_ogive_storia.jpg 474w, https:\/\/www.haslerbullets.com\/wp-content\/uploads\/2015\/07\/hasler_ogive_storia-300x115.jpg 300w\" sizes=\"auto, (max-width: 474px) 100vw, 474px\" \/><\/p>\n<p style=\"text-align: justify;\">Das monolithische Hasler Geschoss aus Kupferlegierung entspringt einer Idee, genauer gesagt einer Herausforderung von vier Freunden, die ein Produkt mit Bestleistungen erzielen wollten. Katalysator des Projekts war Giuseppe De Pasquale, mehrfacher italienischer Meister und mehrfacher Rekordhalter bei den italienischen Meisterschaften mit Ordonnanzgewehren, ex-Ordonnanzgewehren auf 300 Meter, Production und 22lr 100 Meter. Sein leidenschaftliches Streben nach Perfektion und einige Eingebungen, die auf jahrelangen Versuchen und ballistischen Experimenten basierten, begeisterten auch seine drei Abenteuerfreunde.<\/p>\n[\/vc_column_text][\/vc_column][vc_column width=&#8220;1\/2&#8243;][vc_column_text]\n<h2><strong>HERSTELLUNG<\/strong><\/h2>\n<p style=\"text-align: justify;\">F\u00fcr die Herstellung dieser Serie von Wettkampf- und Jagdgeschossen bedurfte es neben ballistischer Erfahrung auch Forschungst\u00e4tigkeiten, Beratungen und Experimenten, Kenntnissen im Bereich der Metallurgie, Verf\u00fcgbarkeit an Sonderausr\u00fcstungen und -werkzeugmaschinen, sachkundigen Maschinenmeistern und vor allem einer sorgf\u00e4ltigen Auswahl hochwertiger Rohstoffe. Denn zur Erzielung eines Spitzenprodukts musste man einen perfekten Kompromiss zwischen Bearbeitbarkeit und mechanischen bzw. ballistischen Eigenschaften zusichern, also eine Anforderung, die eine bemerkenswert hohe Investition abverlangte, um von der Industrie das Kupfer mit den n\u00f6tigen Eigenschaften erhalten zu k\u00f6nnen. Giuseppes feste \u00dcberzeugungen haben die Gruppe trotz des komplexen Projektes angespornt, der Idee Folge zu leisten und das Markenzeichen HASLER ins Leben zu rufen HASLER competition &amp; hunting bullets.<\/p>\n<p>&nbsp;<\/p>\n<p><img loading=\"lazy\" decoding=\"async\" class=\"aligncenter size-full wp-image-261\" src=\"https:\/\/www.haslerbullets.com\/wp-content\/uploads\/2015\/07\/hasler_tecnologia_risultati.jpg\" alt=\"\" width=\"474\" height=\"181\" srcset=\"https:\/\/www.haslerbullets.com\/wp-content\/uploads\/2015\/07\/hasler_tecnologia_risultati.jpg 474w, https:\/\/www.haslerbullets.com\/wp-content\/uploads\/2015\/07\/hasler_tecnologia_risultati-300x115.jpg 300w\" sizes=\"auto, (max-width: 474px) 100vw, 474px\" \/>[\/vc_column_text][\/vc_column][\/vc_row]\n<\/div>","protected":false},"excerpt":{"rendered":"<p>[vc_row full_width=&#8220;stretch_row&#8220; content_placement=&#8220;top&#8220; equal_height=&#8220;yes&#8220; wpex_bg_overlay=&#8220;custom&#8220; css=&#8220;.vc_custom_1692278379160{background-color: #ffffff !important;}&#8220; wpex_bg_overlay_image=&#8220;6237&#8243; wpex_bg_overlay_opacity=&#8220;0.3&#8243; wpex_bg_overlay_color=&#8220;rgba(255,255,255,0.1)&#8220;][vc_column width=&#8220;1\/2&#8243;][vc_column_text] GESCHICHTE Das monolithische Hasler Geschoss aus Kupferlegierung entspringt einer Idee, genauer gesagt einer Herausforderung von vier Freunden, die ein Produkt mit Bestleistungen erzielen wollten. Katalysator des Projekts war Giuseppe De Pasquale, mehrfacher italienischer Meister und mehrfacher Rekordhalter bei den italienischen Meisterschaften mit Ordonnanzgewehren,&hellip;<\/p>\n","protected":false},"author":6,"featured_media":0,"parent":0,"menu_order":12,"comment_status":"closed","ping_status":"closed","template":"templates\/no-sidebar.php","meta":{"footnotes":""},"class_list":["post-2604","page","type-page","status-publish","hentry","entry","no-media"],"_links":{"self":[{"href":"https:\/\/www.haslerbullets.com\/de\/wp-json\/wp\/v2\/pages\/2604","targetHints":{"allow":["GET"]}}],"collection":[{"href":"https:\/\/www.haslerbullets.com\/de\/wp-json\/wp\/v2\/pages"}],"about":[{"href":"https:\/\/www.haslerbullets.com\/de\/wp-json\/wp\/v2\/types\/page"}],"author":[{"embeddable":true,"href":"https:\/\/www.haslerbullets.com\/de\/wp-json\/wp\/v2\/users\/6"}],"replies":[{"embeddable":true,"href":"https:\/\/www.haslerbullets.com\/de\/wp-json\/wp\/v2\/comments?post=2604"}],"version-history":[{"count":0,"href":"https:\/\/www.haslerbullets.com\/de\/wp-json\/wp\/v2\/pages\/2604\/revisions"}],"wp:attachment":[{"href":"https:\/\/www.haslerbullets.com\/de\/wp-json\/wp\/v2\/media?parent=2604"}],"curies":[{"name":"wp","href":"https:\/\/api.w.org\/{rel}","templated":true}]}}