{"id":2617,"date":"2015-07-09T16:32:59","date_gmt":"2017-11-24T12:01:28","guid":{"rendered":"https:\/\/www.haslerbullets.com\/die-monolithischen-kugeln\/"},"modified":"2023-08-18T16:43:15","modified_gmt":"2023-08-18T14:43:15","slug":"die-monolithischen-kugeln","status":"publish","type":"page","link":"https:\/\/www.haslerbullets.com\/de\/die-monolithischen-kugeln\/","title":{"rendered":"DIE MONOLITHISCHEN KUGELN"},"content":{"rendered":"<div class=\"wpb-content-wrapper\">[vc_row full_width=&#8220;stretch_row&#8220; css=&#8220;.vc_custom_1692201810551{background-color: #ffffff !important;}&#8220;][vc_column][vc_single_image image=&#8220;2877&#8243; alignment=&#8220;center&#8220;][\/vc_column][\/vc_row][vc_row full_width=&#8220;stretch_row&#8220; css=&#8220;.vc_custom_1692201790680{background-color: #ffffff !important;}&#8220;][vc_column width=&#8220;1\/2&#8243;][vc_column_text]\n<h2><strong>DIE MONOLITHISCHEN KUGELN<br \/>\n<\/strong><\/h2>\n<p style=\"text-align: justify;\">Die monolithischen Kugeln sind dazu bestimmt, die konventionellen Bleikugeln mit Kupfermantel zu verdr\u00e4ngen. Es handelt sich dabei um eine \u00f6kologische, aber auch leistungstechnische Notwendigkeit, die dazu gef\u00fchrt hat, dass zahlreiche Herstellerfirmen die monolithischen Kupferkugeln in ihre Preisliste aufgenommen haben. Aber nicht alle Firmen sind gleich und demzufolge fallen auch die Produkte unterschiedlich aus. Das Ergebnis steht im direkten Verh\u00e4ltnis zur \u00dcberzeugung und zum angewandten Innovationsgrad.<\/p>\n<p style=\"text-align: justify;\">Heute ist Hasler den anderen in der Suche nach der Treffsicherheit um einen Schritt voraus. Das unter der Leitung des mehrfachen Medaillengewinners Giuseppe De Pasquale stehende Expertenteam hat in die Forschung investiert, um eine bis ins kleinste Detail konzipierte monolithische Kupferkugel zu erzielen, die gerade dank dieser Details ihre \u00dcberlegenheit ausdr\u00fcckt.<\/p>\n<p>&nbsp;<\/p>\n<h2><strong>DIE VORTEILE DER UNTERKALIBRIERTEN HASLER KUGEL<br \/>\n<\/strong><\/h2>\n<p style=\"text-align: justify;\">Die monolithische Hasler Kugel weist mit ihrer ringf\u00f6rmigen Struktur einen K\u00f6rperdurchmesser auf, der im Gegensatz zu dem vom Lauf geforderten Kaliber etwas kleiner ausf\u00e4llt. Nur die Ringe an der Struktur ber\u00fchren voll und ganz den Lauf (Z\u00fcge und Felder), der Rest des Kugelk\u00f6rpers dagegen nicht.<\/p>\n<p><img loading=\"lazy\" decoding=\"async\" class=\" wp-image-298 alignleft\" style=\"margin-right: var(--global--spacing-horizontal);\" src=\"https:\/\/www.haslerbullets.com\/wp-content\/uploads\/2015\/07\/hasler_ogiva-canna_sezione.jpg\" alt=\"\" width=\"401\" height=\"153\" srcset=\"https:\/\/www.haslerbullets.com\/wp-content\/uploads\/2015\/07\/hasler_ogiva-canna_sezione.jpg 474w, https:\/\/www.haslerbullets.com\/wp-content\/uploads\/2015\/07\/hasler_ogiva-canna_sezione-300x115.jpg 300w\" sizes=\"auto, (max-width: 401px) 100vw, 401px\" \/><\/p>\n<p style=\"text-align: justify;\">Wenn also auf der einen Seite die konventionellen Projektile das innere Laufprofil ber\u00fchren und dabei eine beachtliche Reibung, somit viel W\u00e4rme und einen hohen Gegendruck verursachen, garantieren auf der anderen Seite die Hasler Kugeln eine reduzierte Reibung und h\u00f6here Projektil-Geschwindigkeiten.<\/p>\n<p style=\"text-align: justify;\">Dadurch k\u00f6nnen schnellere Pulver eingesetzt und die L\u00e4ufe vor zu starken Traumata bewahrt werden. Und der Stressfaktor f\u00e4llt f\u00fcr den Sch\u00fctzen geringer aus. Man kann sehr rasante Sch\u00fcsse erzielen, ohne die f\u00fcr jedes Kaliber vorgesehenen Druckwerte zu \u00fcberschreiten.<\/p>\n[\/vc_column_text][\/vc_column][vc_column width=&#8220;1\/2&#8243;][vc_column_text]\n<h2><strong>TOP-KUPFER MACHT DEN UNTERSCHIED AUS<br \/>\n<\/strong><\/h2>\n<p style=\"text-align: justify;\">Die Kupferlegierung, die bei den monolithischen Hasler Kugeln zum Einsatz kommt, ist von absolut hochwertiger Qualit\u00e4t und bietet eine Homogenit\u00e4t und Duktilit\u00e4t, die sowohl in der Schie\u00dfphase als auch beim Auftreffen den Unterschied ausmachen.<\/p>\n<h2><strong>F\u00dcNF PRODUKTLINIEN<\/strong><\/h2>\n<p style=\"text-align: justify;\">Die Hasler Produkte wollen das Beste sein, was es derzeit am Markt auf der Grundlage der derzeitigen Kenntnisse im Bereich der monolithischen Geschosse aus Kupferlegierung gibt. Ein hochwertiges Spitzensortiment, das in 3 ballistischen Sektoren zur Anwendung komm.<\/p>\n[\/vc_column_text]<div class=\"woocommerce columns-3\">\n\t<ul class=\"products wpex-grid wpex-grid-cols-3 wpex-pp-grid-cols-1 wpex-gap-20 wpex-clear\">\n\n<li class=\"product-category product first\">\n\t<a aria-label=\"Produktkategorie Hasler Hunting besuchen\" href=\"https:\/\/www.haslerbullets.com\/de\/produkt-kategorie\/hasler-hunting-2\/\"><img width=\"600\" height=\"600\" src=\"https:\/\/www.haslerbullets.com\/wp-content\/uploads\/2019\/03\/scatola_hunting_600x-1.jpg\" class=\"attachment-full size-full\" alt=\"Hasler Hunting\" loading=\"lazy\" decoding=\"async\" srcset=\"https:\/\/www.haslerbullets.com\/wp-content\/uploads\/2019\/03\/scatola_hunting_600x-1.jpg 600w, https:\/\/www.haslerbullets.com\/wp-content\/uploads\/2019\/03\/scatola_hunting_600x-1-150x150.jpg 150w, https:\/\/www.haslerbullets.com\/wp-content\/uploads\/2019\/03\/scatola_hunting_600x-1-300x300.jpg 300w, https:\/\/www.haslerbullets.com\/wp-content\/uploads\/2019\/03\/scatola_hunting_600x-1-180x180.jpg 180w\" sizes=\"auto, (max-width: 600px) 100vw, 600px\" \/>\t\t<h2 class=\"woocommerce-loop-category__title\">\n\t\t\tHasler Hunting <mark class=\"count\">(13)<\/mark>\t\t<\/h2>\n\t\t<\/a><\/li>\n<li class=\"product-category product\">\n\t<a aria-label=\"Produktkategorie Hasler ARIETE besuchen\" href=\"https:\/\/www.haslerbullets.com\/de\/produkt-kategorie\/hasler-ariete\/\"><img width=\"650\" height=\"650\" src=\"https:\/\/www.haslerbullets.com\/wp-content\/uploads\/2019\/03\/scatola_ariete_600x-1.jpg\" class=\"attachment-full size-full\" alt=\"Hasler ARIETE\" loading=\"lazy\" decoding=\"async\" srcset=\"https:\/\/www.haslerbullets.com\/wp-content\/uploads\/2019\/03\/scatola_ariete_600x-1.jpg 650w, https:\/\/www.haslerbullets.com\/wp-content\/uploads\/2019\/03\/scatola_ariete_600x-1-150x150.jpg 150w, https:\/\/www.haslerbullets.com\/wp-content\/uploads\/2019\/03\/scatola_ariete_600x-1-300x300.jpg 300w, https:\/\/www.haslerbullets.com\/wp-content\/uploads\/2019\/03\/scatola_ariete_600x-1-180x180.jpg 180w, https:\/\/www.haslerbullets.com\/wp-content\/uploads\/2019\/03\/scatola_ariete_600x-1-600x600.jpg 600w, https:\/\/www.haslerbullets.com\/wp-content\/uploads\/2019\/03\/scatola_ariete_600x-1-624x624.jpg 624w\" sizes=\"auto, (max-width: 650px) 100vw, 650px\" \/>\t\t<h2 class=\"woocommerce-loop-category__title\">\n\t\t\tHasler ARIETE <mark class=\"count\">(25)<\/mark>\t\t<\/h2>\n\t\t<\/a><\/li>\n<li class=\"product-category product last\">\n\t<a aria-label=\"Produktkategorie Hasler Long Range besuchen\" href=\"https:\/\/www.haslerbullets.com\/de\/produkt-kategorie\/hasler-long-range\/\"><img width=\"600\" height=\"600\" src=\"https:\/\/www.haslerbullets.com\/wp-content\/uploads\/2019\/03\/scatola_long-range_600x-1.jpg\" class=\"attachment-full size-full\" alt=\"Hasler Long Range\" loading=\"lazy\" decoding=\"async\" srcset=\"https:\/\/www.haslerbullets.com\/wp-content\/uploads\/2019\/03\/scatola_long-range_600x-1.jpg 600w, https:\/\/www.haslerbullets.com\/wp-content\/uploads\/2019\/03\/scatola_long-range_600x-1-150x150.jpg 150w, https:\/\/www.haslerbullets.com\/wp-content\/uploads\/2019\/03\/scatola_long-range_600x-1-300x300.jpg 300w, https:\/\/www.haslerbullets.com\/wp-content\/uploads\/2019\/03\/scatola_long-range_600x-1-180x180.jpg 180w\" sizes=\"auto, (max-width: 600px) 100vw, 600px\" \/>\t\t<h2 class=\"woocommerce-loop-category__title\">\n\t\t\tHasler Long Range <mark class=\"count\">(7)<\/mark>\t\t<\/h2>\n\t\t<\/a><\/li>\n<li class=\"product-category product first\">\n\t<a aria-label=\"Produktkategorie Hasler Sport besuchen\" href=\"https:\/\/www.haslerbullets.com\/de\/produkt-kategorie\/hs-2017-de\/\"><img width=\"600\" height=\"600\" src=\"https:\/\/www.haslerbullets.com\/wp-content\/uploads\/2019\/03\/scatola_sport_600x-1.jpg\" class=\"attachment-full size-full\" alt=\"Hasler Sport\" loading=\"lazy\" decoding=\"async\" srcset=\"https:\/\/www.haslerbullets.com\/wp-content\/uploads\/2019\/03\/scatola_sport_600x-1.jpg 600w, https:\/\/www.haslerbullets.com\/wp-content\/uploads\/2019\/03\/scatola_sport_600x-1-150x150.jpg 150w, https:\/\/www.haslerbullets.com\/wp-content\/uploads\/2019\/03\/scatola_sport_600x-1-300x300.jpg 300w, https:\/\/www.haslerbullets.com\/wp-content\/uploads\/2019\/03\/scatola_sport_600x-1-180x180.jpg 180w\" sizes=\"auto, (max-width: 600px) 100vw, 600px\" \/>\t\t<h2 class=\"woocommerce-loop-category__title\">\n\t\t\tHasler Sport <mark class=\"count\">(4)<\/mark>\t\t<\/h2>\n\t\t<\/a><\/li>\n<li class=\"product-category product\">\n\t<a aria-label=\"Produktkategorie Hasler Bull besuchen\" href=\"https:\/\/www.haslerbullets.com\/de\/produkt-kategorie\/hasler-bull-2\/\"><img width=\"600\" height=\"600\" src=\"https:\/\/www.haslerbullets.com\/wp-content\/uploads\/2023\/12\/hb-bull-categoria.jpg\" class=\"attachment-full size-full\" alt=\"Hasler Bull\" loading=\"lazy\" decoding=\"async\" srcset=\"https:\/\/www.haslerbullets.com\/wp-content\/uploads\/2023\/12\/hb-bull-categoria.jpg 600w, https:\/\/www.haslerbullets.com\/wp-content\/uploads\/2023\/12\/hb-bull-categoria-300x300.jpg 300w, https:\/\/www.haslerbullets.com\/wp-content\/uploads\/2023\/12\/hb-bull-categoria-150x150.jpg 150w, https:\/\/www.haslerbullets.com\/wp-content\/uploads\/2023\/12\/hb-bull-categoria-100x100.jpg 100w\" sizes=\"auto, (max-width: 600px) 100vw, 600px\" \/>\t\t<h2 class=\"woocommerce-loop-category__title\">\n\t\t\tHasler Bull <mark class=\"count\">(12)<\/mark>\t\t<\/h2>\n\t\t<\/a><\/li>\n<\/ul>\n<\/div>[\/vc_column][\/vc_row][vc_row full_width=&#8220;stretch_row&#8220; css=&#8220;.vc_custom_1692201998655{background-color: #ffffff !important;}&#8220;][vc_column][vc_column_text]\n<p style=\"text-align: justify;\">Hasler ist ein unterkalibriertes Geschoss, dessen Ringe einen kreisf\u00f6rmigen und halbkreisf\u00f6rmigen Querschnitt aufweisen, der unter Nutzung des Systems gro\u00dfkalibriger Kanonen f\u00fcr die Liebhaber der Treffsicherheit wichtige Vorteile mit sich bringt:<\/p>\n<ul style=\"text-align: justify;\">\n<li>Einen geringen Reibungskoeffizienten zwischen Projektil und Gewehrlauf, da die Kontaktfl\u00e4che zwischen den Ringen und den Z\u00fcgen viel geringer als bei einem konventionellen Projektil ist.<\/li>\n<li>Einen sehr hohen ballistischen Koeffizienten, der in Kombination mit einem geringeren Reibungskoeffizienten eine hohe Geschwindigkeit und somit auch bei kurzem Lauf sehr rasante Sch\u00fcsse erm\u00f6glicht.<\/li>\n<li>Einen \u00e4u\u00dferst reduzierten Laufverschlei\u00df infolge der geringeren Kontaktfl\u00e4che und der h\u00f6heren Gleitbewegung des Projektils.<\/li>\n<li>Spitzenmaterialien und ein Design, das f\u00fcr die sowohl im Sport als auch auf der Jagd \u2013 hier bietet Hasler eine exzellenten Auftreffwirkung \u2013 maximale Leistung und Pr\u00e4zision konzipiert wurde.<\/li>\n<li>Die Standardabweichung auf das Gewicht betr\u00e4gt weniger als ein Zehntel Korn, die dimensionale Abweichung liegt unter +- 3 Mikron pro Partie.<\/li>\n<\/ul>\n<p style=\"text-align: justify;\">Das Hasler Geschoss hat auf allen Arten von getesteten Kalibern und L\u00e4ufen immer Bestresultate erzielt. Die einzige Ausnahme bilden L\u00e4ufe mit Polygonz\u00fcgen, bei denen wir von der Verwendung unserer Geschosse abraten.<\/p>\n[\/vc_column_text][\/vc_column][\/vc_row]\n<\/div>","protected":false},"excerpt":{"rendered":"<p>[vc_row full_width=&#8220;stretch_row&#8220; css=&#8220;.vc_custom_1692201810551{background-color: #ffffff !important;}&#8220;][vc_column][vc_single_image image=&#8220;2877&#8243; alignment=&#8220;center&#8220;][\/vc_column][\/vc_row][vc_row full_width=&#8220;stretch_row&#8220; css=&#8220;.vc_custom_1692201790680{background-color: #ffffff !important;}&#8220;][vc_column width=&#8220;1\/2&#8243;][vc_column_text] DIE MONOLITHISCHEN KUGELN Die monolithischen Kugeln sind dazu bestimmt, die konventionellen Bleikugeln mit Kupfermantel zu verdr\u00e4ngen. Es handelt sich dabei um eine \u00f6kologische, aber auch leistungstechnische Notwendigkeit, die dazu gef\u00fchrt hat, dass zahlreiche Herstellerfirmen die monolithischen Kupferkugeln in ihre Preisliste aufgenommen haben. Aber&hellip;<\/p>\n","protected":false},"author":6,"featured_media":0,"parent":0,"menu_order":14,"comment_status":"open","ping_status":"closed","template":"templates\/no-sidebar.php","meta":{"footnotes":""},"class_list":["post-2617","page","type-page","status-publish","hentry","entry","no-media"],"_links":{"self":[{"href":"https:\/\/www.haslerbullets.com\/de\/wp-json\/wp\/v2\/pages\/2617","targetHints":{"allow":["GET"]}}],"collection":[{"href":"https:\/\/www.haslerbullets.com\/de\/wp-json\/wp\/v2\/pages"}],"about":[{"href":"https:\/\/www.haslerbullets.com\/de\/wp-json\/wp\/v2\/types\/page"}],"author":[{"embeddable":true,"href":"https:\/\/www.haslerbullets.com\/de\/wp-json\/wp\/v2\/users\/6"}],"replies":[{"embeddable":true,"href":"https:\/\/www.haslerbullets.com\/de\/wp-json\/wp\/v2\/comments?post=2617"}],"version-history":[{"count":0,"href":"https:\/\/www.haslerbullets.com\/de\/wp-json\/wp\/v2\/pages\/2617\/revisions"}],"wp:attachment":[{"href":"https:\/\/www.haslerbullets.com\/de\/wp-json\/wp\/v2\/media?parent=2617"}],"curies":[{"name":"wp","href":"https:\/\/api.w.org\/{rel}","templated":true}]}}