{"id":2620,"date":"2015-07-06T20:35:00","date_gmt":"2017-11-24T13:38:50","guid":{"rendered":"https:\/\/www.haslerbullets.com\/grosshandler-im-ausland\/"},"modified":"2025-08-06T16:32:07","modified_gmt":"2025-08-06T14:32:07","slug":"grosshandler-im-ausland","status":"publish","type":"page","link":"https:\/\/www.haslerbullets.com\/de\/grosshandler-im-ausland\/","title":{"rendered":"Ausl\u00e4ndische Distributoren"},"content":{"rendered":"<div class=\"wpb-content-wrapper\">[vc_row][vc_column]<h2 class=\"vcex-heading vcex-heading-plain vcex-module wpex-heading wpex-text-2xl\"><span class=\"vcex-heading-inner wpex-inline-block\">\u00d6STERREICH<\/span><\/h2>[vc_empty_space height=&#8220;25px&#8220;][vc_row_inner][vc_column_inner width=&#8220;1\/3&#8243;]<figure class=\"vcex-image vcex-module\"><div class=\"vcex-image-inner wpex-relative wpex-inline-block\"><img width=\"120\" height=\"106\" src=\"https:\/\/www.haslerbullets.com\/wp-content\/uploads\/2015\/07\/frowis_jagd_sport_optik.gif\" class=\"vcex-image-img wpex-align-middle\" alt=\"\" loading=\"lazy\" decoding=\"async\" \/><\/div><\/figure>[\/vc_column_inner][vc_column_inner width=&#8220;2\/3&#8243;][vc_column_text]<strong>Fr\u00f6wis Jagd-Sport-Optik<\/strong><br \/>Vorstadt 3<br \/>A-6800 Feldkirch<br \/>Tel. +43-(0)5522-72459<br \/><a href=\"http:\/\/www.froewis.co.at\/\" target=\"_blank\" rel=\"noopener noreferrer\">www.froewis.co.at<\/a><br \/><a href=\"mailto:froewis@froewis.co.at\">froewis@froewis.co.at<\/a>[\/vc_column_text][\/vc_column_inner][\/vc_row_inner][\/vc_column][\/vc_row][vc_row][vc_column]<style>.vcex-heading.vcex_69f5f21b8af48{font-weight:600;}<\/style><h2 class=\"vcex-heading vcex-heading-plain vcex-module wpex-heading wpex-text-2xl vcex_69f5f21b8af48\"><span class=\"vcex-heading-inner wpex-inline-block\">TSCHECHISCHE REPUBLIK<\/span><\/h2>[vc_empty_space height=&#8220;25px&#8220;][vc_row_inner][vc_column_inner width=&#8220;1\/3&#8243;]<style>.vcex-image.vcex_69f5f21b8b629 .vcex-image-inner{max-width:200px;}<\/style><figure class=\"vcex-image vcex-module vcex_69f5f21b8b629\"><div class=\"vcex-image-inner wpex-relative wpex-inline-block\"><img width=\"500\" height=\"500\" src=\"https:\/\/www.haslerbullets.com\/wp-content\/uploads\/2015\/07\/STROBL-logo-FB.jpg\" class=\"vcex-image-img wpex-align-middle\" alt=\"\" loading=\"lazy\" decoding=\"async\" srcset=\"https:\/\/www.haslerbullets.com\/wp-content\/uploads\/2015\/07\/STROBL-logo-FB.jpg 500w, https:\/\/www.haslerbullets.com\/wp-content\/uploads\/2015\/07\/STROBL-logo-FB-150x150.jpg 150w, https:\/\/www.haslerbullets.com\/wp-content\/uploads\/2015\/07\/STROBL-logo-FB-300x300.jpg 300w, https:\/\/www.haslerbullets.com\/wp-content\/uploads\/2015\/07\/STROBL-logo-FB-180x180.jpg 180w\" sizes=\"auto, (max-width: 500px) 100vw, 500px\" \/><\/div><\/figure>[\/vc_column_inner][vc_column_inner width=&#8220;2\/3&#8243;][vc_column_text]<b><span lang=\"CS\">STROBL. CZ s.r.o.<\/span><\/b><br \/><span lang=\"DE\"><span lang=\"CS\">Nov\u00e1 Ole\u0161n\u00e1 39<\/span><\/span><br \/><span lang=\"CS\">37853 Nov\u00e1 Ole\u0161n\u00e1<\/span><br \/><span lang=\"DE\"><br \/><span lang=\"CS\">Tel: +420 728 760 443<\/span><br \/><\/span>E-Mail: <a href=\"http:\/\/www.strobl.cz\/\" target=\"_blank\" rel=\"noopener noreferrer\">info@strobl.cz<br \/>www.strobl.cz<\/a>[\/vc_column_text][\/vc_column_inner][\/vc_row_inner][\/vc_column][\/vc_row][vc_row][vc_column]<style>.vcex-heading.vcex_69f5f21b8bee4{font-weight:600;}<\/style><h2 class=\"vcex-heading vcex-heading-plain vcex-module wpex-heading wpex-text-2xl vcex_69f5f21b8bee4\"><span class=\"vcex-heading-inner wpex-inline-block\">D\u00c4NEMARK<\/span><\/h2>[vc_empty_space height=&#8220;25px&#8220;][vc_row_inner][vc_column_inner width=&#8220;1\/3&#8243;]<style>.vcex-image.vcex_69f5f21b8c3e4 .vcex-image-inner{max-width:200px;}<\/style><figure class=\"vcex-image vcex-module vcex_69f5f21b8c3e4\"><div class=\"vcex-image-inner wpex-relative wpex-inline-block\"><img width=\"300\" height=\"105\" src=\"https:\/\/www.haslerbullets.com\/wp-content\/uploads\/2015\/07\/gunman63.jpg\" class=\"vcex-image-img wpex-align-middle\" alt=\"\" loading=\"lazy\" decoding=\"async\" \/><\/div><\/figure>[\/vc_column_inner][vc_column_inner width=&#8220;2\/3&#8243;][vc_column_text]<strong><span lang=\"DE\">GUNMAN63.DK<\/span><\/strong><br \/><span lang=\"DE\">v\/ Dan Bertelsen<\/span><br \/><span lang=\"DE\">7451 Sunds<\/span><br \/><span lang=\"DE\">D\u00e4nemark<br \/>Tel.: +45 40202753<br \/>E-Mail: <\/span><span lang=\"DE\"><a href=\"mailto:db@danbertelsen.dk\">db@danbertelsen.dk<\/a><br \/><a href=\"http:\/\/www.gunman63.minisite.dk\/HASLER-BULLETS\" target=\"_blank\" rel=\"noopener noreferrer\">www.gunman63.minisite.dk\/HASLER-BULLETS<\/a><\/span>[\/vc_column_text][\/vc_column_inner][\/vc_row_inner][\/vc_column][\/vc_row][vc_row][vc_column]<style>.vcex-heading.vcex_69f5f21b8cc4e{font-weight:600;}<\/style><h2 class=\"vcex-heading vcex-heading-plain vcex-module wpex-heading wpex-text-2xl vcex_69f5f21b8cc4e\"><span class=\"vcex-heading-inner wpex-inline-block\">DEUTSCHLAND<\/span><\/h2>[vc_empty_space height=&#8220;25px&#8220;][vc_row_inner][vc_column_inner width=&#8220;1\/3&#8243;][vc_single_image image=&#8220;7623&#8243;][\/vc_column_inner][vc_column_inner width=&#8220;2\/3&#8243;][vc_column_text]<strong>SLEIPNIR-PR\u00c4ZISION<\/strong><br \/>Gesch\u00e4ftsf\u00fchrer: Nadja Hoke<br \/>Zunftstrasse 15<br \/>DE-87490 Haldenwang<br \/>Telefon: +49-(0)151-534 326 31<a href=\"mailto:n.hoke@sleipnir-precision.de\"><\/p>\n<p> n.hoke@sleipnir-precision.de<br \/><\/a><a href=\"https:\/\/www.sleipnir-precision.de\" target=\"_blank\" rel=\"noopener\">www.sleipnir-precision.de<\/a>[\/vc_column_text][\/vc_column_inner][\/vc_row_inner][\/vc_column][\/vc_row][vc_row][vc_column]<style>.vcex-heading.vcex_69f5f21b8d211{color:#dd0000;font-size:32px;font-weight:700;text-transform:uppercase;}<\/style><h2 class=\"vcex-heading vcex-heading-plain vcex-module wpex-heading wpex-text-2xl vcex_69f5f21b8d211\"><span class=\"vcex-heading-inner wpex-inline-block\">AUTORISIERTE H\u00c4NDLER<\/span><\/h2>[\/vc_column][\/vc_row][vc_row][vc_column]<style>.vcex-heading.vcex_69f5f21b8d7dd{font-weight:600;}<\/style><h2 class=\"vcex-heading vcex-heading-plain vcex-module wpex-heading wpex-text-2xl vcex_69f5f21b8d7dd\"><span class=\"vcex-heading-inner wpex-inline-block\">DEUTSCHLAND<\/span><\/h2>[vc_empty_space height=&#8220;25px&#8220;][vc_row_inner][vc_column_inner width=&#8220;1\/3&#8243;]<style>.vcex-image.vcex_69f5f21b8dcb2 .vcex-image-inner{max-width:200px;}<\/style><figure class=\"vcex-image vcex-module vcex_69f5f21b8dcb2\"><div class=\"vcex-image-inner wpex-relative wpex-inline-block\"><img width=\"200\" height=\"69\" src=\"https:\/\/www.haslerbullets.com\/wp-content\/uploads\/2015\/07\/huber_ammunition_logo.png\" class=\"vcex-image-img wpex-align-middle\" alt=\"\" loading=\"lazy\" decoding=\"async\" \/><\/div><\/figure>[\/vc_column_inner][vc_column_inner width=&#8220;2\/3&#8243;][vc_column_text]<strong>HUBER MUNITION<\/strong><br \/>Gesch\u00e4ftsinhaber<br \/>Richard Huber<br \/>Schozacherstr. 59<br \/>74388 Talheim<br \/>Deutschland<br \/>Telefon: +49 (0)7133 9018744<br \/>E-Mail: <a href=\"mailto:huber-ammunition@t-online.de\">huber-ammunition@t-online.de<\/a> <br \/><a href=\"http:\/\/www.huber-ammunition.de\/\" target=\"_blank\" rel=\"noopener noreferrer\">www.huber-ammunition.de<\/a>[\/vc_column_text][\/vc_column_inner][\/vc_row_inner][\/vc_column][\/vc_row][vc_row][vc_column]<style>.vcex-heading.vcex_69f5f21b8e50c{font-weight:600;}<\/style><h2 class=\"vcex-heading vcex-heading-plain vcex-module wpex-heading wpex-text-2xl vcex_69f5f21b8e50c\"><span class=\"vcex-heading-inner wpex-inline-block\">Vereinigtes K\u00f6nigreich Gro\u00dfbritannien<\/span><\/h2>[vc_empty_space height=&#8220;25px&#8220;][vc_row_inner][vc_column_inner width=&#8220;1\/3&#8243;]<style>.vcex-image.vcex_69f5f21b8ea01 .vcex-image-inner{max-width:200px;}<\/style><figure class=\"vcex-image vcex-module vcex_69f5f21b8ea01\"><div class=\"vcex-image-inner wpex-relative wpex-inline-block\"><img width=\"200\" height=\"154\" src=\"https:\/\/www.haslerbullets.com\/wp-content\/uploads\/2015\/08\/ACFirearms-logo200x154.png\" class=\"vcex-image-img wpex-align-middle\" alt=\"\" loading=\"lazy\" decoding=\"async\" \/><\/div><\/figure>[\/vc_column_inner][vc_column_inner width=&#8220;2\/3&#8243;][vc_column_text]<strong>AC Schusswaffen Gro\u00dfbritannien<\/strong><br \/>Telefon: 07377 066431<br \/>E-Mail: <a href=\"mailto:info@acfirearms.co.uk\" target=\"_blank\" rel=\"noopener noreferrer\">info@acfirearms.co.uk<\/a><br \/><a href=\"http:\/\/www.acfirearms.co.uk\/\" target=\"_blank\" rel=\"noopener noreferrer\">www.acfirearms.co.uk<\/a>[\/vc_column_text][\/vc_column_inner][\/vc_row_inner][\/vc_column][\/vc_row][vc_row][vc_column]<style>.vcex-heading.vcex_69f5f21b8f258{font-weight:600;}<\/style><h2 class=\"vcex-heading vcex-heading-plain vcex-module wpex-heading wpex-text-2xl vcex_69f5f21b8f258\"><span class=\"vcex-heading-inner wpex-inline-block\">SPANIEN \u2013 PORTUGAL<\/span><\/h2>[vc_empty_space height=&#8220;25px&#8220;][vc_row_inner][vc_column_inner width=&#8220;1\/3&#8243;]<style>.vcex-image.vcex_69f5f21b8f73f .vcex-image-inner{max-width:200px;}<\/style><figure class=\"vcex-image vcex-module vcex_69f5f21b8f73f\"><div class=\"vcex-image-inner wpex-relative wpex-inline-block\"><img width=\"270\" height=\"100\" src=\"https:\/\/www.haslerbullets.com\/wp-content\/uploads\/2015\/07\/topgun-armeria270x1001.gif\" class=\"vcex-image-img wpex-align-middle\" alt=\"\" loading=\"lazy\" decoding=\"async\" \/><\/div><\/figure>[\/vc_column_inner][vc_column_inner width=&#8220;2\/3&#8243;][vc_column_text]<a href=\"http:\/\/www.acfirearms.co.uk\/\" target=\"_blank\" rel=\"noopener noreferrer\"><strong>Top Gun, S.L.<\/strong><\/a><\/p>\n<p>&nbsp;<\/p>\n<p>C\/ Heli\u00f3tropo, 8- Lokal<\/p>\n<p>2809 Madrid<\/p>\n<p>Telf. 91 527 17 17<br \/>Telefax 91 315 73 55<br \/>E-Mail: <a href=\"mailto:armer%C3%ADa@topgun.es\" target=\"_blank\" rel=\"noopener noreferrer\">armer\u00eda@topgun.es<\/a> <br \/><a href=\"http:\/\/topgun.es\/\" target=\"_blank\" rel=\"noopener noreferrer\">http:\/\/topgun.es\/<\/a>[\/vc_column_text][\/vc_column_inner][\/vc_row_inner][\/vc_column][\/vc_row][vc_row][vc_column]<style>.vcex-heading.vcex_69f5f21b8ff84{font-weight:600;}<\/style><h2 class=\"vcex-heading vcex-heading-plain vcex-module wpex-heading wpex-text-2xl vcex_69f5f21b8ff84\"><span class=\"vcex-heading-inner wpex-inline-block\">SCHWEDEN<\/span><\/h2>[vc_empty_space height=&#8220;25px&#8220;][vc_row_inner][vc_column_inner width=&#8220;1\/3&#8243;]<style>.vcex-image.vcex_69f5f21b9047c .vcex-image-inner{max-width:200px;}<\/style><figure class=\"vcex-image vcex-module vcex_69f5f21b9047c\"><div class=\"vcex-image-inner wpex-relative wpex-inline-block\"><img width=\"200\" height=\"189\" src=\"https:\/\/www.haslerbullets.com\/wp-content\/uploads\/2015\/07\/Ammo-center-logo.jpg\" class=\"vcex-image-img wpex-align-middle\" alt=\"\" loading=\"lazy\" decoding=\"async\" \/><\/div><\/figure>[\/vc_column_inner][vc_column_inner width=&#8220;2\/3&#8243;][vc_column_text]Munitionszentrum<br \/>Okomev. 5<br \/>31161 Ullared<br \/>SCHWEDEN+46 725 499 498<br \/><a href=\"http:\/\/www.ammocenter.se\/\" target=\"_blank\" rel=\"noopener noreferrer\">www.ammocenter.se<\/a><br \/><a href=\"mailto:order@ammocenter.se\">order@ammocenter.se<\/a>[\/vc_column_text][\/vc_column_inner][\/vc_row_inner][\/vc_column][\/vc_row]\n<\/div>","protected":false},"excerpt":{"rendered":"<p>[vc_row][vc_column][vc_empty_space height=&#8220;25px&#8220;][vc_row_inner][vc_column_inner width=&#8220;1\/3&#8243;][\/vc_column_inner][vc_column_inner width=&#8220;2\/3&#8243;][vc_column_text]Fr\u00f6wis Jagd-Sport-OptikVorstadt 3A-6800 FeldkirchTel. +43-(0)5522-72459www.froewis.co.atfroewis@froewis.co.at[\/vc_column_text][\/vc_column_inner][\/vc_row_inner][\/vc_column][\/vc_row][vc_row][vc_column][vc_empty_space height=&#8220;25px&#8220;][vc_row_inner][vc_column_inner width=&#8220;1\/3&#8243;][\/vc_column_inner][vc_column_inner width=&#8220;2\/3&#8243;][vc_column_text]STROBL. CZ s.r.o.Nov\u00e1 Ole\u0161n\u00e1 3937853 Nov\u00e1 Ole\u0161n\u00e1Tel: +420 728 760 443E-Mail: info@strobl.czwww.strobl.cz[\/vc_column_text][\/vc_column_inner][\/vc_row_inner][\/vc_column][\/vc_row][vc_row][vc_column][vc_empty_space height=&#8220;25px&#8220;][vc_row_inner][vc_column_inner width=&#8220;1\/3&#8243;][\/vc_column_inner][vc_column_inner width=&#8220;2\/3&#8243;][vc_column_text]GUNMAN63.DKv\/ Dan Bertelsen7451 SundsD\u00e4nemarkTel.: +45 40202753E-Mail: db@danbertelsen.dkwww.gunman63.minisite.dk\/HASLER-BULLETS[\/vc_column_text][\/vc_column_inner][\/vc_row_inner][\/vc_column][\/vc_row][vc_row][vc_column][vc_empty_space height=&#8220;25px&#8220;][vc_row_inner][vc_column_inner width=&#8220;1\/3&#8243;][vc_single_image image=&#8220;7623&#8243;][\/vc_column_inner][vc_column_inner width=&#8220;2\/3&#8243;][vc_column_text]SLEIPNIR-PR\u00c4ZISIONGesch\u00e4ftsf\u00fchrer: Nadja HokeZunftstrasse 15DE-87490 HaldenwangTelefon: +49-(0)151-534 326 31 n.hoke@sleipnir-precision.dewww.sleipnir-precision.de[\/vc_column_text][\/vc_column_inner][\/vc_row_inner][\/vc_column][\/vc_row][vc_row][vc_column][\/vc_column][\/vc_row][vc_row][vc_column][vc_empty_space height=&#8220;25px&#8220;][vc_row_inner][vc_column_inner width=&#8220;1\/3&#8243;][\/vc_column_inner][vc_column_inner width=&#8220;2\/3&#8243;][vc_column_text]HUBER MUNITIONGesch\u00e4ftsinhaberRichard HuberSchozacherstr. 5974388 TalheimDeutschlandTelefon: +49 (0)7133 9018744E-Mail: huber-ammunition@t-online.de www.huber-ammunition.de[\/vc_column_text][\/vc_column_inner][\/vc_row_inner][\/vc_column][\/vc_row][vc_row][vc_column][vc_empty_space&hellip;<\/p>\n","protected":false},"author":6,"featured_media":0,"parent":0,"menu_order":82,"comment_status":"closed","ping_status":"closed","template":"templates\/right-sidebar.php","meta":{"footnotes":""},"class_list":["post-2620","page","type-page","status-publish","hentry","entry","no-media"],"_links":{"self":[{"href":"https:\/\/www.haslerbullets.com\/de\/wp-json\/wp\/v2\/pages\/2620","targetHints":{"allow":["GET"]}}],"collection":[{"href":"https:\/\/www.haslerbullets.com\/de\/wp-json\/wp\/v2\/pages"}],"about":[{"href":"https:\/\/www.haslerbullets.com\/de\/wp-json\/wp\/v2\/types\/page"}],"author":[{"embeddable":true,"href":"https:\/\/www.haslerbullets.com\/de\/wp-json\/wp\/v2\/users\/6"}],"replies":[{"embeddable":true,"href":"https:\/\/www.haslerbullets.com\/de\/wp-json\/wp\/v2\/comments?post=2620"}],"version-history":[{"count":0,"href":"https:\/\/www.haslerbullets.com\/de\/wp-json\/wp\/v2\/pages\/2620\/revisions"}],"wp:attachment":[{"href":"https:\/\/www.haslerbullets.com\/de\/wp-json\/wp\/v2\/media?parent=2620"}],"curies":[{"name":"wp","href":"https:\/\/api.w.org\/{rel}","templated":true}]}}