{"id":3010,"date":"2015-07-08T20:00:59","date_gmt":"2015-07-08T18:00:59","guid":{"rendered":"https:\/\/www.haslerbullets.com\/shop\/senza%20categoria\/geschoss-h-cal-7-284-zu-127-grn-cb-0385-50-pz\/"},"modified":"2021-06-02T22:55:00","modified_gmt":"2021-06-02T20:55:00","slug":"geschoss-h-cal-7-284-zu-127-grn-cb-0385-50-pz","status":"publish","type":"product","link":"https:\/\/www.haslerbullets.com\/de\/shop\/hasler-hunting-2\/geschoss-h-cal-7-284-zu-127-grn-cb-0385-50-pz\/","title":{"rendered":"Geschoss H cal 7 (284) zu 127 grn BC 0,385 (50 pz)"},"content":{"rendered":"<p>Geschoss H cal 7 (284) zu 127 grn BC 0,385 (50 pz)<\/p>\n<p style=\"text-align: justify;\">Diese Linie ist f\u00fcr die Jagd gedacht. Es handelt sich um Geschosse mit spezifischem HPBT-Design, deren \u00e4u\u00dfere Struktur derjenigen entspricht, die f\u00fcr das Pr\u00e4zisionsschie\u00dfen konzipiert wurden. Der einzige Unterschied liegt in der Hohlkehle und darin, dass Letztere drei oder vier Innenf\u00e4cher aufweist, die die Struktur schw\u00e4chen und einer homogenen \u00d6ffnung f\u00f6rderlich sind. Dies und die herausragende Qualit\u00e4t der Kupferlegierung bietet auch f\u00fcr die Jagd wichtige Vorteile. Es wird n\u00e4mlich ein perfektes Gleichgewicht zwischen Pr\u00e4zision, Auftreffwirkung und Schutz des Tierfleisches erzielt. Die homogene \u00d6ffnung der Kugel garantiert die Erlegung des Tieres, ohne es zu verunstalten.<\/p>\n<p style=\"text-align: justify;\"><img loading=\"lazy\" decoding=\"async\" class=\"alignleft size-medium wp-image-215\" src=\"https:\/\/www.haslerbullets.com\/wp-content\/uploads\/2015\/07\/brevetto_hasler_800-300x225.jpg\" alt=\"brevetto_hasler_800\" width=\"300\" height=\"225\" srcset=\"https:\/\/www.haslerbullets.com\/wp-content\/uploads\/2015\/07\/brevetto_hasler_800-300x225.jpg 300w, https:\/\/www.haslerbullets.com\/wp-content\/uploads\/2015\/07\/brevetto_hasler_800-624x468.jpg 624w, https:\/\/www.haslerbullets.com\/wp-content\/uploads\/2015\/07\/brevetto_hasler_800.jpg 800w\" sizes=\"auto, (max-width: 300px) 100vw, 300px\" \/> <a href=\"https:\/\/www.haslerbullets.com\/wp-content\/uploads\/2015\/07\/gelatina_balistica_655-300x225.jpg\"><img loading=\"lazy\" decoding=\"async\" class=\"alignleft size-medium wp-image-216\" src=\"https:\/\/www.haslerbullets.com\/wp-content\/uploads\/2015\/07\/gelatina_balistica_655-300x225.jpg\" alt=\"gelatina_balistica_655\" width=\"300\" height=\"225\" srcset=\"https:\/\/www.haslerbullets.com\/wp-content\/uploads\/2015\/07\/gelatina_balistica_655-300x225.jpg 300w, https:\/\/www.haslerbullets.com\/wp-content\/uploads\/2015\/07\/gelatina_balistica_655-624x469.jpg 624w, https:\/\/www.haslerbullets.com\/wp-content\/uploads\/2015\/07\/gelatina_balistica_655.jpg 655w\" sizes=\"auto, (max-width: 300px) 100vw, 300px\" \/><\/a>Die unterkalibrierte Kugel bietet einen weiteren grundlegenden Vorteil bei der Jagd, n\u00e4mlich die M\u00f6glichkeit, schnelle Treibmittel zu laden und auch bei kurzem Lauf eine hohe Pr\u00e4zision beizubehalten.<br \/>\nDaraus ergibt sich f\u00fcr den J\u00e4ger ein gr\u00f6\u00dferer Schie\u00dfkomfort und eine geringere Reibung am Laufinnenprofil. Die monolithischen Hasler Geschosse bieten mit ihrer typischen O-Ringstruktur einen exzellenten ballistischen Koeffizienten, der die Geschwindigkeit anhebt, und das bei gleichem Kaliber.<\/p>\n","protected":false},"excerpt":{"rendered":"<p>Geschoss H cal 7 (284) zu 127 grn BC 0,385 (50 pz)<\/p>\n","protected":false},"featured_media":4695,"template":"","meta":[],"product_brand":[],"product_cat":[82],"product_tag":[],"class_list":{"0":"post-3010","1":"product","2":"type-product","3":"status-publish","4":"has-post-thumbnail","6":"product_cat-hasler-hunting-2","7":"entry","8":"has-media","10":"first","11":"instock","12":"shipping-taxable","13":"purchasable","14":"product-type-simple"},"_links":{"self":[{"href":"https:\/\/www.haslerbullets.com\/de\/wp-json\/wp\/v2\/product\/3010","targetHints":{"allow":["GET"]}}],"collection":[{"href":"https:\/\/www.haslerbullets.com\/de\/wp-json\/wp\/v2\/product"}],"about":[{"href":"https:\/\/www.haslerbullets.com\/de\/wp-json\/wp\/v2\/types\/product"}],"wp:featuredmedia":[{"embeddable":true,"href":"https:\/\/www.haslerbullets.com\/de\/wp-json\/wp\/v2\/media\/4695"}],"wp:attachment":[{"href":"https:\/\/www.haslerbullets.com\/de\/wp-json\/wp\/v2\/media?parent=3010"}],"wp:term":[{"taxonomy":"product_brand","embeddable":true,"href":"https:\/\/www.haslerbullets.com\/de\/wp-json\/wp\/v2\/product_brand?post=3010"},{"taxonomy":"product_cat","embeddable":true,"href":"https:\/\/www.haslerbullets.com\/de\/wp-json\/wp\/v2\/product_cat?post=3010"},{"taxonomy":"product_tag","embeddable":true,"href":"https:\/\/www.haslerbullets.com\/de\/wp-json\/wp\/v2\/product_tag?post=3010"}],"curies":[{"name":"wp","href":"https:\/\/api.w.org\/{rel}","templated":true}]}}