{"id":3041,"date":"2015-07-09T22:00:22","date_gmt":"2015-07-09T20:00:22","guid":{"rendered":"https:\/\/www.haslerbullets.com\/shop\/senza%20categoria\/geschoss-s-cal-30-zu-154-grn-cb-0440-50pz\/"},"modified":"2022-04-01T23:00:21","modified_gmt":"2022-04-01T21:00:21","slug":"geschoss-s-cal-30-zu-154-grn-cb-0440","status":"publish","type":"product","link":"https:\/\/www.haslerbullets.com\/de\/shop\/hs-2017-de\/geschoss-s-cal-30-zu-154-grn-cb-0440\/","title":{"rendered":"Geschoss S cal 30 zu 154 grn BC 0,440 (100 STK)"},"content":{"rendered":"<p>Geschoss S cal 30 zu 154 grn BC 0,440 (100 STK)<\/p>\n<p>Diese Linie ist dem Sportschie\u00dfen an Schie\u00dfst\u00e4nden gewidmet. Es handelt sich um HPBT Geschosse.<\/p>\n","protected":false},"excerpt":{"rendered":"<p>Geschoss S cal 30 zu 154 grn BC 0,440 (100 STK)<\/p>\n","protected":false},"featured_media":4731,"template":"","meta":[],"product_brand":[],"product_cat":[85],"product_tag":[],"class_list":{"0":"post-3041","1":"product","2":"type-product","3":"status-publish","4":"has-post-thumbnail","6":"product_cat-hs-2017-de","7":"entry","8":"has-media","10":"first","11":"instock","12":"shipping-taxable","13":"purchasable","14":"product-type-simple"},"_links":{"self":[{"href":"https:\/\/www.haslerbullets.com\/de\/wp-json\/wp\/v2\/product\/3041","targetHints":{"allow":["GET"]}}],"collection":[{"href":"https:\/\/www.haslerbullets.com\/de\/wp-json\/wp\/v2\/product"}],"about":[{"href":"https:\/\/www.haslerbullets.com\/de\/wp-json\/wp\/v2\/types\/product"}],"wp:featuredmedia":[{"embeddable":true,"href":"https:\/\/www.haslerbullets.com\/de\/wp-json\/wp\/v2\/media\/4731"}],"wp:attachment":[{"href":"https:\/\/www.haslerbullets.com\/de\/wp-json\/wp\/v2\/media?parent=3041"}],"wp:term":[{"taxonomy":"product_brand","embeddable":true,"href":"https:\/\/www.haslerbullets.com\/de\/wp-json\/wp\/v2\/product_brand?post=3041"},{"taxonomy":"product_cat","embeddable":true,"href":"https:\/\/www.haslerbullets.com\/de\/wp-json\/wp\/v2\/product_cat?post=3041"},{"taxonomy":"product_tag","embeddable":true,"href":"https:\/\/www.haslerbullets.com\/de\/wp-json\/wp\/v2\/product_tag?post=3041"}],"curies":[{"name":"wp","href":"https:\/\/api.w.org\/{rel}","templated":true}]}}