{"id":4829,"date":"2019-08-14T15:21:36","date_gmt":"2019-08-14T13:21:36","guid":{"rendered":"https:\/\/www.haslerbullets.com\/de\/shop\/hunting-munition\/geschoss-ariete-cal-338-da-226-grn-30pz-copy-copy-copy-copy-copy-copy-copy-copy-copy-copy-copy-copy-copy-copy-copy\/"},"modified":"2026-02-26T17:54:31","modified_gmt":"2026-02-26T16:54:31","slug":"geschoss-ariete-cal-338-da-226-grn-30pz-copy-copy-copy-copy-copy-copy-copy-copy-copy-copy-copy-copy-copy-copy-copy","status":"publish","type":"product","link":"https:\/\/www.haslerbullets.com\/de\/shop\/hunting-munition\/geschoss-ariete-cal-338-da-226-grn-30pz-copy-copy-copy-copy-copy-copy-copy-copy-copy-copy-copy-copy-copy-copy-copy\/","title":{"rendered":"Hasler\u00ae 7 mm RM Hunting 9,4g \/ 145gr"},"content":{"rendered":"<p><strong>Hasler<\/strong>\u00ae<strong> 7 mm Rem. Mag. Hunting 9,4g \/ 145gr <\/strong><\/p>\n<p>Die 7 mm Rem. Mag. ist sehr pr\u00e4zise und \u00e4u\u00dferst effektiv, mit einer Ber\u00fchrungsbahn. Er eignet sich ideal f\u00fcr die Jagd auf G\u00e4mse oder Steinbocken sowie f\u00fcr mittelgro\u00dfe Bergziegen. Aber sie ist auch f\u00fcr gro\u00dfe Tiere geeignet, dank der gro\u00dfen Energie, die dieses Magnum-Kaliber garantiert. Sie ist auf Entfernungen \u00fcber 300 m wirksam.<\/p>\n<p>Die gew\u00e4hlte Kugel ist die 9,4g\/145gr Hasler\u00ae Hunting, die als kontrollierte Fragmentierung das Fleisch nicht \u00fcberm\u00e4\u00dfig besch\u00e4digt.<\/p>\n","protected":false},"excerpt":{"rendered":"<p>Material: <strong>BLEIFREIE KUPFERKUGEL<\/strong><\/p>\n<p>Charakter: <strong>KONTROLLIERTE ERWEITERUNGSKUGEL<\/strong><\/p>\n<p>Maserung: <strong>LEICHT<\/strong><\/p>\n<p>Stop-Effekt: <strong>GUT<\/strong><\/p>\n<p style=\"text-transform: uppercase; font-weight: bold; font-size: 18px; color: #ff0000;\">GEE \u2013 Geschwindigkeit \u2013 Energie<\/p>\n<table>\n<tbody>\n<tr>\n<td width=\"67\">Distance<\/td>\n<td width=\"48\">(m)<\/td>\n<td width=\"57\">0<\/td>\n<td width=\"47\">100<\/td>\n<td width=\"57\">200<\/td>\n<td width=\"57\">250<\/td>\n<td width=\"66\">300<\/td>\n<\/tr>\n<tr>\n<td width=\"67\">Velocity<\/td>\n<td width=\"48\">(m\/s)<\/td>\n<td width=\"57\">970<\/td>\n<td width=\"47\">895<\/td>\n<td width=\"57\">825<\/td>\n<td width=\"57\">795<\/td>\n<td width=\"66\">760<\/td>\n<\/tr>\n<tr>\n<td width=\"67\">Energy<\/td>\n<td width=\"48\">(J)<\/td>\n<td width=\"57\">4425<\/td>\n<td width=\"47\">3775<\/td>\n<td width=\"57\">3205<\/td>\n<td width=\"57\">2950<\/td>\n<td width=\"66\">2715<\/td>\n<\/tr>\n<tr>\n<td width=\"67\">+100m<\/td>\n<td width=\"48\">(cm)<\/td>\n<td width=\"57\"><\/td>\n<td width=\"47\">0<\/td>\n<td width=\"57\">-7,5<\/td>\n<td width=\"57\">-16,5<\/td>\n<td width=\"66\">-29<\/td>\n<\/tr>\n<tr>\n<td width=\"67\">+200m<\/td>\n<td width=\"48\">(cm)<\/td>\n<td width=\"57\"><\/td>\n<td width=\"47\">4<\/td>\n<td width=\"57\">0<\/td>\n<td width=\"57\">-7<\/td>\n<td width=\"66\">-18<\/td>\n<\/tr>\n<tr>\n<td width=\"67\">GEE+200<\/td>\n<td width=\"48\">(cm)<\/td>\n<td width=\"57\"><\/td>\n<td width=\"47\">3,6<\/td>\n<td width=\"57\">0<\/td>\n<td width=\"57\">-7<\/td>\n<td width=\"66\">-18<\/td>\n<\/tr>\n<\/tbody>\n<\/table>\n\n\t\t\t<!-- START affungamentohunting REVOLUTION SLIDER 6.7.37 --><p class=\"rs-p-wp-fix\"><\/p>\n\t\t\t<rs-module-wrap id=\"rev_slider_15_1_wrapper\" data-source=\"gallery\" data-aimg=\"\"  style=\"visibility:hidden;padding:0;margin:0px auto;margin-top:0;margin-bottom:0;\">\n\t\t\t\t<rs-module id=\"rev_slider_15_1\" style=\"\" data-version=\"6.7.37\">\n\t\t\t\t\t<rs-slides style=\"overflow: hidden; position: absolute;\">\n\t\t\t\t\t\t<rs-slide style=\"position: absolute;\" data-key=\"rs-36\" data-title=\"Slide\" data-anim=\"f:slidebased;\" data-in=\"prst:rndany;x:(100%);m:true;row:5;\">\n\t\t\t\t\t\t\t<img decoding=\"async\" src=\"\/\/www.haslerbullets.com\/wp-content\/plugins\/revslider\/sr6\/assets\/assets\/dummy.png\" alt=\"Slide\" title=\"Hasler\u00ae 7 mm RM Hunting 9,4g \/ 145gr\" class=\"rev-slidebg tp-rs-img rs-lazyload\" data-lazyload=\"\/\/www.haslerbullets.com\/wp-content\/plugins\/revslider\/sr6\/assets\/assets\/transparent.png\" data-no-retina>\n<!--\n\t\t\t\t\t\t\t--><rs-layer\n\t\t\t\t\t\t\t\tid=\"slider-15-slide-36-layer-1\" \n\t\t\t\t\t\t\t\tdata-type=\"image\"\n\t\t\t\t\t\t\t\tdata-rsp_ch=\"on\"\n\t\t\t\t\t\t\t\tdata-xy=\"x:23px;y:c;\"\n\t\t\t\t\t\t\t\tdata-dim=\"w:150;h:33;\"\n\t\t\t\t\t\t\t\tdata-frame_1=\"e:none;st:100;sp:500;\"\n\t\t\t\t\t\t\t\tdata-frame_999=\"e:nothing;st:1500;sp:500;\"\n\t\t\t\t\t\t\t\tstyle=\"z-index:5;\"\n\t\t\t\t\t\t\t><img decoding=\"async\" src=\"\/\/www.haslerbullets.com\/wp-content\/plugins\/revslider\/sr6\/assets\/assets\/dummy.png\" alt=\"\" class=\"tp-rs-img rs-lazyload\" width=\"150\" height=\"33\" data-lazyload=\"\/\/www.haslerbullets.com\/wp-content\/uploads\/2019\/08\/ogive-affungamenti-hunting-1.png\" data-no-retina> \n\t\t\t\t\t\t\t<\/rs-layer><!--\n\n\t\t\t\t\t\t\t--><rs-layer\n\t\t\t\t\t\t\t\tid=\"slider-15-slide-36-layer-2\" \n\t\t\t\t\t\t\t\tdata-type=\"image\"\n\t\t\t\t\t\t\t\tdata-rsp_ch=\"on\"\n\t\t\t\t\t\t\t\tdata-xy=\"x:c;xo:-222px;y:c;yo:4px;\"\n\t\t\t\t\t\t\t\tdata-dim=\"w:63;h:50;\"\n\t\t\t\t\t\t\t\tdata-frame_1=\"e:power1.in;st:300;sp:150;\"\n\t\t\t\t\t\t\t\tdata-frame_999=\"e:nothing;st:2450;sp:150;\"\n\t\t\t\t\t\t\t\tstyle=\"z-index:6;\"\n\t\t\t\t\t\t\t><img decoding=\"async\" src=\"\/\/www.haslerbullets.com\/wp-content\/plugins\/revslider\/sr6\/assets\/assets\/dummy.png\" alt=\"\" class=\"tp-rs-img rs-lazyload\" width=\"39\" height=\"31\" data-lazyload=\"\/\/www.haslerbullets.com\/wp-content\/uploads\/2019\/08\/ogive-affungamenti-hunting-2.png\" data-no-retina> \n\t\t\t\t\t\t\t<\/rs-layer><!--\n\n\t\t\t\t\t\t\t--><rs-layer\n\t\t\t\t\t\t\t\tid=\"slider-15-slide-36-layer-3\" \n\t\t\t\t\t\t\t\tdata-type=\"image\"\n\t\t\t\t\t\t\t\tdata-rsp_ch=\"on\"\n\t\t\t\t\t\t\t\tdata-xy=\"x:r;xo:542px;y:c;yo:2px;\"\n\t\t\t\t\t\t\t\tdata-dim=\"w:68;h:50;\"\n\t\t\t\t\t\t\t\tdata-frame_1=\"e:power1.in;st:500;sp:150;\"\n\t\t\t\t\t\t\t\tdata-frame_999=\"e:nothing;st:2400;\"\n\t\t\t\t\t\t\t\tstyle=\"z-index:7;\"\n\t\t\t\t\t\t\t><img decoding=\"async\" src=\"\/\/www.haslerbullets.com\/wp-content\/plugins\/revslider\/sr6\/assets\/assets\/dummy.png\" alt=\"\" class=\"tp-rs-img rs-lazyload\" width=\"42\" height=\"31\" data-lazyload=\"\/\/www.haslerbullets.com\/wp-content\/uploads\/2019\/08\/ogive-affungamenti-hunting-3.png\" data-no-retina> \n\t\t\t\t\t\t\t<\/rs-layer><!--\n\n\t\t\t\t\t\t\t--><rs-layer\n\t\t\t\t\t\t\t\tid=\"slider-15-slide-36-layer-4\" \n\t\t\t\t\t\t\t\tdata-type=\"image\"\n\t\t\t\t\t\t\t\tdata-rsp_ch=\"on\"\n\t\t\t\t\t\t\t\tdata-xy=\"x:689px;y:-2px;\"\n\t\t\t\t\t\t\t\tdata-dim=\"w:324;h:100;\"\n\t\t\t\t\t\t\t\tdata-frame_1=\"e:power1.in;st:0;\"\n\t\t\t\t\t\t\t\tdata-frame_999=\"e:nothing;st:w;\"\n\t\t\t\t\t\t\t\tstyle=\"z-index:8;\"\n\t\t\t\t\t\t\t><img decoding=\"async\" src=\"\/\/www.haslerbullets.com\/wp-content\/plugins\/revslider\/sr6\/assets\/assets\/dummy.png\" alt=\"\" class=\"tp-rs-img rs-lazyload\" width=\"324\" height=\"100\" data-lazyload=\"\/\/www.haslerbullets.com\/wp-content\/uploads\/2019\/07\/logo2019-300xHASLER_ADM-1.png\" data-no-retina> \n\t\t\t\t\t\t\t<\/rs-layer><!--\n\n\t\t\t\t\t\t\t--><rs-layer\n\t\t\t\t\t\t\t\tid=\"slider-15-slide-36-layer-5\" \n\t\t\t\t\t\t\t\tdata-type=\"image\"\n\t\t\t\t\t\t\t\tdata-rsp_ch=\"on\"\n\t\t\t\t\t\t\t\tdata-xy=\"x:180px;y:c;\"\n\t\t\t\t\t\t\t\tdata-dim=\"w:200;h:41;\"\n\t\t\t\t\t\t\t\tdata-frame_1=\"e:none;st:3000;sp:500;\"\n\t\t\t\t\t\t\t\tdata-frame_999=\"e:nothing;st:w;sp:500;\"\n\t\t\t\t\t\t\t\tstyle=\"z-index:9;\"\n\t\t\t\t\t\t\t><img decoding=\"async\" src=\"\/\/www.haslerbullets.com\/wp-content\/plugins\/revslider\/sr6\/assets\/assets\/dummy.png\" alt=\"\" class=\"tp-rs-img rs-lazyload\" width=\"150\" height=\"31\" data-lazyload=\"\/\/www.haslerbullets.com\/wp-content\/uploads\/2019\/05\/aff-ariete01.png\" data-no-retina> \n\t\t\t\t\t\t\t<\/rs-layer><!--\n-->\t\t\t\t\t<\/rs-slide>\n\t\t\t\t\t\t<rs-slide style=\"position: absolute;\" data-key=\"rs-361\" data-title=\"Slide\" data-anim=\"d:15;f:center;\" data-in=\"prst:rndany;o:0;sx:1.1;sy:1.1;m:true;row:30;col:30;\" data-out=\"a:false;\">\n\t\t\t\t\t\t\t<img decoding=\"async\" src=\"\/\/www.haslerbullets.com\/wp-content\/plugins\/revslider\/sr6\/assets\/assets\/dummy.png\" alt=\"\" title=\"Hasler\u00ae 7 mm RM Hunting 9,4g \/ 145gr\" class=\"rev-slidebg tp-rs-img rs-lazyload\" data-lazyload=\"\/\/www.haslerbullets.com\/wp-content\/plugins\/revslider\/sr6\/assets\/assets\/transparent.png\" data-no-retina>\n<!--\n\t\t\t\t\t\t\t--><rs-layer\n\t\t\t\t\t\t\t\tid=\"slider-15-slide-361-layer-1\" \n\t\t\t\t\t\t\t\tdata-type=\"image\"\n\t\t\t\t\t\t\t\tdata-rsp_ch=\"on\"\n\t\t\t\t\t\t\t\tdata-xy=\"x:23px;y:c;\"\n\t\t\t\t\t\t\t\tdata-dim=\"w:150;h:33;\"\n\t\t\t\t\t\t\t\tdata-frame_1=\"e:none;st:100;sp:500;\"\n\t\t\t\t\t\t\t\tdata-frame_999=\"e:nothing;st:1500;sp:500;\"\n\t\t\t\t\t\t\t\tstyle=\"z-index:5;\"\n\t\t\t\t\t\t\t><img decoding=\"async\" src=\"\/\/www.haslerbullets.com\/wp-content\/plugins\/revslider\/sr6\/assets\/assets\/dummy.png\" alt=\"\" class=\"tp-rs-img rs-lazyload\" width=\"150\" height=\"33\" data-lazyload=\"\/\/www.haslerbullets.com\/wp-content\/uploads\/2019\/08\/ogive-affungamenti-hunting-1.png\" data-no-retina> \n\t\t\t\t\t\t\t<\/rs-layer><!--\n\n\t\t\t\t\t\t\t--><rs-layer\n\t\t\t\t\t\t\t\tid=\"slider-15-slide-361-layer-2\" \n\t\t\t\t\t\t\t\tdata-type=\"image\"\n\t\t\t\t\t\t\t\tdata-rsp_ch=\"on\"\n\t\t\t\t\t\t\t\tdata-xy=\"x:c;xo:-222px;y:c;yo:4px;\"\n\t\t\t\t\t\t\t\tdata-dim=\"w:63;h:50;\"\n\t\t\t\t\t\t\t\tdata-frame_1=\"e:power1.in;st:300;sp:150;\"\n\t\t\t\t\t\t\t\tdata-frame_999=\"e:nothing;st:2450;sp:150;\"\n\t\t\t\t\t\t\t\tstyle=\"z-index:6;\"\n\t\t\t\t\t\t\t><img decoding=\"async\" src=\"\/\/www.haslerbullets.com\/wp-content\/plugins\/revslider\/sr6\/assets\/assets\/dummy.png\" alt=\"\" class=\"tp-rs-img rs-lazyload\" width=\"39\" height=\"31\" data-lazyload=\"\/\/www.haslerbullets.com\/wp-content\/uploads\/2019\/08\/ogive-affungamenti-hunting-2.png\" data-no-retina> \n\t\t\t\t\t\t\t<\/rs-layer><!--\n\n\t\t\t\t\t\t\t--><rs-layer\n\t\t\t\t\t\t\t\tid=\"slider-15-slide-361-layer-3\" \n\t\t\t\t\t\t\t\tdata-type=\"image\"\n\t\t\t\t\t\t\t\tdata-rsp_ch=\"on\"\n\t\t\t\t\t\t\t\tdata-xy=\"x:r;xo:542px;y:c;yo:2px;\"\n\t\t\t\t\t\t\t\tdata-dim=\"w:68;h:50;\"\n\t\t\t\t\t\t\t\tdata-frame_1=\"e:power1.in;st:500;sp:150;\"\n\t\t\t\t\t\t\t\tdata-frame_999=\"e:nothing;st:2400;\"\n\t\t\t\t\t\t\t\tstyle=\"z-index:7;\"\n\t\t\t\t\t\t\t><img decoding=\"async\" src=\"\/\/www.haslerbullets.com\/wp-content\/plugins\/revslider\/sr6\/assets\/assets\/dummy.png\" alt=\"\" class=\"tp-rs-img rs-lazyload\" width=\"42\" height=\"31\" data-lazyload=\"\/\/www.haslerbullets.com\/wp-content\/uploads\/2019\/08\/ogive-affungamenti-hunting-3.png\" data-no-retina> \n\t\t\t\t\t\t\t<\/rs-layer><!--\n\n\t\t\t\t\t\t\t--><rs-layer\n\t\t\t\t\t\t\t\tid=\"slider-15-slide-361-layer-4\" \n\t\t\t\t\t\t\t\tdata-type=\"image\"\n\t\t\t\t\t\t\t\tdata-rsp_ch=\"on\"\n\t\t\t\t\t\t\t\tdata-xy=\"x:689px;y:-2px;\"\n\t\t\t\t\t\t\t\tdata-dim=\"w:324;h:100;\"\n\t\t\t\t\t\t\t\tdata-frame_1=\"e:power1.in;st:0;\"\n\t\t\t\t\t\t\t\tdata-frame_999=\"e:nothing;st:w;\"\n\t\t\t\t\t\t\t\tstyle=\"z-index:8;\"\n\t\t\t\t\t\t\t><img decoding=\"async\" src=\"\/\/www.haslerbullets.com\/wp-content\/plugins\/revslider\/sr6\/assets\/assets\/dummy.png\" alt=\"\" class=\"tp-rs-img rs-lazyload\" width=\"324\" height=\"100\" data-lazyload=\"\/\/www.haslerbullets.com\/wp-content\/uploads\/2019\/07\/logo2019-300xHASLER_ADM-1.png\" data-no-retina> \n\t\t\t\t\t\t\t<\/rs-layer><!--\n\n\t\t\t\t\t\t\t--><rs-layer\n\t\t\t\t\t\t\t\tid=\"slider-15-slide-361-layer-5\" \n\t\t\t\t\t\t\t\tdata-type=\"image\"\n\t\t\t\t\t\t\t\tdata-rsp_ch=\"on\"\n\t\t\t\t\t\t\t\tdata-xy=\"x:180px;y:c;\"\n\t\t\t\t\t\t\t\tdata-dim=\"w:200;h:41;\"\n\t\t\t\t\t\t\t\tdata-frame_1=\"e:none;st:3000;sp:500;\"\n\t\t\t\t\t\t\t\tdata-frame_999=\"e:nothing;st:w;sp:500;\"\n\t\t\t\t\t\t\t\tstyle=\"z-index:9;\"\n\t\t\t\t\t\t\t><img decoding=\"async\" src=\"\/\/www.haslerbullets.com\/wp-content\/plugins\/revslider\/sr6\/assets\/assets\/dummy.png\" alt=\"\" class=\"tp-rs-img rs-lazyload\" width=\"150\" height=\"31\" data-lazyload=\"\/\/www.haslerbullets.com\/wp-content\/uploads\/2019\/05\/aff-ariete01.png\" data-no-retina> \n\t\t\t\t\t\t\t<\/rs-layer><!--\n-->\t\t\t\t\t<\/rs-slide>\n\t\t\t\t\t<\/rs-slides>\n\t\t\t\t<\/rs-module>\n\t\t\t\t<script>\n\t\t\t\t\tsetREVStartSize({c: 'rev_slider_15_1',rl:[1240,1024,778,480],el:[],gw:[1100],gh:[100],type:'standard',justify:'',layout:'fullwidth',mh:\"0\"});if (window.RS_MODULES!==undefined && window.RS_MODULES.modules!==undefined && window.RS_MODULES.modules[\"revslider151\"]!==undefined) {window.RS_MODULES.modules[\"revslider151\"].once = false;window.revapi15 = undefined;if (window.RS_MODULES.checkMinimal!==undefined) window.RS_MODULES.checkMinimal()}\n\t\t\t\t<\/script>\n\t\t\t<\/rs-module-wrap>\n\t\t\t<!-- END REVOLUTION SLIDER -->\n\n","protected":false},"featured_media":4884,"template":"","meta":[],"product_brand":[],"product_cat":[152],"product_tag":[],"class_list":{"0":"post-4829","1":"product","2":"type-product","3":"status-publish","4":"has-post-thumbnail","6":"product_cat-hunting-munition","7":"entry","8":"has-media","10":"first","11":"outofstock","12":"shipping-taxable","13":"product-type-simple"},"_links":{"self":[{"href":"https:\/\/www.haslerbullets.com\/de\/wp-json\/wp\/v2\/product\/4829","targetHints":{"allow":["GET"]}}],"collection":[{"href":"https:\/\/www.haslerbullets.com\/de\/wp-json\/wp\/v2\/product"}],"about":[{"href":"https:\/\/www.haslerbullets.com\/de\/wp-json\/wp\/v2\/types\/product"}],"wp:featuredmedia":[{"embeddable":true,"href":"https:\/\/www.haslerbullets.com\/de\/wp-json\/wp\/v2\/media\/4884"}],"wp:attachment":[{"href":"https:\/\/www.haslerbullets.com\/de\/wp-json\/wp\/v2\/media?parent=4829"}],"wp:term":[{"taxonomy":"product_brand","embeddable":true,"href":"https:\/\/www.haslerbullets.com\/de\/wp-json\/wp\/v2\/product_brand?post=4829"},{"taxonomy":"product_cat","embeddable":true,"href":"https:\/\/www.haslerbullets.com\/de\/wp-json\/wp\/v2\/product_cat?post=4829"},{"taxonomy":"product_tag","embeddable":true,"href":"https:\/\/www.haslerbullets.com\/de\/wp-json\/wp\/v2\/product_tag?post=4829"}],"curies":[{"name":"wp","href":"https:\/\/api.w.org\/{rel}","templated":true}]}}