{"id":7678,"date":"2015-07-07T12:00:53","date_gmt":"2015-07-07T10:00:53","guid":{"rendered":"https:\/\/www.haslerbullets.com\/?post_type=product&#038;p=7678"},"modified":"2026-02-10T14:14:43","modified_gmt":"2026-02-10T13:14:43","slug":"ariete-ogive-std-cal-103-von-210-grn-cb-0240-40-stuck-copia","status":"publish","type":"product","link":"https:\/\/www.haslerbullets.com\/de\/shop\/hasler-ariete\/ariete-ogive-std-cal-103-von-210-grn-cb-0240-40-stuck-copia\/","title":{"rendered":"Ariete PLUS Wishbone Kaliber 10,3 von 210 grn CB 0,240 (40 St\u00fcck)"},"content":{"rendered":"<p>Ariete PLUS Wishbone Cal. 10,3 von 210 grn CB 0,240 (40 PC)<br \/>\nDie PLUS-Linie 10.3 verf\u00fcgt zwar ebenfalls \u00fcber eine Expansionswirkung, bevorzugt aber gegen\u00fcber der STANDARD-Linie die Eigenschaft der Endwirkung, weshalb sie besser f\u00fcr gro\u00dfe Tiere geeignet ist.<\/p>\n","protected":false},"excerpt":{"rendered":"<p>Ariete PLUS Wishbone Kaliber 10,3 von 210 grn CB 0,240 (40 st\u00fcck)<\/p>\n","protected":false},"featured_media":7700,"template":"","meta":[],"product_brand":[],"product_cat":[83],"product_tag":[],"class_list":{"0":"post-7678","1":"product","2":"type-product","3":"status-publish","4":"has-post-thumbnail","6":"product_cat-hasler-ariete","7":"entry","8":"has-media","10":"first","11":"instock","12":"shipping-taxable","13":"purchasable","14":"product-type-simple"},"_links":{"self":[{"href":"https:\/\/www.haslerbullets.com\/de\/wp-json\/wp\/v2\/product\/7678","targetHints":{"allow":["GET"]}}],"collection":[{"href":"https:\/\/www.haslerbullets.com\/de\/wp-json\/wp\/v2\/product"}],"about":[{"href":"https:\/\/www.haslerbullets.com\/de\/wp-json\/wp\/v2\/types\/product"}],"wp:featuredmedia":[{"embeddable":true,"href":"https:\/\/www.haslerbullets.com\/de\/wp-json\/wp\/v2\/media\/7700"}],"wp:attachment":[{"href":"https:\/\/www.haslerbullets.com\/de\/wp-json\/wp\/v2\/media?parent=7678"}],"wp:term":[{"taxonomy":"product_brand","embeddable":true,"href":"https:\/\/www.haslerbullets.com\/de\/wp-json\/wp\/v2\/product_brand?post=7678"},{"taxonomy":"product_cat","embeddable":true,"href":"https:\/\/www.haslerbullets.com\/de\/wp-json\/wp\/v2\/product_cat?post=7678"},{"taxonomy":"product_tag","embeddable":true,"href":"https:\/\/www.haslerbullets.com\/de\/wp-json\/wp\/v2\/product_tag?post=7678"}],"curies":[{"name":"wp","href":"https:\/\/api.w.org\/{rel}","templated":true}]}}