{"id":8026,"date":"2026-03-20T22:00:19","date_gmt":"2026-03-20T21:00:19","guid":{"rendered":"https:\/\/www.haslerbullets.com\/shop\/unkategorisiert\/hasler-7x64-ariete-81g-125gr\/"},"modified":"2026-02-26T09:07:47","modified_gmt":"2026-02-26T08:07:47","slug":"hasler-7x64-ariete-81g-125gr","status":"publish","type":"product","link":"https:\/\/www.haslerbullets.com\/de\/shop\/ariete-munition\/hasler-7x64-ariete-81g-125gr\/","title":{"rendered":"Hasler\u00ae 7&#215;64 Ram 8,1g \/ 125gr"},"content":{"rendered":"<p><strong>Hasler<\/strong>\u00ae<strong> 7&#215;64 Ram 8,1g \/ 125gr<\/strong><\/p>\n<p>Die 7&#215;64 ist das typische mitteleurop\u00e4ische Universalkaliber. Er kann sowohl in den Bergen als auch auf kurzen Jagdstrecken im Wald eingesetzt werden. Sehr geeignet f\u00fcr mittelgro\u00dfe und gro\u00dfe Huftiere wie G\u00e4mse, Steinbock und Wildziegen. Die gew\u00e4hlte Kugel ist die 8,1g\/125gr Hasler\u00ae Ariete.   <\/p>\n<p>&nbsp;<\/p>\n<p>&nbsp;<\/p>\n<p>&nbsp;<\/p>\n<p><strong>STRUKTUR DER HASLER-KUGEL<\/strong><br \/>\n<img loading=\"lazy\" decoding=\"async\" style=\"float: left; margin-right: 30px; clear: both;\" src=\"https:\/\/www.haslerbullets.com\/wp-content\/uploads\/2019\/04\/Struttura-palla-Hasler.png\" alt=\"\" width=\"400\" height=\"300\"><\/p>\n<ol>\n<li>POLYMER-FUSSKAPPE F\u00dcR ERH\u00d6HTEN BALLISTISCHEN KOEFFIZIENTEN<\/li>\n<li>1. BREITERES LOCH F\u00dcR SCHNELLE AUSDEHNUNG<\/li>\n<li>ZWEITES SCHMALERES LOCH F\u00dcR MAXIMALE ENERGIEFREIGABE AM ZIEL BIS ZUM VOLLST\u00c4NDIGEN SINKEN<\/li>\n<li>FORCING RINGS ODER CROWNS, DIE EINE BESSERE HAFTUNG IN DEN FESTEN UND HOHLR\u00c4UMEN DER Z\u00dcGE MIT ST\u00c4RKERER DRUCKRETENTION GEW\u00c4HRLEISTEN<\/li>\n<li>UNTERKALIBRIERTES TEIL OHNE JEGLICHE REIBUNG IM LAUF, WODURCH DIE RINGE MIT VOLLER DRUCKFESTIGKEIT ZUR\u00dcCKBLEIBEN<\/li>\n<li>DER ZENTRIERUNGSRING ERLEICHTERT DAS KOAXIALE EINGREIFEN IM LAUF UND ERM\u00d6GLICHT ES, DEN AERODYNAMISCHEN SCHWERPUNKT EINZUZIEHEN, WAS DIE PR\u00c4ZISION ERH\u00d6HT<\/li>\n<li>4 SCHARFKANTIGE EINSCHNITTE (BRUCHPRIMER) BEREITEN DIE \u00d6FFNUNG DER BL\u00dcTENBL\u00c4TTER VOR (PATENT) UND ERREICHEN EINEN EINZIGARTIGEN DURCHMESSER IHRER ART<\/li>\n<\/ol>\n","protected":false},"excerpt":{"rendered":"<p>Material: <strong>BLEIFREIE KUPFERKUGEL<\/strong><\/p>\n<p>Charakter: <strong>KONTROLLIERTE ERWEITERUNGSKUGEL<\/strong><\/p>\n<p>Maserung: <strong>LEICHT<\/strong><\/p>\n<p>Stop-Effekt: <strong>GUT<\/strong><\/p>\n<p style=\"text-transform: uppercase; font-weight: bold; font-size: 18px; color: #ff0000;\">GEE \u2013 Geschwindigkeit \u2013 Energie<\/p>\n<table>\n<tbody>\n<tr>\n<td width=\"67\">Entfernung<\/td>\n<td width=\"48\">(m)<\/td>\n<td width=\"57\">0<\/td>\n<td width=\"47\">100<\/td>\n<td width=\"57\">200<\/td>\n<td width=\"57\">250<\/td>\n<td width=\"66\">300<\/td>\n<\/tr>\n<tr>\n<td width=\"67\">Geschwindigkeit<\/td>\n<td width=\"48\">(m\/s)<\/td>\n<td width=\"57\">946<\/td>\n<td width=\"47\">860<\/td>\n<td width=\"57\">780<\/td>\n<td width=\"57\">740<\/td>\n<td width=\"66\">705<\/td>\n<\/tr>\n<tr>\n<td width=\"67\">Energie<\/td>\n<td width=\"48\">(J)<\/td>\n<td width=\"57\">3600<\/td>\n<td width=\"47\">2970<\/td>\n<td width=\"57\">2435<\/td>\n<td width=\"57\">2195<\/td>\n<td width=\"66\">1975<\/td>\n<\/tr>\n<tr>\n<td width=\"67\">+100 m<\/td>\n<td width=\"48\">(cm)<\/td>\n<td width=\"57\"><\/td>\n<td width=\"47\">0<\/td>\n<td width=\"57\">-8,5<\/td>\n<td width=\"57\">-18,5<\/td>\n<td width=\"66\">-33<\/td>\n<\/tr>\n<tr>\n<td width=\"67\">+200 m<\/td>\n<td width=\"48\">(cm)<\/td>\n<td width=\"57\"><\/td>\n<td width=\"47\">4,2<\/td>\n<td width=\"57\">0<\/td>\n<td width=\"57\">-8<\/td>\n<td width=\"66\">-20,5<\/td>\n<\/tr>\n<tr>\n<td width=\"67\">GEE+193<\/td>\n<td width=\"48\">(cm)<\/td>\n<td width=\"57\"><\/td>\n<td width=\"47\">4<\/td>\n<td width=\"57\">-1<\/td>\n<td width=\"57\">-9<\/td>\n<td width=\"66\">-21,5<\/td>\n<\/tr>\n<\/tbody>\n<\/table>\n\n\t\t\t<!-- START arietetrasp REVOLUTION SLIDER 6.7.37 --><p class=\"rs-p-wp-fix\"><\/p>\n\t\t\t<rs-module-wrap id=\"rev_slider_8_1_wrapper\" data-source=\"gallery\" data-aimg=\"\"  style=\"visibility:hidden;padding:0;margin:0px auto;margin-top:0;margin-bottom:0;\">\n\t\t\t\t<rs-module id=\"rev_slider_8_1\" style=\"\" data-version=\"6.7.37\">\n\t\t\t\t\t<rs-slides style=\"overflow: hidden; position: absolute;\">\n\t\t\t\t\t\t<rs-slide style=\"position: absolute;\" data-key=\"rs-29\" data-title=\"Slide\" data-anim=\"d:10;ms:910;f:center;\" data-in=\"prst:rndany;o:0;x:cyc(-10|10);y:cyc(-10|10);sx:4;sy:4;row:20;col:20;\">\n\t\t\t\t\t\t\t<img decoding=\"async\" src=\"\/\/www.haslerbullets.com\/wp-content\/plugins\/revslider\/sr6\/assets\/assets\/dummy.png\" alt=\"Slide\" title=\"Hasler\u00ae 7&#215;64 Ram 8,1g \/ 125gr\" class=\"rev-slidebg tp-rs-img rs-lazyload\" data-lazyload=\"\/\/www.haslerbullets.com\/wp-content\/plugins\/revslider\/sr6\/assets\/assets\/transparent.png\" data-no-retina>\n<!--\n\t\t\t\t\t\t\t--><rs-layer\n\t\t\t\t\t\t\t\tid=\"slider-8-slide-29-layer-1\" \n\t\t\t\t\t\t\t\tdata-type=\"image\"\n\t\t\t\t\t\t\t\tdata-rsp_ch=\"on\"\n\t\t\t\t\t\t\t\tdata-xy=\"x:23px;y:c;\"\n\t\t\t\t\t\t\t\tdata-dim=\"w:175;h:36;\"\n\t\t\t\t\t\t\t\tdata-frame_1=\"e:none;st:100;sp:500;\"\n\t\t\t\t\t\t\t\tdata-frame_999=\"e:nothing;st:1500;sp:500;\"\n\t\t\t\t\t\t\t\tstyle=\"z-index:5;\"\n\t\t\t\t\t\t\t><img decoding=\"async\" src=\"\/\/www.haslerbullets.com\/wp-content\/plugins\/revslider\/sr6\/assets\/assets\/dummy.png\" alt=\"\" class=\"tp-rs-img rs-lazyload\" width=\"150\" height=\"31\" data-lazyload=\"\/\/www.haslerbullets.com\/wp-content\/uploads\/2019\/05\/aff-ariete01.png\" data-no-retina> \n\t\t\t\t\t\t\t<\/rs-layer><!--\n\n\t\t\t\t\t\t\t--><rs-layer\n\t\t\t\t\t\t\t\tid=\"slider-8-slide-29-layer-2\" \n\t\t\t\t\t\t\t\tdata-type=\"image\"\n\t\t\t\t\t\t\t\tdata-rsp_ch=\"on\"\n\t\t\t\t\t\t\t\tdata-xy=\"x:c;xo:-269px;y:c;yo:2px;\"\n\t\t\t\t\t\t\t\tdata-dim=\"w:73;h:36;\"\n\t\t\t\t\t\t\t\tdata-frame_1=\"e:power1.in;st:300;sp:150;\"\n\t\t\t\t\t\t\t\tdata-frame_999=\"e:nothing;st:2450;sp:150;\"\n\t\t\t\t\t\t\t\tstyle=\"z-index:6;\"\n\t\t\t\t\t\t\t><img decoding=\"async\" src=\"\/\/www.haslerbullets.com\/wp-content\/plugins\/revslider\/sr6\/assets\/assets\/dummy.png\" alt=\"\" class=\"tp-rs-img rs-lazyload\" width=\"63\" height=\"31\" data-lazyload=\"\/\/www.haslerbullets.com\/wp-content\/uploads\/2019\/05\/aff-ariete02.png\" data-no-retina> \n\t\t\t\t\t\t\t<\/rs-layer><!--\n\n\t\t\t\t\t\t\t--><rs-layer\n\t\t\t\t\t\t\t\tid=\"slider-8-slide-29-layer-3\" \n\t\t\t\t\t\t\t\tdata-type=\"image\"\n\t\t\t\t\t\t\t\tdata-rsp_ch=\"on\"\n\t\t\t\t\t\t\t\tdata-xy=\"x:r;xo:640px;y:c;yo:2px;\"\n\t\t\t\t\t\t\t\tdata-dim=\"w:103;h:60;\"\n\t\t\t\t\t\t\t\tdata-frame_1=\"e:power1.in;st:500;sp:150;\"\n\t\t\t\t\t\t\t\tdata-frame_999=\"e:nothing;st:2400;\"\n\t\t\t\t\t\t\t\tstyle=\"z-index:7;\"\n\t\t\t\t\t\t\t><img decoding=\"async\" src=\"\/\/www.haslerbullets.com\/wp-content\/plugins\/revslider\/sr6\/assets\/assets\/dummy.png\" alt=\"\" class=\"tp-rs-img rs-lazyload\" width=\"86\" height=\"50\" data-lazyload=\"\/\/www.haslerbullets.com\/wp-content\/uploads\/2019\/05\/aff-ariete03.png\" data-no-retina> \n\t\t\t\t\t\t\t<\/rs-layer><!--\n\n\t\t\t\t\t\t\t--><rs-layer\n\t\t\t\t\t\t\t\tid=\"slider-8-slide-29-layer-4\" \n\t\t\t\t\t\t\t\tdata-type=\"image\"\n\t\t\t\t\t\t\t\tdata-rsp_ch=\"on\"\n\t\t\t\t\t\t\t\tdata-xy=\"x:689px;y:-2px;\"\n\t\t\t\t\t\t\t\tdata-dim=\"w:324;h:100;\"\n\t\t\t\t\t\t\t\tdata-frame_1=\"e:power1.in;st:0;\"\n\t\t\t\t\t\t\t\tdata-frame_999=\"e:nothing;st:w;\"\n\t\t\t\t\t\t\t\tstyle=\"z-index:8;\"\n\t\t\t\t\t\t\t><img decoding=\"async\" src=\"\/\/www.haslerbullets.com\/wp-content\/plugins\/revslider\/sr6\/assets\/assets\/dummy.png\" alt=\"\" class=\"tp-rs-img rs-lazyload\" width=\"324\" height=\"100\" data-lazyload=\"\/\/www.haslerbullets.com\/wp-content\/uploads\/2019\/07\/logo2019-300xHASLER_ADM-1.png\" data-no-retina> \n\t\t\t\t\t\t\t<\/rs-layer><!--\n\n\t\t\t\t\t\t\t--><rs-layer\n\t\t\t\t\t\t\t\tid=\"slider-8-slide-29-layer-5\" \n\t\t\t\t\t\t\t\tdata-type=\"image\"\n\t\t\t\t\t\t\t\tdata-rsp_ch=\"on\"\n\t\t\t\t\t\t\t\tdata-xy=\"x:460px;y:31px;\"\n\t\t\t\t\t\t\t\tdata-dim=\"w:150;h:36;\"\n\t\t\t\t\t\t\t\tdata-frame_1=\"e:none;st:2900;\"\n\t\t\t\t\t\t\t\tdata-frame_999=\"st:w;auto:true;\"\n\t\t\t\t\t\t\t\tstyle=\"z-index:9;\"\n\t\t\t\t\t\t\t><img decoding=\"async\" src=\"\/\/www.haslerbullets.com\/wp-content\/plugins\/revslider\/sr6\/assets\/assets\/dummy.png\" alt=\"\" class=\"tp-rs-img rs-lazyload\" width=\"232\" height=\"50\" data-lazyload=\"\/\/www.haslerbullets.com\/wp-content\/uploads\/2019\/05\/logo_ariete2019.png\" data-no-retina> \n\t\t\t\t\t\t\t<\/rs-layer><!--\n\n\t\t\t\t\t\t\t--><rs-layer\n\t\t\t\t\t\t\t\tid=\"slider-8-slide-29-layer-6\" \n\t\t\t\t\t\t\t\tdata-type=\"image\"\n\t\t\t\t\t\t\t\tdata-rsp_ch=\"on\"\n\t\t\t\t\t\t\t\tdata-xy=\"x:129px;y:c;yo:4px;\"\n\t\t\t\t\t\t\t\tdata-dim=\"w:200;h:41;\"\n\t\t\t\t\t\t\t\tdata-frame_1=\"e:none;st:3000;sp:500;\"\n\t\t\t\t\t\t\t\tdata-frame_999=\"e:nothing;st:w;sp:500;\"\n\t\t\t\t\t\t\t\tstyle=\"z-index:10;\"\n\t\t\t\t\t\t\t><img decoding=\"async\" src=\"\/\/www.haslerbullets.com\/wp-content\/plugins\/revslider\/sr6\/assets\/assets\/dummy.png\" alt=\"\" class=\"tp-rs-img rs-lazyload\" width=\"150\" height=\"31\" data-lazyload=\"\/\/www.haslerbullets.com\/wp-content\/uploads\/2019\/05\/aff-ariete01.png\" data-no-retina> \n\t\t\t\t\t\t\t<\/rs-layer><!--\n-->\t\t\t\t\t<\/rs-slide>\n\t\t\t\t\t\t<rs-slide style=\"position: absolute;\" data-key=\"rs-291\" data-title=\"Slide\" data-anim=\"d:20;ms:1300;f:slidebased;\" data-in=\"prst:rndany;o:0;x:ran(-20|20);y:ran(-20|20);r:120;sx:10;sy:10;e:expo.inOut;row:5;col:5;\" data-out=\"a:false;\">\n\t\t\t\t\t\t\t<img decoding=\"async\" src=\"\/\/www.haslerbullets.com\/wp-content\/plugins\/revslider\/sr6\/assets\/assets\/dummy.png\" alt=\"\" title=\"Hasler\u00ae 7&#215;64 Ram 8,1g \/ 125gr\" class=\"rev-slidebg tp-rs-img rs-lazyload\" data-lazyload=\"\/\/www.haslerbullets.com\/wp-content\/plugins\/revslider\/sr6\/assets\/assets\/transparent.png\" data-no-retina>\n<!--\n\t\t\t\t\t\t\t--><rs-layer\n\t\t\t\t\t\t\t\tid=\"slider-8-slide-291-layer-1\" \n\t\t\t\t\t\t\t\tdata-type=\"image\"\n\t\t\t\t\t\t\t\tdata-rsp_ch=\"on\"\n\t\t\t\t\t\t\t\tdata-xy=\"x:23px;y:c;\"\n\t\t\t\t\t\t\t\tdata-dim=\"w:175;h:36;\"\n\t\t\t\t\t\t\t\tdata-frame_1=\"e:none;st:100;sp:500;\"\n\t\t\t\t\t\t\t\tdata-frame_999=\"e:nothing;st:1500;sp:500;\"\n\t\t\t\t\t\t\t\tstyle=\"z-index:5;\"\n\t\t\t\t\t\t\t><img decoding=\"async\" src=\"\/\/www.haslerbullets.com\/wp-content\/plugins\/revslider\/sr6\/assets\/assets\/dummy.png\" alt=\"\" class=\"tp-rs-img rs-lazyload\" width=\"150\" height=\"31\" data-lazyload=\"\/\/www.haslerbullets.com\/wp-content\/uploads\/2019\/05\/aff-ariete01.png\" data-no-retina> \n\t\t\t\t\t\t\t<\/rs-layer><!--\n\n\t\t\t\t\t\t\t--><rs-layer\n\t\t\t\t\t\t\t\tid=\"slider-8-slide-291-layer-2\" \n\t\t\t\t\t\t\t\tdata-type=\"image\"\n\t\t\t\t\t\t\t\tdata-rsp_ch=\"on\"\n\t\t\t\t\t\t\t\tdata-xy=\"x:c;xo:-269px;y:c;yo:2px;\"\n\t\t\t\t\t\t\t\tdata-dim=\"w:73;h:36;\"\n\t\t\t\t\t\t\t\tdata-frame_1=\"e:power1.in;st:300;sp:150;\"\n\t\t\t\t\t\t\t\tdata-frame_999=\"e:nothing;st:2450;sp:150;\"\n\t\t\t\t\t\t\t\tstyle=\"z-index:6;\"\n\t\t\t\t\t\t\t><img decoding=\"async\" src=\"\/\/www.haslerbullets.com\/wp-content\/plugins\/revslider\/sr6\/assets\/assets\/dummy.png\" alt=\"\" class=\"tp-rs-img rs-lazyload\" width=\"63\" height=\"31\" data-lazyload=\"\/\/www.haslerbullets.com\/wp-content\/uploads\/2019\/05\/aff-ariete02.png\" data-no-retina> \n\t\t\t\t\t\t\t<\/rs-layer><!--\n\n\t\t\t\t\t\t\t--><rs-layer\n\t\t\t\t\t\t\t\tid=\"slider-8-slide-291-layer-3\" \n\t\t\t\t\t\t\t\tdata-type=\"image\"\n\t\t\t\t\t\t\t\tdata-rsp_ch=\"on\"\n\t\t\t\t\t\t\t\tdata-xy=\"x:r;xo:640px;y:c;yo:2px;\"\n\t\t\t\t\t\t\t\tdata-dim=\"w:103;h:60;\"\n\t\t\t\t\t\t\t\tdata-frame_1=\"e:power1.in;st:500;sp:150;\"\n\t\t\t\t\t\t\t\tdata-frame_999=\"e:nothing;st:2400;\"\n\t\t\t\t\t\t\t\tstyle=\"z-index:7;\"\n\t\t\t\t\t\t\t><img decoding=\"async\" src=\"\/\/www.haslerbullets.com\/wp-content\/plugins\/revslider\/sr6\/assets\/assets\/dummy.png\" alt=\"\" class=\"tp-rs-img rs-lazyload\" width=\"86\" height=\"50\" data-lazyload=\"\/\/www.haslerbullets.com\/wp-content\/uploads\/2019\/05\/aff-ariete03.png\" data-no-retina> \n\t\t\t\t\t\t\t<\/rs-layer><!--\n\n\t\t\t\t\t\t\t--><rs-layer\n\t\t\t\t\t\t\t\tid=\"slider-8-slide-291-layer-4\" \n\t\t\t\t\t\t\t\tdata-type=\"image\"\n\t\t\t\t\t\t\t\tdata-rsp_ch=\"on\"\n\t\t\t\t\t\t\t\tdata-xy=\"x:689px;y:-2px;\"\n\t\t\t\t\t\t\t\tdata-dim=\"w:324;h:100;\"\n\t\t\t\t\t\t\t\tdata-frame_1=\"e:power1.in;st:0;\"\n\t\t\t\t\t\t\t\tdata-frame_999=\"e:nothing;st:w;\"\n\t\t\t\t\t\t\t\tstyle=\"z-index:8;\"\n\t\t\t\t\t\t\t><img decoding=\"async\" src=\"\/\/www.haslerbullets.com\/wp-content\/plugins\/revslider\/sr6\/assets\/assets\/dummy.png\" alt=\"\" class=\"tp-rs-img rs-lazyload\" width=\"324\" height=\"100\" data-lazyload=\"\/\/www.haslerbullets.com\/wp-content\/uploads\/2019\/07\/logo2019-300xHASLER_ADM-1.png\" data-no-retina> \n\t\t\t\t\t\t\t<\/rs-layer><!--\n\n\t\t\t\t\t\t\t--><rs-layer\n\t\t\t\t\t\t\t\tid=\"slider-8-slide-291-layer-5\" \n\t\t\t\t\t\t\t\tdata-type=\"image\"\n\t\t\t\t\t\t\t\tdata-rsp_ch=\"on\"\n\t\t\t\t\t\t\t\tdata-xy=\"x:460px;y:31px;\"\n\t\t\t\t\t\t\t\tdata-dim=\"w:150;h:36;\"\n\t\t\t\t\t\t\t\tdata-frame_1=\"e:none;st:2900;\"\n\t\t\t\t\t\t\t\tdata-frame_999=\"st:w;auto:true;\"\n\t\t\t\t\t\t\t\tstyle=\"z-index:9;\"\n\t\t\t\t\t\t\t><img decoding=\"async\" src=\"\/\/www.haslerbullets.com\/wp-content\/plugins\/revslider\/sr6\/assets\/assets\/dummy.png\" alt=\"\" class=\"tp-rs-img rs-lazyload\" width=\"232\" height=\"50\" data-lazyload=\"\/\/www.haslerbullets.com\/wp-content\/uploads\/2019\/05\/logo_ariete2019.png\" data-no-retina> \n\t\t\t\t\t\t\t<\/rs-layer><!--\n\n\t\t\t\t\t\t\t--><rs-layer\n\t\t\t\t\t\t\t\tid=\"slider-8-slide-291-layer-6\" \n\t\t\t\t\t\t\t\tdata-type=\"image\"\n\t\t\t\t\t\t\t\tdata-rsp_ch=\"on\"\n\t\t\t\t\t\t\t\tdata-xy=\"x:129px;y:c;yo:4px;\"\n\t\t\t\t\t\t\t\tdata-dim=\"w:200;h:41;\"\n\t\t\t\t\t\t\t\tdata-frame_1=\"e:none;st:3000;sp:500;\"\n\t\t\t\t\t\t\t\tdata-frame_999=\"e:nothing;st:w;sp:500;\"\n\t\t\t\t\t\t\t\tstyle=\"z-index:10;\"\n\t\t\t\t\t\t\t><img decoding=\"async\" src=\"\/\/www.haslerbullets.com\/wp-content\/plugins\/revslider\/sr6\/assets\/assets\/dummy.png\" alt=\"\" class=\"tp-rs-img rs-lazyload\" width=\"150\" height=\"31\" data-lazyload=\"\/\/www.haslerbullets.com\/wp-content\/uploads\/2019\/05\/aff-ariete01.png\" data-no-retina> \n\t\t\t\t\t\t\t<\/rs-layer><!--\n-->\t\t\t\t\t<\/rs-slide>\n\t\t\t\t\t<\/rs-slides>\n\t\t\t\t<\/rs-module>\n\t\t\t\t<script>\n\t\t\t\t\tsetREVStartSize({c: 'rev_slider_8_1',rl:[1240,1024,778,480],el:[],gw:[1100],gh:[100],type:'standard',justify:'',layout:'fullwidth',mh:\"0\"});if (window.RS_MODULES!==undefined && window.RS_MODULES.modules!==undefined && window.RS_MODULES.modules[\"revslider81\"]!==undefined) {window.RS_MODULES.modules[\"revslider81\"].once = false;window.revapi8 = undefined;if (window.RS_MODULES.checkMinimal!==undefined) window.RS_MODULES.checkMinimal()}\n\t\t\t\t<\/script>\n\t\t\t<\/rs-module-wrap>\n\t\t\t<!-- END REVOLUTION SLIDER -->\n\n","protected":false},"featured_media":4901,"template":"","meta":[],"product_brand":[],"product_cat":[150],"product_tag":[],"class_list":{"0":"post-8026","1":"product","2":"type-product","3":"status-publish","4":"has-post-thumbnail","6":"product_cat-ariete-munition","7":"entry","8":"has-media","10":"first","11":"outofstock","12":"shipping-taxable","13":"product-type-simple"},"_links":{"self":[{"href":"https:\/\/www.haslerbullets.com\/de\/wp-json\/wp\/v2\/product\/8026","targetHints":{"allow":["GET"]}}],"collection":[{"href":"https:\/\/www.haslerbullets.com\/de\/wp-json\/wp\/v2\/product"}],"about":[{"href":"https:\/\/www.haslerbullets.com\/de\/wp-json\/wp\/v2\/types\/product"}],"wp:featuredmedia":[{"embeddable":true,"href":"https:\/\/www.haslerbullets.com\/de\/wp-json\/wp\/v2\/media\/4901"}],"wp:attachment":[{"href":"https:\/\/www.haslerbullets.com\/de\/wp-json\/wp\/v2\/media?parent=8026"}],"wp:term":[{"taxonomy":"product_brand","embeddable":true,"href":"https:\/\/www.haslerbullets.com\/de\/wp-json\/wp\/v2\/product_brand?post=8026"},{"taxonomy":"product_cat","embeddable":true,"href":"https:\/\/www.haslerbullets.com\/de\/wp-json\/wp\/v2\/product_cat?post=8026"},{"taxonomy":"product_tag","embeddable":true,"href":"https:\/\/www.haslerbullets.com\/de\/wp-json\/wp\/v2\/product_tag?post=8026"}],"curies":[{"name":"wp","href":"https:\/\/api.w.org\/{rel}","templated":true}]}}