{"id":8036,"date":"2019-08-14T15:09:21","date_gmt":"2019-08-14T13:09:21","guid":{"rendered":"https:\/\/www.haslerbullets.com\/shop\/unkategorisiert\/hasler-30-06-ariete-rn-103g-159-gr\/"},"modified":"2026-02-26T17:22:17","modified_gmt":"2026-02-26T16:22:17","slug":"hasler-30-06-ariete-rn-103g-159-gr","status":"publish","type":"product","link":"https:\/\/www.haslerbullets.com\/de\/shop\/round-nose-munition\/hasler-30-06-ariete-rn-103g-159-gr\/","title":{"rendered":"Hasler\u00ae .30-06 Ariete RN 10,3g \/ 159 g"},"content":{"rendered":"<p><strong>Hasler<\/strong>\u00ae<strong> .30-06 Ariete RN 10,3g \/ 159 g<\/strong><\/p>\n<p>Die .30-06 ist sicherlich das am weitesten verbreitete universelle Kaliber, mit dem fast alle Wildarten in Europa und Nordamerika geschossen wurden. Diese Munition wurde f\u00fcr die intensive Wildschweinjagd entwickelt. Die Innengeometrie wurde so gestaltet, dass sie selbst auf kurzen Strecken (10 \/ 50 Meter) maximale Ausdehnung erm\u00f6glicht. Die Reichweite dieser Ladung, die mit 10,3g\/159gr Hasler Ariete RN-Geschossen ausger\u00fcstet ist, betr\u00e4gt innerhalb von 200 Metern.   <\/p>\n<p>Die RN (Round Nose) Kugel ist au\u00dferdem mit einem Schneider ausgestattet, der das Stanzen des Aufprallpunkts erm\u00f6glicht.<\/p>\n<p>&nbsp;<\/p>\n<p>&nbsp;<\/p>\n<p>&nbsp;<\/p>\n<p>&nbsp;<\/p>\n<p>&nbsp;<\/p>\n<p>&nbsp;<\/p>\n<p><strong>STRUKTUR DER HASLER-KUGEL<\/strong><br \/>\n<img loading=\"lazy\" decoding=\"async\" style=\"float: left; margin-right: 30px; clear: both;\" src=\"https:\/\/www.haslerbullets.com\/wp-content\/uploads\/2019\/04\/Struttura-palla-Hasler.png\" alt=\"\" width=\"400\" height=\"300\"><\/p>\n<ol>\n<li>POLYMER-FUSSKAPPE F\u00dcR ERH\u00d6HTEN BALLISTISCHEN KOEFFIZIENTEN<\/li>\n<li>1. BREITERES LOCH F\u00dcR SCHNELLE AUSDEHNUNG<\/li>\n<li>ZWEITES SCHMALERES LOCH F\u00dcR MAXIMALE ENERGIEFREIGABE AM ZIEL BIS ZUM VOLLST\u00c4NDIGEN SINKEN<\/li>\n<li>FORCING RINGS ODER CROWNS, DIE EINE BESSERE HAFTUNG IN DEN FESTEN UND HOHLR\u00c4UMEN DER Z\u00dcGE MIT ST\u00c4RKERER DRUCKRETENTION GEW\u00c4HRLEISTEN<\/li>\n<li>UNTERKALIBRIERTES TEIL OHNE JEGLICHE REIBUNG IM LAUF, WODURCH DIE RINGE MIT VOLLER DRUCKFESTIGKEIT ZUR\u00dcCKBLEIBEN<\/li>\n<li>DER ZENTRIERUNGSRING ERLEICHTERT DAS KOAXIALE EINGREIFEN IM LAUF UND ERM\u00d6GLICHT ES, DEN AERODYNAMISCHEN SCHWERPUNKT EINZUZIEHEN, WAS DIE PR\u00c4ZISION ERH\u00d6HT<\/li>\n<li>4 SCHARFKANTIGE EINSCHNITTE (BRUCHPRIMER) BEREITEN DIE \u00d6FFNUNG DER BL\u00dcTENBL\u00c4TTER VOR (PATENT) UND ERREICHEN EINEN EINZIGARTIGEN DURCHMESSER IHRER ART<\/li>\n<\/ol>\n","protected":false},"excerpt":{"rendered":"<p>Material: <strong>BLEIFREIE KUPFERKUGEL<\/strong><\/p>\n<p>Charakter: <strong>KONTROLLIERTE ERWEITERUNGSKUGEL<\/strong><\/p>\n<p>Maserung: <strong>LEICHT<\/strong><\/p>\n<p>Stop-Effekt: <strong>GUT<\/strong><\/p>\n<p style=\"text-transform: uppercase; font-weight: bold; font-size: 18px; color: #ff0000;\">GEE \u2013 Geschwindigkeit \u2013 Energie<\/p>\n<table>\n<tbody>\n<tr>\n<td width=\"67\">Distance<\/td>\n<td width=\"48\">(m)<\/td>\n<td width=\"57\">0<\/td>\n<td width=\"47\">100<\/td>\n<td width=\"57\">200<\/td>\n<td width=\"57\">250<\/td>\n<td width=\"66\">300<\/td>\n<\/tr>\n<tr>\n<td width=\"67\">Velocity<\/td>\n<td width=\"48\">(m\/s)<\/td>\n<td width=\"57\">880<\/td>\n<td width=\"47\">810<\/td>\n<td width=\"57\">740<\/td>\n<td width=\"57\">710<\/td>\n<td width=\"66\">680<\/td>\n<\/tr>\n<tr>\n<td width=\"67\">Energy<\/td>\n<td width=\"48\">(J)<\/td>\n<td width=\"57\">3965<\/td>\n<td width=\"47\">3355<\/td>\n<td width=\"57\">2820<\/td>\n<td width=\"57\">2580<\/td>\n<td width=\"66\">2355<\/td>\n<\/tr>\n<tr>\n<td width=\"67\">+100m<\/td>\n<td width=\"48\">(cm)<\/td>\n<td width=\"57\"><\/td>\n<td width=\"47\">0<\/td>\n<td width=\"57\">-10<\/td>\n<td width=\"57\">-21,5<\/td>\n<td width=\"66\">-38<\/td>\n<\/tr>\n<tr>\n<td width=\"67\">+200m<\/td>\n<td width=\"48\">(cm)<\/td>\n<td width=\"57\"><\/td>\n<td width=\"47\">5<\/td>\n<td width=\"57\">0<\/td>\n<td width=\"57\">-9<\/td>\n<td width=\"66\">-23<\/td>\n<\/tr>\n<tr>\n<td width=\"67\">GEE+184<\/td>\n<td width=\"48\">(cm)<\/td>\n<td width=\"57\"><\/td>\n<td width=\"47\">4<\/td>\n<td width=\"57\">-2<\/td>\n<td width=\"57\">-11,5<\/td>\n<td width=\"66\">-26<\/td>\n<\/tr>\n<\/tbody>\n<\/table>\n\n\t\t\t<!-- START arietetrasp REVOLUTION SLIDER 6.7.37 --><p class=\"rs-p-wp-fix\"><\/p>\n\t\t\t<rs-module-wrap id=\"rev_slider_8_1_wrapper\" data-source=\"gallery\" data-aimg=\"\"  style=\"visibility:hidden;padding:0;margin:0px auto;margin-top:0;margin-bottom:0;\">\n\t\t\t\t<rs-module id=\"rev_slider_8_1\" style=\"\" data-version=\"6.7.37\">\n\t\t\t\t\t<rs-slides style=\"overflow: hidden; position: absolute;\">\n\t\t\t\t\t\t<rs-slide style=\"position: absolute;\" data-key=\"rs-29\" data-title=\"Slide\" data-anim=\"d:20;ms:910;\" data-in=\"prst:rndany;o:0;y:ran(-200|200);sx:2;sy:2;e:power3.Out;row:10;col:100;\">\n\t\t\t\t\t\t\t<img decoding=\"async\" src=\"\/\/www.haslerbullets.com\/wp-content\/plugins\/revslider\/sr6\/assets\/assets\/dummy.png\" alt=\"Slide\" title=\"Hasler\u00ae .30-06 Ariete RN 10,3g \/ 159 g\" class=\"rev-slidebg tp-rs-img rs-lazyload\" data-lazyload=\"\/\/www.haslerbullets.com\/wp-content\/plugins\/revslider\/sr6\/assets\/assets\/transparent.png\" data-no-retina>\n<!--\n\t\t\t\t\t\t\t--><rs-layer\n\t\t\t\t\t\t\t\tid=\"slider-8-slide-29-layer-1\" \n\t\t\t\t\t\t\t\tdata-type=\"image\"\n\t\t\t\t\t\t\t\tdata-rsp_ch=\"on\"\n\t\t\t\t\t\t\t\tdata-xy=\"x:23px;y:c;\"\n\t\t\t\t\t\t\t\tdata-dim=\"w:175;h:36;\"\n\t\t\t\t\t\t\t\tdata-frame_1=\"e:none;st:100;sp:500;\"\n\t\t\t\t\t\t\t\tdata-frame_999=\"e:nothing;st:1500;sp:500;\"\n\t\t\t\t\t\t\t\tstyle=\"z-index:5;\"\n\t\t\t\t\t\t\t><img decoding=\"async\" src=\"\/\/www.haslerbullets.com\/wp-content\/plugins\/revslider\/sr6\/assets\/assets\/dummy.png\" alt=\"\" class=\"tp-rs-img rs-lazyload\" width=\"150\" height=\"31\" data-lazyload=\"\/\/www.haslerbullets.com\/wp-content\/uploads\/2019\/05\/aff-ariete01.png\" data-no-retina> \n\t\t\t\t\t\t\t<\/rs-layer><!--\n\n\t\t\t\t\t\t\t--><rs-layer\n\t\t\t\t\t\t\t\tid=\"slider-8-slide-29-layer-2\" \n\t\t\t\t\t\t\t\tdata-type=\"image\"\n\t\t\t\t\t\t\t\tdata-rsp_ch=\"on\"\n\t\t\t\t\t\t\t\tdata-xy=\"x:c;xo:-269px;y:c;yo:2px;\"\n\t\t\t\t\t\t\t\tdata-dim=\"w:73;h:36;\"\n\t\t\t\t\t\t\t\tdata-frame_1=\"e:power1.in;st:300;sp:150;\"\n\t\t\t\t\t\t\t\tdata-frame_999=\"e:nothing;st:2450;sp:150;\"\n\t\t\t\t\t\t\t\tstyle=\"z-index:6;\"\n\t\t\t\t\t\t\t><img decoding=\"async\" src=\"\/\/www.haslerbullets.com\/wp-content\/plugins\/revslider\/sr6\/assets\/assets\/dummy.png\" alt=\"\" class=\"tp-rs-img rs-lazyload\" width=\"63\" height=\"31\" data-lazyload=\"\/\/www.haslerbullets.com\/wp-content\/uploads\/2019\/05\/aff-ariete02.png\" data-no-retina> \n\t\t\t\t\t\t\t<\/rs-layer><!--\n\n\t\t\t\t\t\t\t--><rs-layer\n\t\t\t\t\t\t\t\tid=\"slider-8-slide-29-layer-3\" \n\t\t\t\t\t\t\t\tdata-type=\"image\"\n\t\t\t\t\t\t\t\tdata-rsp_ch=\"on\"\n\t\t\t\t\t\t\t\tdata-xy=\"x:r;xo:640px;y:c;yo:2px;\"\n\t\t\t\t\t\t\t\tdata-dim=\"w:103;h:60;\"\n\t\t\t\t\t\t\t\tdata-frame_1=\"e:power1.in;st:500;sp:150;\"\n\t\t\t\t\t\t\t\tdata-frame_999=\"e:nothing;st:2400;\"\n\t\t\t\t\t\t\t\tstyle=\"z-index:7;\"\n\t\t\t\t\t\t\t><img decoding=\"async\" src=\"\/\/www.haslerbullets.com\/wp-content\/plugins\/revslider\/sr6\/assets\/assets\/dummy.png\" alt=\"\" class=\"tp-rs-img rs-lazyload\" width=\"86\" height=\"50\" data-lazyload=\"\/\/www.haslerbullets.com\/wp-content\/uploads\/2019\/05\/aff-ariete03.png\" data-no-retina> \n\t\t\t\t\t\t\t<\/rs-layer><!--\n\n\t\t\t\t\t\t\t--><rs-layer\n\t\t\t\t\t\t\t\tid=\"slider-8-slide-29-layer-4\" \n\t\t\t\t\t\t\t\tdata-type=\"image\"\n\t\t\t\t\t\t\t\tdata-rsp_ch=\"on\"\n\t\t\t\t\t\t\t\tdata-xy=\"x:689px;y:-2px;\"\n\t\t\t\t\t\t\t\tdata-dim=\"w:324;h:100;\"\n\t\t\t\t\t\t\t\tdata-frame_1=\"e:power1.in;st:0;\"\n\t\t\t\t\t\t\t\tdata-frame_999=\"e:nothing;st:w;\"\n\t\t\t\t\t\t\t\tstyle=\"z-index:8;\"\n\t\t\t\t\t\t\t><img decoding=\"async\" src=\"\/\/www.haslerbullets.com\/wp-content\/plugins\/revslider\/sr6\/assets\/assets\/dummy.png\" alt=\"\" class=\"tp-rs-img rs-lazyload\" width=\"324\" height=\"100\" data-lazyload=\"\/\/www.haslerbullets.com\/wp-content\/uploads\/2019\/07\/logo2019-300xHASLER_ADM-1.png\" data-no-retina> \n\t\t\t\t\t\t\t<\/rs-layer><!--\n\n\t\t\t\t\t\t\t--><rs-layer\n\t\t\t\t\t\t\t\tid=\"slider-8-slide-29-layer-5\" \n\t\t\t\t\t\t\t\tdata-type=\"image\"\n\t\t\t\t\t\t\t\tdata-rsp_ch=\"on\"\n\t\t\t\t\t\t\t\tdata-xy=\"x:460px;y:31px;\"\n\t\t\t\t\t\t\t\tdata-dim=\"w:150;h:36;\"\n\t\t\t\t\t\t\t\tdata-frame_1=\"e:none;st:2900;\"\n\t\t\t\t\t\t\t\tdata-frame_999=\"st:w;auto:true;\"\n\t\t\t\t\t\t\t\tstyle=\"z-index:9;\"\n\t\t\t\t\t\t\t><img decoding=\"async\" src=\"\/\/www.haslerbullets.com\/wp-content\/plugins\/revslider\/sr6\/assets\/assets\/dummy.png\" alt=\"\" class=\"tp-rs-img rs-lazyload\" width=\"232\" height=\"50\" data-lazyload=\"\/\/www.haslerbullets.com\/wp-content\/uploads\/2019\/05\/logo_ariete2019.png\" data-no-retina> \n\t\t\t\t\t\t\t<\/rs-layer><!--\n\n\t\t\t\t\t\t\t--><rs-layer\n\t\t\t\t\t\t\t\tid=\"slider-8-slide-29-layer-6\" \n\t\t\t\t\t\t\t\tdata-type=\"image\"\n\t\t\t\t\t\t\t\tdata-rsp_ch=\"on\"\n\t\t\t\t\t\t\t\tdata-xy=\"x:129px;y:c;yo:4px;\"\n\t\t\t\t\t\t\t\tdata-dim=\"w:200;h:41;\"\n\t\t\t\t\t\t\t\tdata-frame_1=\"e:none;st:3000;sp:500;\"\n\t\t\t\t\t\t\t\tdata-frame_999=\"e:nothing;st:w;sp:500;\"\n\t\t\t\t\t\t\t\tstyle=\"z-index:10;\"\n\t\t\t\t\t\t\t><img decoding=\"async\" src=\"\/\/www.haslerbullets.com\/wp-content\/plugins\/revslider\/sr6\/assets\/assets\/dummy.png\" alt=\"\" class=\"tp-rs-img rs-lazyload\" width=\"150\" height=\"31\" data-lazyload=\"\/\/www.haslerbullets.com\/wp-content\/uploads\/2019\/05\/aff-ariete01.png\" data-no-retina> \n\t\t\t\t\t\t\t<\/rs-layer><!--\n-->\t\t\t\t\t<\/rs-slide>\n\t\t\t\t\t\t<rs-slide style=\"position: absolute;\" data-key=\"rs-291\" data-title=\"Slide\" data-in=\"prst:rndany;o:0;x:100%;\" data-out=\"a:false;\">\n\t\t\t\t\t\t\t<img decoding=\"async\" src=\"\/\/www.haslerbullets.com\/wp-content\/plugins\/revslider\/sr6\/assets\/assets\/dummy.png\" alt=\"\" title=\"Hasler\u00ae .30-06 Ariete RN 10,3g \/ 159 g\" class=\"rev-slidebg tp-rs-img rs-lazyload\" data-lazyload=\"\/\/www.haslerbullets.com\/wp-content\/plugins\/revslider\/sr6\/assets\/assets\/transparent.png\" data-no-retina>\n<!--\n\t\t\t\t\t\t\t--><rs-layer\n\t\t\t\t\t\t\t\tid=\"slider-8-slide-291-layer-1\" \n\t\t\t\t\t\t\t\tdata-type=\"image\"\n\t\t\t\t\t\t\t\tdata-rsp_ch=\"on\"\n\t\t\t\t\t\t\t\tdata-xy=\"x:23px;y:c;\"\n\t\t\t\t\t\t\t\tdata-dim=\"w:175;h:36;\"\n\t\t\t\t\t\t\t\tdata-frame_1=\"e:none;st:100;sp:500;\"\n\t\t\t\t\t\t\t\tdata-frame_999=\"e:nothing;st:1500;sp:500;\"\n\t\t\t\t\t\t\t\tstyle=\"z-index:5;\"\n\t\t\t\t\t\t\t><img decoding=\"async\" src=\"\/\/www.haslerbullets.com\/wp-content\/plugins\/revslider\/sr6\/assets\/assets\/dummy.png\" alt=\"\" class=\"tp-rs-img rs-lazyload\" width=\"150\" height=\"31\" data-lazyload=\"\/\/www.haslerbullets.com\/wp-content\/uploads\/2019\/05\/aff-ariete01.png\" data-no-retina> \n\t\t\t\t\t\t\t<\/rs-layer><!--\n\n\t\t\t\t\t\t\t--><rs-layer\n\t\t\t\t\t\t\t\tid=\"slider-8-slide-291-layer-2\" \n\t\t\t\t\t\t\t\tdata-type=\"image\"\n\t\t\t\t\t\t\t\tdata-rsp_ch=\"on\"\n\t\t\t\t\t\t\t\tdata-xy=\"x:c;xo:-269px;y:c;yo:2px;\"\n\t\t\t\t\t\t\t\tdata-dim=\"w:73;h:36;\"\n\t\t\t\t\t\t\t\tdata-frame_1=\"e:power1.in;st:300;sp:150;\"\n\t\t\t\t\t\t\t\tdata-frame_999=\"e:nothing;st:2450;sp:150;\"\n\t\t\t\t\t\t\t\tstyle=\"z-index:6;\"\n\t\t\t\t\t\t\t><img decoding=\"async\" src=\"\/\/www.haslerbullets.com\/wp-content\/plugins\/revslider\/sr6\/assets\/assets\/dummy.png\" alt=\"\" class=\"tp-rs-img rs-lazyload\" width=\"63\" height=\"31\" data-lazyload=\"\/\/www.haslerbullets.com\/wp-content\/uploads\/2019\/05\/aff-ariete02.png\" data-no-retina> \n\t\t\t\t\t\t\t<\/rs-layer><!--\n\n\t\t\t\t\t\t\t--><rs-layer\n\t\t\t\t\t\t\t\tid=\"slider-8-slide-291-layer-3\" \n\t\t\t\t\t\t\t\tdata-type=\"image\"\n\t\t\t\t\t\t\t\tdata-rsp_ch=\"on\"\n\t\t\t\t\t\t\t\tdata-xy=\"x:r;xo:640px;y:c;yo:2px;\"\n\t\t\t\t\t\t\t\tdata-dim=\"w:103;h:60;\"\n\t\t\t\t\t\t\t\tdata-frame_1=\"e:power1.in;st:500;sp:150;\"\n\t\t\t\t\t\t\t\tdata-frame_999=\"e:nothing;st:2400;\"\n\t\t\t\t\t\t\t\tstyle=\"z-index:7;\"\n\t\t\t\t\t\t\t><img decoding=\"async\" src=\"\/\/www.haslerbullets.com\/wp-content\/plugins\/revslider\/sr6\/assets\/assets\/dummy.png\" alt=\"\" class=\"tp-rs-img rs-lazyload\" width=\"86\" height=\"50\" data-lazyload=\"\/\/www.haslerbullets.com\/wp-content\/uploads\/2019\/05\/aff-ariete03.png\" data-no-retina> \n\t\t\t\t\t\t\t<\/rs-layer><!--\n\n\t\t\t\t\t\t\t--><rs-layer\n\t\t\t\t\t\t\t\tid=\"slider-8-slide-291-layer-4\" \n\t\t\t\t\t\t\t\tdata-type=\"image\"\n\t\t\t\t\t\t\t\tdata-rsp_ch=\"on\"\n\t\t\t\t\t\t\t\tdata-xy=\"x:689px;y:-2px;\"\n\t\t\t\t\t\t\t\tdata-dim=\"w:324;h:100;\"\n\t\t\t\t\t\t\t\tdata-frame_1=\"e:power1.in;st:0;\"\n\t\t\t\t\t\t\t\tdata-frame_999=\"e:nothing;st:w;\"\n\t\t\t\t\t\t\t\tstyle=\"z-index:8;\"\n\t\t\t\t\t\t\t><img decoding=\"async\" src=\"\/\/www.haslerbullets.com\/wp-content\/plugins\/revslider\/sr6\/assets\/assets\/dummy.png\" alt=\"\" class=\"tp-rs-img rs-lazyload\" width=\"324\" height=\"100\" data-lazyload=\"\/\/www.haslerbullets.com\/wp-content\/uploads\/2019\/07\/logo2019-300xHASLER_ADM-1.png\" data-no-retina> \n\t\t\t\t\t\t\t<\/rs-layer><!--\n\n\t\t\t\t\t\t\t--><rs-layer\n\t\t\t\t\t\t\t\tid=\"slider-8-slide-291-layer-5\" \n\t\t\t\t\t\t\t\tdata-type=\"image\"\n\t\t\t\t\t\t\t\tdata-rsp_ch=\"on\"\n\t\t\t\t\t\t\t\tdata-xy=\"x:460px;y:31px;\"\n\t\t\t\t\t\t\t\tdata-dim=\"w:150;h:36;\"\n\t\t\t\t\t\t\t\tdata-frame_1=\"e:none;st:2900;\"\n\t\t\t\t\t\t\t\tdata-frame_999=\"st:w;auto:true;\"\n\t\t\t\t\t\t\t\tstyle=\"z-index:9;\"\n\t\t\t\t\t\t\t><img decoding=\"async\" src=\"\/\/www.haslerbullets.com\/wp-content\/plugins\/revslider\/sr6\/assets\/assets\/dummy.png\" alt=\"\" class=\"tp-rs-img rs-lazyload\" width=\"232\" height=\"50\" data-lazyload=\"\/\/www.haslerbullets.com\/wp-content\/uploads\/2019\/05\/logo_ariete2019.png\" data-no-retina> \n\t\t\t\t\t\t\t<\/rs-layer><!--\n\n\t\t\t\t\t\t\t--><rs-layer\n\t\t\t\t\t\t\t\tid=\"slider-8-slide-291-layer-6\" \n\t\t\t\t\t\t\t\tdata-type=\"image\"\n\t\t\t\t\t\t\t\tdata-rsp_ch=\"on\"\n\t\t\t\t\t\t\t\tdata-xy=\"x:129px;y:c;yo:4px;\"\n\t\t\t\t\t\t\t\tdata-dim=\"w:200;h:41;\"\n\t\t\t\t\t\t\t\tdata-frame_1=\"e:none;st:3000;sp:500;\"\n\t\t\t\t\t\t\t\tdata-frame_999=\"e:nothing;st:w;sp:500;\"\n\t\t\t\t\t\t\t\tstyle=\"z-index:10;\"\n\t\t\t\t\t\t\t><img decoding=\"async\" src=\"\/\/www.haslerbullets.com\/wp-content\/plugins\/revslider\/sr6\/assets\/assets\/dummy.png\" alt=\"\" class=\"tp-rs-img rs-lazyload\" width=\"150\" height=\"31\" data-lazyload=\"\/\/www.haslerbullets.com\/wp-content\/uploads\/2019\/05\/aff-ariete01.png\" data-no-retina> \n\t\t\t\t\t\t\t<\/rs-layer><!--\n-->\t\t\t\t\t<\/rs-slide>\n\t\t\t\t\t<\/rs-slides>\n\t\t\t\t<\/rs-module>\n\t\t\t\t<script>\n\t\t\t\t\tsetREVStartSize({c: 'rev_slider_8_1',rl:[1240,1024,778,480],el:[],gw:[1100],gh:[100],type:'standard',justify:'',layout:'fullwidth',mh:\"0\"});if (window.RS_MODULES!==undefined && window.RS_MODULES.modules!==undefined && window.RS_MODULES.modules[\"revslider81\"]!==undefined) {window.RS_MODULES.modules[\"revslider81\"].once = false;window.revapi8 = undefined;if (window.RS_MODULES.checkMinimal!==undefined) window.RS_MODULES.checkMinimal()}\n\t\t\t\t<\/script>\n\t\t\t<\/rs-module-wrap>\n\t\t\t<!-- END REVOLUTION SLIDER -->\n\n","protected":false},"featured_media":4844,"template":"","meta":[],"product_brand":[],"product_cat":[151],"product_tag":[],"class_list":{"0":"post-8036","1":"product","2":"type-product","3":"status-publish","4":"has-post-thumbnail","6":"product_cat-round-nose-munition","7":"entry","8":"has-media","10":"first","11":"outofstock","12":"shipping-taxable","13":"product-type-simple"},"_links":{"self":[{"href":"https:\/\/www.haslerbullets.com\/de\/wp-json\/wp\/v2\/product\/8036","targetHints":{"allow":["GET"]}}],"collection":[{"href":"https:\/\/www.haslerbullets.com\/de\/wp-json\/wp\/v2\/product"}],"about":[{"href":"https:\/\/www.haslerbullets.com\/de\/wp-json\/wp\/v2\/types\/product"}],"wp:featuredmedia":[{"embeddable":true,"href":"https:\/\/www.haslerbullets.com\/de\/wp-json\/wp\/v2\/media\/4844"}],"wp:attachment":[{"href":"https:\/\/www.haslerbullets.com\/de\/wp-json\/wp\/v2\/media?parent=8036"}],"wp:term":[{"taxonomy":"product_brand","embeddable":true,"href":"https:\/\/www.haslerbullets.com\/de\/wp-json\/wp\/v2\/product_brand?post=8036"},{"taxonomy":"product_cat","embeddable":true,"href":"https:\/\/www.haslerbullets.com\/de\/wp-json\/wp\/v2\/product_cat?post=8036"},{"taxonomy":"product_tag","embeddable":true,"href":"https:\/\/www.haslerbullets.com\/de\/wp-json\/wp\/v2\/product_tag?post=8036"}],"curies":[{"name":"wp","href":"https:\/\/api.w.org\/{rel}","templated":true}]}}