{"id":930,"date":"2015-07-06T20:35:00","date_gmt":"2015-08-06T16:13:35","guid":{"rendered":"https:\/\/www.haslerbullets.com\/en\/?page_id=930"},"modified":"2025-08-06T16:19:32","modified_gmt":"2025-08-06T14:19:32","slug":"international-seller","status":"publish","type":"page","link":"https:\/\/www.haslerbullets.com\/en\/international-seller\/","title":{"rendered":"Foreign distributors"},"content":{"rendered":"<div class=\"wpb-content-wrapper\">[vc_row][vc_column]<h2 class=\"vcex-heading vcex-heading-plain vcex-module wpex-heading wpex-text-2xl\"><span class=\"vcex-heading-inner wpex-inline-block\">AUSTRIA<\/span><\/h2>[vc_empty_space height=&#8221;25px&#8221;][vc_row_inner][vc_column_inner width=&#8221;1\/3&#8243;]<figure class=\"vcex-image vcex-module\"><div class=\"vcex-image-inner wpex-relative wpex-inline-block\"><img width=\"120\" height=\"106\" src=\"https:\/\/www.haslerbullets.com\/wp-content\/uploads\/2015\/07\/frowis_jagd_sport_optik.gif\" class=\"vcex-image-img wpex-align-middle\" alt=\"\" loading=\"lazy\" decoding=\"async\" \/><\/div><\/figure>[\/vc_column_inner][vc_column_inner width=&#8221;2\/3&#8243;][vc_column_text]<strong>Fr\u00f6wis Jagd-Sport-Optik<\/strong><br \/>Vorstadt 3<br \/>A-6800 Feldkirch<br \/>Tel. +43-(0)5522-72459<br \/><a href=\"http:\/\/www.froewis.co.at\/\" target=\"_blank\" rel=\"noopener noreferrer\">www.froewis.co.at<\/a><br \/><a href=\"mailto:froewis@froewis.co.at\">froewis@froewis.co.at<\/a>[\/vc_column_text][\/vc_column_inner][\/vc_row_inner][\/vc_column][\/vc_row][vc_row][vc_column]<style>.vcex-heading.vcex_69f1a51ae76cf{font-weight:600;}<\/style><h2 class=\"vcex-heading vcex-heading-plain vcex-module wpex-heading wpex-text-2xl vcex_69f1a51ae76cf\"><span class=\"vcex-heading-inner wpex-inline-block\">CZECH REPUBLIC<\/span><\/h2>[vc_empty_space height=&#8221;25px&#8221;][vc_row_inner][vc_column_inner width=&#8221;1\/3&#8243;]<style>.vcex-image.vcex_69f1a51ae7c7d .vcex-image-inner{max-width:200px;}<\/style><figure class=\"vcex-image vcex-module vcex_69f1a51ae7c7d\"><div class=\"vcex-image-inner wpex-relative wpex-inline-block\"><img width=\"500\" height=\"500\" src=\"https:\/\/www.haslerbullets.com\/wp-content\/uploads\/2015\/07\/STROBL-logo-FB.jpg\" class=\"vcex-image-img wpex-align-middle\" alt=\"\" loading=\"lazy\" decoding=\"async\" srcset=\"https:\/\/www.haslerbullets.com\/wp-content\/uploads\/2015\/07\/STROBL-logo-FB.jpg 500w, https:\/\/www.haslerbullets.com\/wp-content\/uploads\/2015\/07\/STROBL-logo-FB-150x150.jpg 150w, https:\/\/www.haslerbullets.com\/wp-content\/uploads\/2015\/07\/STROBL-logo-FB-300x300.jpg 300w, https:\/\/www.haslerbullets.com\/wp-content\/uploads\/2015\/07\/STROBL-logo-FB-180x180.jpg 180w\" sizes=\"auto, (max-width: 500px) 100vw, 500px\" \/><\/div><\/figure>[\/vc_column_inner][vc_column_inner width=&#8221;2\/3&#8243;][vc_column_text]<b><span lang=\"CS\">STROBL. CZ s.r.o.<\/span><\/b><br \/><span lang=\"DE\"><span lang=\"CS\">Nov\u00e1 Ole\u0161n\u00e1 39<\/span><\/span><br \/><span lang=\"CS\">37853 Nov\u00e1 Ole\u0161n\u00e1<\/span><br \/><span lang=\"DE\"><br \/><span lang=\"CS\">Tel: +420 728 760 443<\/span><br \/><\/span>email: <a href=\"http:\/\/www.strobl.cz\/\" target=\"_blank\" rel=\"noopener noreferrer\">info@strobl.cz<br \/>www.strobl.cz<\/a>[\/vc_column_text][\/vc_column_inner][\/vc_row_inner][\/vc_column][\/vc_row][vc_row][vc_column]<style>.vcex-heading.vcex_69f1a51ae829e{font-weight:600;}<\/style><h2 class=\"vcex-heading vcex-heading-plain vcex-module wpex-heading wpex-text-2xl vcex_69f1a51ae829e\"><span class=\"vcex-heading-inner wpex-inline-block\">DENMARK<\/span><\/h2>[vc_empty_space height=&#8221;25px&#8221;][vc_row_inner][vc_column_inner width=&#8221;1\/3&#8243;]<style>.vcex-image.vcex_69f1a51ae8669 .vcex-image-inner{max-width:200px;}<\/style><figure class=\"vcex-image vcex-module vcex_69f1a51ae8669\"><div class=\"vcex-image-inner wpex-relative wpex-inline-block\"><img width=\"300\" height=\"105\" src=\"https:\/\/www.haslerbullets.com\/wp-content\/uploads\/2015\/07\/gunman63.jpg\" class=\"vcex-image-img wpex-align-middle\" alt=\"\" loading=\"lazy\" decoding=\"async\" \/><\/div><\/figure>[\/vc_column_inner][vc_column_inner width=&#8221;2\/3&#8243;][vc_column_text]<strong><span lang=\"DE\">GUNMAN63.DK<\/span><\/strong><br \/><span lang=\"DE\">v\/ Dan Bertelsen<\/span><br \/><span lang=\"DE\">7451 Sunds<\/span><br \/><span lang=\"DE\">Denmark<br \/>Tel.: +45 40202753<br \/>Email: <\/span><span lang=\"DE\"><a href=\"mailto:db@danbertelsen.dk\">db@danbertelsen.dk<\/a><br \/><a href=\"http:\/\/www.gunman63.minisite.dk\/HASLER-BULLETS\" target=\"_blank\" rel=\"noopener noreferrer\">www.gunman63.minisite.dk\/HASLER-BULLETS<\/a><\/span>[\/vc_column_text][\/vc_column_inner][\/vc_row_inner][\/vc_column][\/vc_row][vc_row][vc_column]<style>.vcex-heading.vcex_69f1a51ae8c29{font-weight:600;}<\/style><h2 class=\"vcex-heading vcex-heading-plain vcex-module wpex-heading wpex-text-2xl vcex_69f1a51ae8c29\"><span class=\"vcex-heading-inner wpex-inline-block\">GERMANY<\/span><\/h2>[vc_empty_space height=&#8221;25px&#8221;][vc_row_inner][vc_column_inner width=&#8221;1\/3&#8243;][vc_single_image image=&#8221;7621&#8243;][\/vc_column_inner][vc_column_inner width=&#8221;2\/3&#8243;][vc_column_text]<strong>SLEIPNIR PRECISION<\/strong><br \/>Gesch\u00e4ftsf\u00fchrer: Nadja Hoke<br \/>Zunftstrasse 15<br \/>DE-87490 Haldenwang<br \/>Phone: +49-(0)151-534 326 31<\/p>\n<p><a href=\"mailto:n.hoke@sleipnir-precision.de\"><\/p>\n<p> n.hoke@sleipnir-precision.de<br \/><\/a><a href=\"https:\/\/www.sleipnir-precision.de\" target=\"_blank\" rel=\"noopener\">www.sleipnir-precision.de<\/a>[\/vc_column_text][\/vc_column_inner][\/vc_row_inner][\/vc_column][\/vc_row][vc_row][vc_column]<style>.vcex-heading.vcex_69f1a51ae906c{color:#dd0000;font-size:32px;font-weight:700;text-transform:uppercase;}<\/style><h2 class=\"vcex-heading vcex-heading-plain vcex-module wpex-heading wpex-text-2xl vcex_69f1a51ae906c\"><span class=\"vcex-heading-inner wpex-inline-block\">AUTHORIZED DEALERS<\/span><\/h2>[\/vc_column][\/vc_row][vc_row][vc_column]<style>.vcex-heading.vcex_69f1a51ae94b2{font-weight:600;}<\/style><h2 class=\"vcex-heading vcex-heading-plain vcex-module wpex-heading wpex-text-2xl vcex_69f1a51ae94b2\"><span class=\"vcex-heading-inner wpex-inline-block\">GERMANY<\/span><\/h2>[vc_empty_space height=&#8221;25px&#8221;][vc_row_inner][vc_column_inner width=&#8221;1\/3&#8243;]<style>.vcex-image.vcex_69f1a51ae9865 .vcex-image-inner{max-width:200px;}<\/style><figure class=\"vcex-image vcex-module vcex_69f1a51ae9865\"><div class=\"vcex-image-inner wpex-relative wpex-inline-block\"><img width=\"200\" height=\"69\" src=\"https:\/\/www.haslerbullets.com\/wp-content\/uploads\/2015\/07\/huber_ammunition_logo.png\" class=\"vcex-image-img wpex-align-middle\" alt=\"\" loading=\"lazy\" decoding=\"async\" \/><\/div><\/figure>[\/vc_column_inner][vc_column_inner width=&#8221;2\/3&#8243;][vc_column_text]<strong>HUBER AMMUNITION<\/strong><br \/>Gesch\u00e4ftsinhaber<br \/>Richard Huber<br \/>Schozacherstr. 59<br \/>74388 Talheim<br \/>Germany<br \/>Phone: +49 (0)7133 9018744<br \/>Mail: <a href=\"mailto:huber-ammunition@t-online.de\">huber-ammunition@t-online.de<\/a> <br \/><a href=\"http:\/\/www.huber-ammunition.de\/\" target=\"_blank\" rel=\"noopener noreferrer\">www.huber-ammunition.de<\/a>[\/vc_column_text][\/vc_column_inner][\/vc_row_inner][\/vc_column][\/vc_row][vc_row][vc_column]<style>.vcex-heading.vcex_69f1a51ae9e13{font-weight:600;}<\/style><h2 class=\"vcex-heading vcex-heading-plain vcex-module wpex-heading wpex-text-2xl vcex_69f1a51ae9e13\"><span class=\"vcex-heading-inner wpex-inline-block\">United Kingdom UK<\/span><\/h2>[vc_empty_space height=&#8221;25px&#8221;][vc_row_inner][vc_column_inner width=&#8221;1\/3&#8243;]<style>.vcex-image.vcex_69f1a51aea1d4 .vcex-image-inner{max-width:200px;}<\/style><figure class=\"vcex-image vcex-module vcex_69f1a51aea1d4\"><div class=\"vcex-image-inner wpex-relative wpex-inline-block\"><img width=\"200\" height=\"154\" src=\"https:\/\/www.haslerbullets.com\/wp-content\/uploads\/2015\/08\/ACFirearms-logo200x154.png\" class=\"vcex-image-img wpex-align-middle\" alt=\"\" loading=\"lazy\" decoding=\"async\" \/><\/div><\/figure>[\/vc_column_inner][vc_column_inner width=&#8221;2\/3&#8243;][vc_column_text]<strong>AC Fire Arms UK<\/strong><br \/>Telephone: 07377 066431<br \/>Email: <a href=\"mailto:info@acfirearms.co.uk\" target=\"_blank\" rel=\"noopener noreferrer\">info@acfirearms.co.uk<\/a><br \/><a href=\"http:\/\/www.acfirearms.co.uk\/\" target=\"_blank\" rel=\"noopener noreferrer\">www.acfirearms.co.uk<\/a>[\/vc_column_text][\/vc_column_inner][\/vc_row_inner][\/vc_column][\/vc_row][vc_row][vc_column]<style>.vcex-heading.vcex_69f1a51aea78e{font-weight:600;}<\/style><h2 class=\"vcex-heading vcex-heading-plain vcex-module wpex-heading wpex-text-2xl vcex_69f1a51aea78e\"><span class=\"vcex-heading-inner wpex-inline-block\">SPAIN \u2013 PORTUGAL<\/span><\/h2>[vc_empty_space height=&#8221;25px&#8221;][vc_row_inner][vc_column_inner width=&#8221;1\/3&#8243;]<style>.vcex-image.vcex_69f1a51aeab53 .vcex-image-inner{max-width:200px;}<\/style><figure class=\"vcex-image vcex-module vcex_69f1a51aeab53\"><div class=\"vcex-image-inner wpex-relative wpex-inline-block\"><img width=\"270\" height=\"100\" src=\"https:\/\/www.haslerbullets.com\/wp-content\/uploads\/2015\/07\/topgun-armeria270x1001.gif\" class=\"vcex-image-img wpex-align-middle\" alt=\"\" loading=\"lazy\" decoding=\"async\" \/><\/div><\/figure>[\/vc_column_inner][vc_column_inner width=&#8221;2\/3&#8243;][vc_column_text]<a href=\"http:\/\/www.acfirearms.co.uk\/\" target=\"_blank\" rel=\"noopener noreferrer\"><strong>Top Gun, S.L.<\/strong><\/a><\/p>\n<p>&nbsp;<\/p>\n<p>C\/ Heli\u00f3tropo, 8- Local<\/p>\n<p>2809 Madrid<\/p>\n<p>Telf. 91 527 17 17<br \/>Fax 91 315 73 55<br \/>Email: <a href=\"mailto:armer%C3%ADa@topgun.es\" target=\"_blank\" rel=\"noopener noreferrer\">armer\u00eda@topgun.es<\/a> <br \/><a href=\"http:\/\/topgun.es\/\" target=\"_blank\" rel=\"noopener noreferrer\">http:\/\/topgun.es\/<\/a>[\/vc_column_text][\/vc_column_inner][\/vc_row_inner][\/vc_column][\/vc_row][vc_row][vc_column]<style>.vcex-heading.vcex_69f1a51aeb0f1{font-weight:600;}<\/style><h2 class=\"vcex-heading vcex-heading-plain vcex-module wpex-heading wpex-text-2xl vcex_69f1a51aeb0f1\"><span class=\"vcex-heading-inner wpex-inline-block\">SWEDEN<\/span><\/h2>[vc_empty_space height=&#8221;25px&#8221;][vc_row_inner][vc_column_inner width=&#8221;1\/3&#8243;]<style>.vcex-image.vcex_69f1a51aeb4bf .vcex-image-inner{max-width:200px;}<\/style><figure class=\"vcex-image vcex-module vcex_69f1a51aeb4bf\"><div class=\"vcex-image-inner wpex-relative wpex-inline-block\"><img width=\"200\" height=\"189\" src=\"https:\/\/www.haslerbullets.com\/wp-content\/uploads\/2015\/07\/Ammo-center-logo.jpg\" class=\"vcex-image-img wpex-align-middle\" alt=\"\" loading=\"lazy\" decoding=\"async\" \/><\/div><\/figure>[\/vc_column_inner][vc_column_inner width=&#8221;2\/3&#8243;][vc_column_text]Ammo Center<br \/>Okomev. 5<br \/>31161 Ullared<br \/>SWEDEN+46 725 499 498<br \/><a href=\"http:\/\/www.ammocenter.se\/\" target=\"_blank\" rel=\"noopener noreferrer\">www.ammocenter.se<\/a><br \/><a href=\"mailto:order@ammocenter.se\">order@ammocenter.se<\/a>[\/vc_column_text][\/vc_column_inner][\/vc_row_inner][\/vc_column][\/vc_row]\n<\/div>","protected":false},"excerpt":{"rendered":"<p>[vc_row][vc_column][vc_empty_space height=&#8221;25px&#8221;][vc_row_inner][vc_column_inner width=&#8221;1\/3&#8243;][\/vc_column_inner][vc_column_inner width=&#8221;2\/3&#8243;][vc_column_text]Fr\u00f6wis Jagd-Sport-OptikVorstadt 3A-6800 FeldkirchTel. +43-(0)5522-72459www.froewis.co.atfroewis@froewis.co.at[\/vc_column_text][\/vc_column_inner][\/vc_row_inner][\/vc_column][\/vc_row][vc_row][vc_column][vc_empty_space height=&#8221;25px&#8221;][vc_row_inner][vc_column_inner width=&#8221;1\/3&#8243;][\/vc_column_inner][vc_column_inner width=&#8221;2\/3&#8243;][vc_column_text]STROBL. CZ s.r.o.Nov\u00e1 Ole\u0161n\u00e1 3937853 Nov\u00e1 Ole\u0161n\u00e1Tel: +420 728 760 443email: info@strobl.czwww.strobl.cz[\/vc_column_text][\/vc_column_inner][\/vc_row_inner][\/vc_column][\/vc_row][vc_row][vc_column][vc_empty_space height=&#8221;25px&#8221;][vc_row_inner][vc_column_inner width=&#8221;1\/3&#8243;][\/vc_column_inner][vc_column_inner width=&#8221;2\/3&#8243;][vc_column_text]GUNMAN63.DKv\/ Dan Bertelsen7451 SundsDenmarkTel.: +45 40202753Email: db@danbertelsen.dkwww.gunman63.minisite.dk\/HASLER-BULLETS[\/vc_column_text][\/vc_column_inner][\/vc_row_inner][\/vc_column][\/vc_row][vc_row][vc_column][vc_empty_space height=&#8221;25px&#8221;][vc_row_inner][vc_column_inner width=&#8221;1\/3&#8243;][vc_single_image image=&#8221;7621&#8243;][\/vc_column_inner][vc_column_inner width=&#8221;2\/3&#8243;][vc_column_text]SLEIPNIR PRECISIONGesch\u00e4ftsf\u00fchrer: Nadja HokeZunftstrasse 15DE-87490 HaldenwangPhone: +49-(0)151-534 326 31 n.hoke@sleipnir-precision.dewww.sleipnir-precision.de[\/vc_column_text][\/vc_column_inner][\/vc_row_inner][\/vc_column][\/vc_row][vc_row][vc_column][\/vc_column][\/vc_row][vc_row][vc_column][vc_empty_space height=&#8221;25px&#8221;][vc_row_inner][vc_column_inner width=&#8221;1\/3&#8243;][\/vc_column_inner][vc_column_inner width=&#8221;2\/3&#8243;][vc_column_text]HUBER AMMUNITIONGesch\u00e4ftsinhaberRichard HuberSchozacherstr. 5974388 TalheimGermanyPhone: +49 (0)7133 9018744Mail: huber-ammunition@t-online.de&hellip;<\/p>\n","protected":false},"author":6,"featured_media":0,"parent":0,"menu_order":82,"comment_status":"closed","ping_status":"closed","template":"templates\/right-sidebar.php","meta":{"footnotes":""},"class_list":["post-930","page","type-page","status-publish","hentry","entry","no-media"],"_links":{"self":[{"href":"https:\/\/www.haslerbullets.com\/en\/wp-json\/wp\/v2\/pages\/930","targetHints":{"allow":["GET"]}}],"collection":[{"href":"https:\/\/www.haslerbullets.com\/en\/wp-json\/wp\/v2\/pages"}],"about":[{"href":"https:\/\/www.haslerbullets.com\/en\/wp-json\/wp\/v2\/types\/page"}],"author":[{"embeddable":true,"href":"https:\/\/www.haslerbullets.com\/en\/wp-json\/wp\/v2\/users\/6"}],"replies":[{"embeddable":true,"href":"https:\/\/www.haslerbullets.com\/en\/wp-json\/wp\/v2\/comments?post=930"}],"version-history":[{"count":0,"href":"https:\/\/www.haslerbullets.com\/en\/wp-json\/wp\/v2\/pages\/930\/revisions"}],"wp:attachment":[{"href":"https:\/\/www.haslerbullets.com\/en\/wp-json\/wp\/v2\/media?parent=930"}],"curies":[{"name":"wp","href":"https:\/\/api.w.org\/{rel}","templated":true}]}}