{"id":3128,"date":"2015-07-06T20:33:31","date_gmt":"2018-05-06T14:34:13","guid":{"rendered":"https:\/\/www.haslerbullets.com\/les-balles-hasler\/"},"modified":"2023-08-18T15:25:18","modified_gmt":"2023-08-18T13:25:18","slug":"les-balles-hasler","status":"publish","type":"page","link":"https:\/\/www.haslerbullets.com\/fr\/les-balles-hasler\/","title":{"rendered":"LES BALLES HASLER"},"content":{"rendered":"<div class=\"wpb-content-wrapper\">[vc_row full_width=\u00a0\u00bbstretch_row\u00a0\u00bb content_placement=\u00a0\u00bbtop\u00a0\u00bb equal_height=\u00a0\u00bbyes\u00a0\u00bb wpex_bg_overlay=\u00a0\u00bbcustom\u00a0\u00bb css=\u00a0\u00bb.vc_custom_1692278379160{background-color: #ffffff !important;}\u00a0\u00bb wpex_bg_overlay_image=\u00a0\u00bb6237&Prime; wpex_bg_overlay_opacity=\u00a0\u00bb0.3&Prime; wpex_bg_overlay_color=\u00a0\u00bbrgba(255,255,255,0.1)\u00a0\u00bb][vc_column width=\u00a0\u00bb1\/2&Prime;][vc_column_text]\n<h2><strong>HISTOIRE<\/strong><\/h2>\n<p style=\"text-align: justify;\">La balle monolithique Hasler en alliage de cuivre est n\u00e9e d\u2019une id\u00e9e, en effet d\u2019un d\u00e9fi, de quatre amis qui souhaitaient obtenir un produit avec des caract\u00e9ristiques sup\u00e9rieures. Le catalyseur du projet a \u00e9t\u00e9 Giuseppe De Pasquale, un champion italien multiple et avec beaucoup de records dans les championnats d\u2019Italie d\u2019ordonnance, l\u2019ancienne ordonnance de 300 m\u00e8tres et la production et 22lr 100 m\u00e8tres. Sa passion pour atteindre la perfection et certaines de ses perspicacit\u00e9s des ann\u00e9es d\u2019essai et d\u2019exp\u00e9riences balistiques, ont impliqu\u00e9 les trois compagnons d\u2019aventure dans le projet.<\/p>\n<p style=\"text-align: justify;\"><img loading=\"lazy\" decoding=\"async\" class=\"aligncenter size-full wp-image-259\" src=\"https:\/\/www.haslerbullets.com\/wp-content\/uploads\/2015\/07\/hasler_ogive_storia.jpg\" alt=\"\" width=\"474\" height=\"181\" srcset=\"https:\/\/www.haslerbullets.com\/wp-content\/uploads\/2015\/07\/hasler_ogive_storia.jpg 474w, https:\/\/www.haslerbullets.com\/wp-content\/uploads\/2015\/07\/hasler_ogive_storia-300x115.jpg 300w\" sizes=\"auto, (max-width: 474px) 100vw, 474px\" \/><\/p>\n<p style=\"text-align: justify;\">La balle Hasler \u00e9tait n\u00e9e, une balle sous-contr\u00f4l\u00e9e munie d\u2019anneaux \u00e0 section circulaire et semi-circulaire qui, en utilisant le syst\u00e8me utilis\u00e9 dans les canons de gros calibre, minimise la surface de contact entre la balle et le canon.<\/p>\n[\/vc_column_text][\/vc_column][vc_column width=\u00a0\u00bb1\/2&Prime;][vc_column_text]\n<h2><strong>LA REALISATION<br \/>\n<\/strong><\/h2>\n<p>La r\u00e9alisation de cette s\u00e9rie des balles de comp\u00e9tition et de chasse, outre l\u2019exp\u00e9rience balistique, a \u00e9galement n\u00e9cessit\u00e9 recherche, conseil et exp\u00e9rimentation, connaissance de la m\u00e9tallurgie, disponibilit\u00e9 d\u2019\u00e9quipements sp\u00e9ciaux et de machines-outils, machinistes experts et surtout une s\u00e9lection rigoureuse des mat\u00e9riaux, mati\u00e8res premi\u00e8res de haute qualit\u00e9. Afin d\u2019obtenir un produit de qualit\u00e9 sup\u00e9rieure, il \u00e9tait n\u00e9cessaire d\u2019assurer un compromis parfait entre l\u2019ouvrabilit\u00e9 et les caract\u00e9ristiques m\u00e9caniques-balistiques, une exigence qui n\u00e9cessitait un investissement consid\u00e9rable pour obtenir le cuivre avec les caract\u00e9ristiques n\u00e9cessaires de l\u2019industrie. Malgr\u00e9 la complexit\u00e9 du projet, les fortes convictions de Giuseppe ont motiv\u00e9 le groupe \u00e0 suivre l\u2019id\u00e9e et \u00e0 donner vie aux balles de comp\u00e9tition et de chasse HASLER.<\/p>\n<p>&nbsp;<\/p>\n<p><img loading=\"lazy\" decoding=\"async\" class=\"aligncenter size-full wp-image-261\" src=\"https:\/\/www.haslerbullets.com\/wp-content\/uploads\/2015\/07\/hasler_tecnologia_risultati.jpg\" alt=\"\" width=\"474\" height=\"181\" srcset=\"https:\/\/www.haslerbullets.com\/wp-content\/uploads\/2015\/07\/hasler_tecnologia_risultati.jpg 474w, https:\/\/www.haslerbullets.com\/wp-content\/uploads\/2015\/07\/hasler_tecnologia_risultati-300x115.jpg 300w\" sizes=\"auto, (max-width: 474px) 100vw, 474px\" \/>[\/vc_column_text][\/vc_column][\/vc_row]\n<\/div>","protected":false},"excerpt":{"rendered":"<p>[vc_row full_width=\u00a0\u00bbstretch_row\u00a0\u00bb content_placement=\u00a0\u00bbtop\u00a0\u00bb equal_height=\u00a0\u00bbyes\u00a0\u00bb wpex_bg_overlay=\u00a0\u00bbcustom\u00a0\u00bb css=\u00a0\u00bb.vc_custom_1692278379160{background-color: #ffffff !important;}\u00a0\u00bb wpex_bg_overlay_image=\u00a0\u00bb6237&Prime; wpex_bg_overlay_opacity=\u00a0\u00bb0.3&Prime; wpex_bg_overlay_color=\u00a0\u00bbrgba(255,255,255,0.1)\u00a0\u00bb][vc_column width=\u00a0\u00bb1\/2&Prime;][vc_column_text] HISTOIRE La balle monolithique Hasler en alliage de cuivre est n\u00e9e d\u2019une id\u00e9e, en effet d\u2019un d\u00e9fi, de quatre amis qui souhaitaient obtenir un produit avec des caract\u00e9ristiques sup\u00e9rieures. Le catalyseur du projet a \u00e9t\u00e9 Giuseppe De Pasquale, un champion italien multiple et&hellip;<\/p>\n","protected":false},"author":6,"featured_media":0,"parent":0,"menu_order":12,"comment_status":"closed","ping_status":"closed","template":"templates\/no-sidebar.php","meta":{"footnotes":""},"class_list":["post-3128","page","type-page","status-publish","hentry","entry","no-media"],"_links":{"self":[{"href":"https:\/\/www.haslerbullets.com\/fr\/wp-json\/wp\/v2\/pages\/3128","targetHints":{"allow":["GET"]}}],"collection":[{"href":"https:\/\/www.haslerbullets.com\/fr\/wp-json\/wp\/v2\/pages"}],"about":[{"href":"https:\/\/www.haslerbullets.com\/fr\/wp-json\/wp\/v2\/types\/page"}],"author":[{"embeddable":true,"href":"https:\/\/www.haslerbullets.com\/fr\/wp-json\/wp\/v2\/users\/6"}],"replies":[{"embeddable":true,"href":"https:\/\/www.haslerbullets.com\/fr\/wp-json\/wp\/v2\/comments?post=3128"}],"version-history":[{"count":0,"href":"https:\/\/www.haslerbullets.com\/fr\/wp-json\/wp\/v2\/pages\/3128\/revisions"}],"wp:attachment":[{"href":"https:\/\/www.haslerbullets.com\/fr\/wp-json\/wp\/v2\/media?parent=3128"}],"curies":[{"name":"wp","href":"https:\/\/api.w.org\/{rel}","templated":true}]}}