{"id":3134,"date":"2015-07-06T20:34:00","date_gmt":"2018-05-06T14:47:40","guid":{"rendered":"https:\/\/www.haslerbullets.com\/les-recommandations-de-recharge\/"},"modified":"2024-01-18T10:19:54","modified_gmt":"2024-01-18T09:19:54","slug":"les-recommandations-de-recharge","status":"publish","type":"page","link":"https:\/\/www.haslerbullets.com\/fr\/les-recommandations-de-recharge\/","title":{"rendered":"LES RECOMMANDATIONS DE RECHARGE"},"content":{"rendered":"<div class=\"wpb-content-wrapper\">[vc_row full_width=\u00a0\u00bbstretch_row\u00a0\u00bb css=\u00a0\u00bb.vc_custom_1692200570997{background-color: #ffffff !important;}\u00a0\u00bb][vc_column width=\u00a0\u00bb1\/2&Prime;][vc_column_text]\n<h2><strong>INTRODUCTION<\/strong><\/h2>\n<p style=\"text-align: justify;\">Nous affirmons que la recharge est une activit\u00e9 dangereuse qui doit \u00eatre effectu\u00e9e uniquement par des personnes avec exp\u00e9rience et comp\u00e9tence et qui satisfont aux exigences de la loi.<\/p>\n<p style=\"text-align: justify;\"><strong>La responsabilit\u00e9 dans l\u2019activit\u00e9 de rechargement de munitions est exclusivement pour ceux qui s\u2019engagent dans cette activit\u00e9.<\/strong><\/p>\n<p style=\"text-align: justify;\">Il ne nous est pas possible de conna\u00eetre \u00e0 l\u2019avance l\u2019\u00e9tat de l\u2019arme, l\u2019enveloppe, la comp\u00e9tence de ceux qui essayent leur main, etc., ni aucune autre variable pr\u00e9sente au moment de la recharge; Pour cette raison, on n\u2019assume aucune responsabilit\u00e9 pour les cons\u00e9quences dues \u00e0 une proc\u00e9dure de chargement incorrecte.<\/p>\n<p style=\"text-align: justify;\">On ne fournit donc que des informations sur le type de poudre recommand\u00e9, sans entrer dans les d\u00e9tails des dosages. Les suggestions ne sont qu\u2019indicatives et n\u2019\u00e9puisent pas toutes les combinaisons possibles.<\/p>\n<p style=\"text-align: justify;\"><strong>Nous vous invitons toujours \u00e0 proc\u00e9der \u00e9tape par \u00e9tape \u00e0 la s\u00e9lection des dosages et \u00e0 faire tr\u00e8s attention aux signes de surpression.<\/strong><\/p>\n<p><img loading=\"lazy\" decoding=\"async\" class=\"aligncenter wp-image-254 size-full\" src=\"https:\/\/www.haslerbullets.com\/wp-content\/uploads\/2015\/07\/suggerimenti_caricamento_img.jpg\" alt=\"\" width=\"474\" height=\"181\" srcset=\"https:\/\/www.haslerbullets.com\/wp-content\/uploads\/2015\/07\/suggerimenti_caricamento_img.jpg 474w, https:\/\/www.haslerbullets.com\/wp-content\/uploads\/2015\/07\/suggerimenti_caricamento_img-300x115.jpg 300w\" sizes=\"auto, (max-width: 474px) 100vw, 474px\" \/><\/p>\n<h2><strong>QUELQUES SUGGESTIONS<br \/>\n<\/strong><\/h2>\n<p style=\"text-align: justify;\">On vous rappelle toujours d\u2019\u00eatre prudent et de rechercher le dosage de la poudre de mani\u00e8re progressive, en faisant attention aux signes de surpression. On vous rappelle aussi qu\u2019avec le changement de temp\u00e9rature ambiante, il peut y avoir (surtout dans les poudres monobasiques) des changements significatifs dans les pressions de fonctionnement. Il est n\u00e9cessaire de conna\u00eetre les mesures de per\u00e7age du canon dans lesquelles vous voulez utiliser le projectile pour \u00e9viter les erreurs et les accidents lors de la charge. \u00c0 titre d\u2019exemple, nous soulignons que pour les jauges 6,5 \u00d7 57 \/ 57r \/ 65 \/ 65r il y a un forage du canon avec des dimensions compl\u00e8tes de 6,45 mm et 6,70 mm pour les vides, tandis que pour la taille 6 , 5 \u00d7 55 su\u00e9dois la taille totale est de 6,50 mm tandis que le vide est de 6,73 mm. Le rechargement est une activit\u00e9 tr\u00e8s dangereuse qui ne peut \u00eatre pratiqu\u00e9e que par des personnes exp\u00e9riment\u00e9es et comp\u00e9tentes qui connaissent toutes les variables qu\u2019on vient de mentionner.<\/p>\n[\/vc_column_text][\/vc_column][vc_column width=\u00a0\u00bb1\/2&Prime;][vc_column_text]\n<h2 style=\"text-align: justify;\"><strong>HASLERBULLETS SU QUICKLOAD<\/strong><\/h2>\n<p style=\"text-align: justify;\"><img loading=\"lazy\" decoding=\"async\" class=\"size-full wp-image-358 alignleft\" src=\"https:\/\/www.haslerbullets.com\/wp-content\/uploads\/2015\/07\/quickload-logo.png\" alt=\"\" width=\"250\" height=\"37\" \/>Haslerbullets est sur QuickLOAD, le premier software balistique du monde. Pour l\u2019achat du software, il est possible de contacter Grande Armeria Camuna (www.gac-rifles.com). <a href=\"https:\/\/www.haslerbullets.com\/wp-content\/uploads\/2019\/04\/hasler.zip\">Cliquez ici<\/a> pour t\u00e9l\u00e9charger le fichier Hasler balle. Le fichier est compress\u00e9 au format ZIP. Avant de l\u2019utiliser avec QuickLOAD, vous devez le d\u00e9compresser. Si vous n\u2019avez pas d\u2019application pour le d\u00e9compresser, vous pouvez le t\u00e9l\u00e9charger.<\/p>\n<h2><strong>INSTRUCTIONS POUR LA RECHARGE<br \/>\n<\/strong><\/h2>\n<p style=\"text-align: justify;\"><img loading=\"lazy\" decoding=\"async\" class=\" wp-image-356 alignleft\" src=\"https:\/\/www.haslerbullets.com\/wp-content\/uploads\/2015\/07\/anelli_di_tenuta_500.png\" alt=\"\" width=\"351\" height=\"165\" srcset=\"https:\/\/www.haslerbullets.com\/wp-content\/uploads\/2015\/07\/anelli_di_tenuta_500.png 500w, https:\/\/www.haslerbullets.com\/wp-content\/uploads\/2015\/07\/anelli_di_tenuta_500-300x141.png 300w\" sizes=\"auto, (max-width: 351px) 100vw, 351px\" \/><\/p>\n<p style=\"text-align: justify;\">Les projectiles Hasler peuvent avoir 2 bagues d\u2019\u00e9tanch\u00e9it\u00e9 plus une bague pilote ou trois bagues d\u2019\u00e9tanch\u00e9it\u00e9 plus une bague pilote.<\/p>\n<p style=\"text-align: justify;\">La bague pilote a une forme diff\u00e9rente et elle est situ\u00e9e plus haut vers l\u2019extr\u00e9mit\u00e9 du projectile, sa fonction est de la rendre le plus coaxial possible pour ins\u00e9rer la balle dans le canon, au b\u00e9n\u00e9fice de la pr\u00e9cision.<\/p>\n<p style=\"text-align: justify;\"><img loading=\"lazy\" decoding=\"async\" class=\"wp-image-357 alignleft\" src=\"https:\/\/www.haslerbullets.com\/wp-content\/uploads\/2015\/07\/anelli_di_tenuta_colletto_600.png\" alt=\"\" width=\"419\" height=\"239\" srcset=\"https:\/\/www.haslerbullets.com\/wp-content\/uploads\/2015\/07\/anelli_di_tenuta_colletto_600.png 600w, https:\/\/www.haslerbullets.com\/wp-content\/uploads\/2015\/07\/anelli_di_tenuta_colletto_600-300x171.png 300w\" sizes=\"auto, (max-width: 419px) 100vw, 419px\" \/><\/p>\n<p style=\"text-align: justify;\">Il est n\u00e9cessaire lors de l\u2019assemblage, que deux bagues d\u2019\u00e9tanch\u00e9it\u00e9 au moins soient maintenues \u00e0 l\u2019int\u00e9rieur du collier (figures explicatives jointes).<\/p>\n<p style=\"text-align: justify;\">Le collier doit \u00eatre recalibr\u00e9 pendant au moins les deux tiers de sa longueur, mieux si tout.<\/p>\n<p style=\"text-align: justify;\">Le collier doit offrir une r\u00e9sistance suffisante pour maintenir fermement la balle. Pour les lentilles longues comme le 30\/168 \/ B\u00e9lier et le 7\/152 B\u00e9lier, certains peuvent avoir un l\u00e9ger sertissage avec \u00ab Factory Crimp Lee \u00bb, dans certains cas pour am\u00e9liorer la combustion, ainsi que pour maintenir la balle fermement dans les \u00e9triers avec des colliers courts. (300win.Mag., 7 Rem. Mag., Etc.). Lorsqu\u2019il est utilis\u00e9 avec semi-automatique, un l\u00e9ger sertissage ou un calibrage \u00abserr\u00e9\u00bb du collier est souhaitable.<\/p>\n<p style=\"text-align: justify;\">Si vous utilisez des matrices de douille, vous devez les positionner de sorte qu\u2019il y ait de la place dans le collier pour maintenir les deux bagues<\/p>\n<p style=\"text-align: justify;\">Freeboring: ce param\u00e8tre n\u2019est pas d\u00e9cisif pour la pr\u00e9cision du tir, normalement dans presque tous les calibres une mesure allant de 1 \u00e0 2 mm est atteinte et dans cette plage la pr\u00e9cision maximale est obtenue. Vous pouvez jouer sur la distance d\u2019insertion des deux anneaux tant qu\u2019ils restent \u00e0 l\u2019int\u00e9rieur du collier.<\/p>\n<p style=\"text-align: justify;\">Les balles Hasler offrent un bas frottement de la tige et, par cons\u00e9quent, une contre-pression plus faible. Ils auront besoin d\u2019une poudre l\u00e9g\u00e8rement plus vive pour r\u00e9tablir la pression n\u00e9cessaire \u00e0 la combustion parfaite de la poudre.<\/p>\n[\/vc_column_text][\/vc_column][\/vc_row]\n<\/div>","protected":false},"excerpt":{"rendered":"<p>[vc_row full_width=\u00a0\u00bbstretch_row\u00a0\u00bb css=\u00a0\u00bb.vc_custom_1692200570997{background-color: #ffffff !important;}\u00a0\u00bb][vc_column width=\u00a0\u00bb1\/2&Prime;][vc_column_text] INTRODUCTION Nous affirmons que la recharge est une activit\u00e9 dangereuse qui doit \u00eatre effectu\u00e9e uniquement par des personnes avec exp\u00e9rience et comp\u00e9tence et qui satisfont aux exigences de la loi. La responsabilit\u00e9 dans l\u2019activit\u00e9 de rechargement de munitions est exclusivement pour ceux qui s\u2019engagent dans cette activit\u00e9. Il ne&hellip;<\/p>\n","protected":false},"author":6,"featured_media":0,"parent":0,"menu_order":22,"comment_status":"closed","ping_status":"closed","template":"","meta":{"footnotes":""},"class_list":["post-3134","page","type-page","status-publish","hentry","entry","no-media"],"_links":{"self":[{"href":"https:\/\/www.haslerbullets.com\/fr\/wp-json\/wp\/v2\/pages\/3134","targetHints":{"allow":["GET"]}}],"collection":[{"href":"https:\/\/www.haslerbullets.com\/fr\/wp-json\/wp\/v2\/pages"}],"about":[{"href":"https:\/\/www.haslerbullets.com\/fr\/wp-json\/wp\/v2\/types\/page"}],"author":[{"embeddable":true,"href":"https:\/\/www.haslerbullets.com\/fr\/wp-json\/wp\/v2\/users\/6"}],"replies":[{"embeddable":true,"href":"https:\/\/www.haslerbullets.com\/fr\/wp-json\/wp\/v2\/comments?post=3134"}],"version-history":[{"count":0,"href":"https:\/\/www.haslerbullets.com\/fr\/wp-json\/wp\/v2\/pages\/3134\/revisions"}],"wp:attachment":[{"href":"https:\/\/www.haslerbullets.com\/fr\/wp-json\/wp\/v2\/media?parent=3134"}],"curies":[{"name":"wp","href":"https:\/\/api.w.org\/{rel}","templated":true}]}}