{"id":3140,"date":"2015-07-09T16:32:59","date_gmt":"2018-05-06T14:57:52","guid":{"rendered":"https:\/\/www.haslerbullets.com\/les-balles-monolithiques\/"},"modified":"2023-08-18T16:41:47","modified_gmt":"2023-08-18T14:41:47","slug":"les-balles-monolithiques","status":"publish","type":"page","link":"https:\/\/www.haslerbullets.com\/fr\/les-balles-monolithiques\/","title":{"rendered":"LES BALLES MONOLITHIQUES"},"content":{"rendered":"<div class=\"wpb-content-wrapper\">[vc_row full_width=\u00a0\u00bbstretch_row\u00a0\u00bb css=\u00a0\u00bb.vc_custom_1692201810551{background-color: #ffffff !important;}\u00a0\u00bb][vc_column][vc_single_image image=\u00a0\u00bb3142&Prime; alignment=\u00a0\u00bbcenter\u00a0\u00bb][\/vc_column][\/vc_row][vc_row full_width=\u00a0\u00bbstretch_row\u00a0\u00bb css=\u00a0\u00bb.vc_custom_1692201790680{background-color: #ffffff !important;}\u00a0\u00bb][vc_column width=\u00a0\u00bb1\/2&Prime;][vc_column_text]\n<h2><strong>LES BALLES MONOLITHIQUES EN CUIVRE<br \/>\n<\/strong><\/h2>\n<p style=\"text-align: justify;\">Les balles monolithiques sont destin\u00e9es \u00e0 prendre la place, d\u00e8s que possible, des balles en plomb traditionnelles avec le manteau de cuivre. Une n\u00e9cessit\u00e9 \u00e9cologique mais aussi une n\u00e9cessit\u00e9 de performance qui a conduit de nombreux constructeurs \u00e0 inclure des monolithes de cuivre dans leur liste.<br \/>\nMais toutes les entreprises ne sont pas identiques et par cons\u00e9quent, m\u00eame les produits ne le sont pas. Le r\u00e9sultat est directement proportionnel \u00e0 la croyance et au degr\u00e9 d\u2019innovation.<\/p>\n<p style=\"text-align: justify;\">Aujourd\u2019hui, Hasler repr\u00e9sente un progr\u00e8s dans la recherche de pr\u00e9cision de tir. L\u2019\u00e9quipe d\u2019experts dirig\u00e9e par le multi-professionnel Giuseppe De Pasquale a investi dans la recherche pour obtenir une balle monolithique en cuivre \u00e9tudi\u00e9e en d\u00e9tail, et cela, pr\u00e9cis\u00e9ment gr\u00e2ce aux d\u00e9tails, exprime sa sup\u00e9riorit\u00e9.<\/p>\n<p>&nbsp;<\/p>\n<h2><strong>POURQUOI CHOISIR LA SOUSCALIBR\u00c9E HASLER<br \/>\n<\/strong><\/h2>\n<p style=\"text-align: justify;\">La balle monolithique Hasler, gr\u00e2ce \u00e0 la structure en anneau, a un diam\u00e8tre de corps l\u00e9g\u00e8rement r\u00e9duit par rapport \u00e0 la jauge n\u00e9cessit\u00e9e par le canon. Ce sont seulement les anneaux sur la structure qui entrent en contact complet avec le canon (vide et plein), tandis que le reste du corps de la balle ne le fait pas.<\/p>\n<p><img loading=\"lazy\" decoding=\"async\" class=\" wp-image-298 alignleft\" style=\"margin-right: var(--global--spacing-horizontal);\" src=\"https:\/\/www.haslerbullets.com\/wp-content\/uploads\/2015\/07\/hasler_ogiva-canna_sezione.jpg\" alt=\"\" width=\"401\" height=\"153\" srcset=\"https:\/\/www.haslerbullets.com\/wp-content\/uploads\/2015\/07\/hasler_ogiva-canna_sezione.jpg 474w, https:\/\/www.haslerbullets.com\/wp-content\/uploads\/2015\/07\/hasler_ogiva-canna_sezione-300x115.jpg 300w\" sizes=\"auto, (max-width: 401px) 100vw, 401px\" \/><\/p>\n<p style=\"text-align: justify;\">Ainsi, alors que les projectiles conventionnels touchent le profil int\u00e9rieur du canon, produisant un frottement important et donc beaucoup de chaleur ainsi qu\u2019une forte contre-pression, les balles Hasler garantissent une friction r\u00e9duite et une vitesse de projectile plus \u00e9lev\u00e9e.<\/p>\n<p style=\"text-align: justify;\">Cela vous permet d\u2019utiliser des poudres rapides et de pr\u00e9server les barils d\u2019un traumatisme excessif, ainsi que de \u00abstresser\u00bb moins le tireur. Vous pouvez obtenir des coups tr\u00e8s serr\u00e9s sans d\u00e9passer les pressions pour chaque type de calibre.<\/p>\n<p>&nbsp;<br \/>\n[\/vc_column_text][\/vc_column][vc_column width=\u00a0\u00bb1\/2&Prime;][vc_column_text]\n<h2><strong>LE CUIVRE &lsquo;TOP&rsquo; QUI FAIT DE LA DIFF\u00c9RENCE<br \/>\n<\/strong><\/h2>\n<p style=\"text-align: justify;\">L\u2019alliage de cuivre utilis\u00e9 pour les balles monolithiques Hasler est d\u2019une qualit\u00e9 absolue et offre une homog\u00e9n\u00e9it\u00e9 et une flexibilit\u00e9 qui font la diff\u00e9rence \u00e0 la fois dans la phase de tir et dans la phase d\u2019impact.<\/p>\n<h2><strong>CINQ LIGNES DES PRODUITS<br \/>\n<\/strong><\/h2>\n<p style=\"text-align: justify;\">Les produits Hasler ont l\u2019ambition de vouloir \u00eatre les meilleurs que l\u2019on puisse tirer des connaissances actuelles dans le domaine des balles monolithiques en alliage de cuivre. L\u2019excellence qualitative appliqu\u00e9e dans les 3 domaines balistiques.<\/p>\n[\/vc_column_text]<div class=\"woocommerce columns-3\">\n\t<ul class=\"products wpex-grid wpex-grid-cols-3 wpex-pp-grid-cols-1 wpex-gap-20 wpex-clear\">\n\n<li class=\"product-category product first\">\n\t<a aria-label=\"Acc\u00e9der \u00e0 la cat\u00e9gorie de produits Hasler Hunting\" href=\"https:\/\/www.haslerbullets.com\/fr\/categorie-produit\/hasler-hunting-fr\/\"><img width=\"600\" height=\"600\" src=\"https:\/\/www.haslerbullets.com\/wp-content\/uploads\/2019\/03\/scatola_hunting_600x-1.jpg\" class=\"attachment-full size-full\" alt=\"Hasler Hunting\" loading=\"lazy\" decoding=\"async\" srcset=\"https:\/\/www.haslerbullets.com\/wp-content\/uploads\/2019\/03\/scatola_hunting_600x-1.jpg 600w, https:\/\/www.haslerbullets.com\/wp-content\/uploads\/2019\/03\/scatola_hunting_600x-1-150x150.jpg 150w, https:\/\/www.haslerbullets.com\/wp-content\/uploads\/2019\/03\/scatola_hunting_600x-1-300x300.jpg 300w, https:\/\/www.haslerbullets.com\/wp-content\/uploads\/2019\/03\/scatola_hunting_600x-1-180x180.jpg 180w\" sizes=\"auto, (max-width: 600px) 100vw, 600px\" \/>\t\t<h2 class=\"woocommerce-loop-category__title\">\n\t\t\tHasler Hunting <mark class=\"count\">(13)<\/mark>\t\t<\/h2>\n\t\t<\/a><\/li>\n<li class=\"product-category product\">\n\t<a aria-label=\"Acc\u00e9der \u00e0 la cat\u00e9gorie de produits Hasler ARIETE\" href=\"https:\/\/www.haslerbullets.com\/fr\/categorie-produit\/hasler-hunting-ariete-fr\/\"><img width=\"650\" height=\"650\" src=\"https:\/\/www.haslerbullets.com\/wp-content\/uploads\/2019\/03\/scatola_ariete_600x-1.jpg\" class=\"attachment-full size-full\" alt=\"Hasler ARIETE\" loading=\"lazy\" decoding=\"async\" srcset=\"https:\/\/www.haslerbullets.com\/wp-content\/uploads\/2019\/03\/scatola_ariete_600x-1.jpg 650w, https:\/\/www.haslerbullets.com\/wp-content\/uploads\/2019\/03\/scatola_ariete_600x-1-150x150.jpg 150w, https:\/\/www.haslerbullets.com\/wp-content\/uploads\/2019\/03\/scatola_ariete_600x-1-300x300.jpg 300w, https:\/\/www.haslerbullets.com\/wp-content\/uploads\/2019\/03\/scatola_ariete_600x-1-180x180.jpg 180w, https:\/\/www.haslerbullets.com\/wp-content\/uploads\/2019\/03\/scatola_ariete_600x-1-600x600.jpg 600w, https:\/\/www.haslerbullets.com\/wp-content\/uploads\/2019\/03\/scatola_ariete_600x-1-624x624.jpg 624w\" sizes=\"auto, (max-width: 650px) 100vw, 650px\" \/>\t\t<h2 class=\"woocommerce-loop-category__title\">\n\t\t\tHasler ARIETE <mark class=\"count\">(25)<\/mark>\t\t<\/h2>\n\t\t<\/a><\/li>\n<li class=\"product-category product last\">\n\t<a aria-label=\"Acc\u00e9der \u00e0 la cat\u00e9gorie de produits Hasler Long Range\" href=\"https:\/\/www.haslerbullets.com\/fr\/categorie-produit\/hasler-long-range-fr\/\"><img width=\"600\" height=\"600\" src=\"https:\/\/www.haslerbullets.com\/wp-content\/uploads\/2019\/03\/scatola_long-range_600x-1.jpg\" class=\"attachment-full size-full\" alt=\"Hasler Long Range\" loading=\"lazy\" decoding=\"async\" srcset=\"https:\/\/www.haslerbullets.com\/wp-content\/uploads\/2019\/03\/scatola_long-range_600x-1.jpg 600w, https:\/\/www.haslerbullets.com\/wp-content\/uploads\/2019\/03\/scatola_long-range_600x-1-150x150.jpg 150w, https:\/\/www.haslerbullets.com\/wp-content\/uploads\/2019\/03\/scatola_long-range_600x-1-300x300.jpg 300w, https:\/\/www.haslerbullets.com\/wp-content\/uploads\/2019\/03\/scatola_long-range_600x-1-180x180.jpg 180w\" sizes=\"auto, (max-width: 600px) 100vw, 600px\" \/>\t\t<h2 class=\"woocommerce-loop-category__title\">\n\t\t\tHasler Long Range <mark class=\"count\">(7)<\/mark>\t\t<\/h2>\n\t\t<\/a><\/li>\n<li class=\"product-category product first\">\n\t<a aria-label=\"Acc\u00e9der \u00e0 la cat\u00e9gorie de produits Hasler Sport\" href=\"https:\/\/www.haslerbullets.com\/fr\/categorie-produit\/hs-2017-fr\/\"><img width=\"600\" height=\"600\" src=\"https:\/\/www.haslerbullets.com\/wp-content\/uploads\/2019\/03\/scatola_sport_600x-1.jpg\" class=\"attachment-full size-full\" alt=\"Hasler Sport\" loading=\"lazy\" decoding=\"async\" srcset=\"https:\/\/www.haslerbullets.com\/wp-content\/uploads\/2019\/03\/scatola_sport_600x-1.jpg 600w, https:\/\/www.haslerbullets.com\/wp-content\/uploads\/2019\/03\/scatola_sport_600x-1-150x150.jpg 150w, https:\/\/www.haslerbullets.com\/wp-content\/uploads\/2019\/03\/scatola_sport_600x-1-300x300.jpg 300w, https:\/\/www.haslerbullets.com\/wp-content\/uploads\/2019\/03\/scatola_sport_600x-1-180x180.jpg 180w\" sizes=\"auto, (max-width: 600px) 100vw, 600px\" \/>\t\t<h2 class=\"woocommerce-loop-category__title\">\n\t\t\tHasler Sport <mark class=\"count\">(4)<\/mark>\t\t<\/h2>\n\t\t<\/a><\/li>\n<li class=\"product-category product\">\n\t<a aria-label=\"Acc\u00e9der \u00e0 la cat\u00e9gorie de produits Hasler Bull\" href=\"https:\/\/www.haslerbullets.com\/fr\/categorie-produit\/hasler-bull-fr\/\"><img width=\"600\" height=\"600\" src=\"https:\/\/www.haslerbullets.com\/wp-content\/uploads\/2023\/12\/hb-bull-categoria.jpg\" class=\"attachment-full size-full\" alt=\"Hasler Bull\" loading=\"lazy\" decoding=\"async\" srcset=\"https:\/\/www.haslerbullets.com\/wp-content\/uploads\/2023\/12\/hb-bull-categoria.jpg 600w, https:\/\/www.haslerbullets.com\/wp-content\/uploads\/2023\/12\/hb-bull-categoria-300x300.jpg 300w, https:\/\/www.haslerbullets.com\/wp-content\/uploads\/2023\/12\/hb-bull-categoria-150x150.jpg 150w, https:\/\/www.haslerbullets.com\/wp-content\/uploads\/2023\/12\/hb-bull-categoria-100x100.jpg 100w\" sizes=\"auto, (max-width: 600px) 100vw, 600px\" \/>\t\t<h2 class=\"woocommerce-loop-category__title\">\n\t\t\tHasler Bull <mark class=\"count\">(12)<\/mark>\t\t<\/h2>\n\t\t<\/a><\/li>\n<\/ul>\n<\/div>[\/vc_column][\/vc_row][vc_row full_width=\u00a0\u00bbstretch_row\u00a0\u00bb css=\u00a0\u00bb.vc_custom_1692201998655{background-color: #ffffff !important;}\u00a0\u00bb][vc_column][vc_column_text]\n<p style=\"text-align: justify;\">Hasler est une balle subcontr\u00f4l\u00e9e munie d\u2019anneaux \u00e0 section circulaire et semi-circulaire qui, exploitant le syst\u00e8me utilis\u00e9 dans les canons de gros calibre, offre des avantages fondamentaux pour les amateurs de pr\u00e9cision:<\/p>\n<ul style=\"text-align: justify;\">\n<li>Un faible coefficient de frottement entre le projectile et le canon du fusil car la surface de contact entre les anneaux et les fusils est beaucoup plus faible qu\u2019un projectile traditionnel.<\/li>\n<li>Un coefficient balistique tr\u00e8s \u00e9lev\u00e9 combin\u00e9 \u00e0 un coefficient de frottement plus bas permet des vitesses \u00e9lev\u00e9es et donc des tirages tr\u00e8s serr\u00e9s m\u00eame avec des tuyaux courts.<\/li>\n<li>Une r\u00e9duction consid\u00e9rable de l\u2019usure du canon en raison de la plus petite surface de contact et de la plus grande circulation du projectile.<\/li>\n<li>Des mat\u00e9riaux de haute qualit\u00e9 et un design con\u00e7u pour atteindre un maximum de performance et de pr\u00e9cision, \u00e0 la fois dans le sport et dans la chasse, dans lequel Hasler offre un excellent effet terminal.<\/li>\n<li>L\u2019\u00e9cart type sur le poids est inf\u00e9rieur au dixi\u00e8me de grain et celui relatif aux dimensions est inf\u00e9rieur \u00e0 + \u2013 3 microns par lot unique.<\/li>\n<\/ul>\n<p style=\"text-align: justify;\">La balle Hasler a toujours donn\u00e9 les meilleurs r\u00e9sultats sur tous les types de jauges et tiges test\u00e9es \u00e0 l\u2019exception des fusils polygonaux pour lesquels nous d\u00e9conseillons l\u2019utilisation de notre balle.<\/p>\n[\/vc_column_text][\/vc_column][\/vc_row]\n<\/div>","protected":false},"excerpt":{"rendered":"<p>[vc_row full_width=\u00a0\u00bbstretch_row\u00a0\u00bb css=\u00a0\u00bb.vc_custom_1692201810551{background-color: #ffffff !important;}\u00a0\u00bb][vc_column][vc_single_image image=\u00a0\u00bb3142&Prime; alignment=\u00a0\u00bbcenter\u00a0\u00bb][\/vc_column][\/vc_row][vc_row full_width=\u00a0\u00bbstretch_row\u00a0\u00bb css=\u00a0\u00bb.vc_custom_1692201790680{background-color: #ffffff !important;}\u00a0\u00bb][vc_column width=\u00a0\u00bb1\/2&Prime;][vc_column_text] LES BALLES MONOLITHIQUES EN CUIVRE Les balles monolithiques sont destin\u00e9es \u00e0 prendre la place, d\u00e8s que possible, des balles en plomb traditionnelles avec le manteau de cuivre. Une n\u00e9cessit\u00e9 \u00e9cologique mais aussi une n\u00e9cessit\u00e9 de performance qui a conduit de nombreux constructeurs \u00e0&hellip;<\/p>\n","protected":false},"author":6,"featured_media":0,"parent":0,"menu_order":14,"comment_status":"open","ping_status":"closed","template":"templates\/no-sidebar.php","meta":{"footnotes":""},"class_list":["post-3140","page","type-page","status-publish","hentry","entry","no-media"],"_links":{"self":[{"href":"https:\/\/www.haslerbullets.com\/fr\/wp-json\/wp\/v2\/pages\/3140","targetHints":{"allow":["GET"]}}],"collection":[{"href":"https:\/\/www.haslerbullets.com\/fr\/wp-json\/wp\/v2\/pages"}],"about":[{"href":"https:\/\/www.haslerbullets.com\/fr\/wp-json\/wp\/v2\/types\/page"}],"author":[{"embeddable":true,"href":"https:\/\/www.haslerbullets.com\/fr\/wp-json\/wp\/v2\/users\/6"}],"replies":[{"embeddable":true,"href":"https:\/\/www.haslerbullets.com\/fr\/wp-json\/wp\/v2\/comments?post=3140"}],"version-history":[{"count":0,"href":"https:\/\/www.haslerbullets.com\/fr\/wp-json\/wp\/v2\/pages\/3140\/revisions"}],"wp:attachment":[{"href":"https:\/\/www.haslerbullets.com\/fr\/wp-json\/wp\/v2\/media?parent=3140"}],"curies":[{"name":"wp","href":"https:\/\/api.w.org\/{rel}","templated":true}]}}