{"id":7144,"date":"2024-01-15T11:34:54","date_gmt":"2024-01-15T10:34:54","guid":{"rendered":"https:\/\/www.haslerbullets.com\/avviso-consigli-di-ricarica\/"},"modified":"2024-01-25T11:17:17","modified_gmt":"2024-01-25T10:17:17","slug":"avis-de-conseil-de-recharge","status":"publish","type":"page","link":"https:\/\/www.haslerbullets.com\/fr\/avis-de-conseil-de-recharge\/","title":{"rendered":"Avis de conseil de recharge"},"content":{"rendered":"<div class=\"wpb-content-wrapper\">[vc_row][vc_column][vc_column_text]\n<p style=\"text-align: justify;\">Premettiamo che la ricarica \u00e8 un&rsquo;attivit\u00e0 pericolosa che deve essere fatta solo da coloro che sono esperti e competenti e che posseggono i requisiti previsti dalla legge.<br \/>\nLa responsabilit\u00e0 nell&rsquo;attivit\u00e0 di ricarica munizioni \u00e8 esclusivamente di chi si cimenta in tale attivit\u00e0.<br \/>\nNon \u00e8 possibile per Hasler conoscere a priori la condizione dell&rsquo;arma, del bossolo, la competenza di coloro che si cimentano ecc., n\u00e9 nessun&rsquo;altra variabile presente al momento della ricarica stessa; per questa ragione Hasler non si assume nessuna responsabilit\u00e0 per eventuali conseguenze dovute ad un&rsquo;errata procedura di ricarica.<\/p>\n<p style=\"text-align: justify;\">Hasler si limita a fornire indicazioni sul tipo di polvere consigliata. I suggerimenti sui dosaggi sono solo indicativi e non esauriscono tutte le possibili combinazioni.<br \/>\nSi raccomanda di essere molto prudenti e a procedere sempre per gradi nella scelta dei dosaggi, partendo da un dosaggio inferiore di almeno due grani rispetto a quanto indicato nella successiva tabella e prestare la massima attenzione agli eventuali segni di sovrapressione.<br \/>\nOgni fucile risponde diversamente anche se appartenente allo stesso marchio. Diversi lotti di polvere, bossoli ed inneschi possono provocare grandi differenze di pressione. Una combinazione sfavorevole di queste variabili potrebbe essere molto pericolosa.<\/p>\n<p style=\"text-align: justify;\">Si ricorda che con il cambio di temperatura ambientale ci possono essere (soprattutto nelle polveri monobasiche) notevoli cambiamenti nelle pressioni di esercizio. \u00c8 necessario conoscere le misure della foratura della canna nella quale si vuole utilizzare il proiettile per evitare errori e incidenti nella ricarica.<\/p>\n<p style=\"text-align: justify;\">A titolo di esempio evidenziamo che per i calibri 6,5&#215;57\/57r\/65\/65r \u00e8 predisposta una foratura della canna con misure dei pieni di 6,45 mm e di 6, 70 mm per i vuoti, mentre per il calibro 6,5x 55 swedish la misura dei pieni \u00e8 di 6,50 mm mentre quella dei vuoti \u00e8 6. 73 mm.<\/p>\n<p style=\"text-align: justify;\">La ricarica \u00e8 una attivit\u00e0 molto pericolosa che pu\u00f2 essere praticata solo da persone esperte e competenti che conoscono tutte le variabili di cui si \u00e8 fatto solo cenno.<\/p>\n[\/vc_column_text][vc_row_inner][vc_column_inner width=\u00a0\u00bb1\/3&Prime;][\/vc_column_inner][vc_column_inner width=\u00a0\u00bb1\/3&Prime;]<div class=\"vcex-spacing wpex-w-100 wpex-clear\"><\/div><style>.vcex-button.vcex_69e4a872d215d{font-weight:400;text-transform:uppercase;}<\/style><div class=\"theme-button-wrap textcenter wpex-clr\"><a href=\"https:\/\/www.haslerbullets.com\/wp-content\/uploads\/2024\/01\/CONSIGLI-PER-LA-RICARICA-OGIVE-HASLER.pdf\" class=\"vcex-button theme-button red align-center inline vcex_69e4a872d215d\" target=\"_blank\" rel=\"noopener noreferrer\"><span class=\"vcex-button-inner theme-button-inner wpex-flex wpex-flex-wrap wpex-items-center wpex-justify-center\">Ho letto e compreso i pericoli della procedura di ricarica. Clicca qui per scaricare il PDF<\/span><\/a><\/div> [\/vc_column_inner][vc_column_inner width=\u00a0\u00bb1\/3&Prime;][\/vc_column_inner][\/vc_row_inner][\/vc_column][\/vc_row]\n<\/div>","protected":false},"excerpt":{"rendered":"<p>[vc_row][vc_column][vc_column_text] Premettiamo che la ricarica \u00e8 un&rsquo;attivit\u00e0 pericolosa che deve essere fatta solo da coloro che sono esperti e competenti e che posseggono i requisiti previsti dalla legge. La responsabilit\u00e0 nell&rsquo;attivit\u00e0 di ricarica munizioni \u00e8 esclusivamente di chi si cimenta in tale attivit\u00e0. Non \u00e8 possibile per Hasler conoscere a priori la condizione dell&rsquo;arma, del&hellip;<\/p>\n","protected":false},"author":6,"featured_media":0,"parent":0,"menu_order":20,"comment_status":"closed","ping_status":"closed","template":"","meta":{"footnotes":""},"class_list":["post-7144","page","type-page","status-publish","hentry","entry","no-media"],"_links":{"self":[{"href":"https:\/\/www.haslerbullets.com\/fr\/wp-json\/wp\/v2\/pages\/7144","targetHints":{"allow":["GET"]}}],"collection":[{"href":"https:\/\/www.haslerbullets.com\/fr\/wp-json\/wp\/v2\/pages"}],"about":[{"href":"https:\/\/www.haslerbullets.com\/fr\/wp-json\/wp\/v2\/types\/page"}],"author":[{"embeddable":true,"href":"https:\/\/www.haslerbullets.com\/fr\/wp-json\/wp\/v2\/users\/6"}],"replies":[{"embeddable":true,"href":"https:\/\/www.haslerbullets.com\/fr\/wp-json\/wp\/v2\/comments?post=7144"}],"version-history":[{"count":0,"href":"https:\/\/www.haslerbullets.com\/fr\/wp-json\/wp\/v2\/pages\/7144\/revisions"}],"wp:attachment":[{"href":"https:\/\/www.haslerbullets.com\/fr\/wp-json\/wp\/v2\/media?parent=7144"}],"curies":[{"name":"wp","href":"https:\/\/api.w.org\/{rel}","templated":true}]}}