{"id":3523,"date":"2015-07-07T16:00:02","date_gmt":"2015-07-07T14:00:02","guid":{"rendered":"https:\/\/www.haslerbullets.com\/shop\/senza%20categoria\/ogiva-ha-cal-30-da-168-grn-cb-0500-50-pieces\/"},"modified":"2021-06-03T23:14:45","modified_gmt":"2021-06-03T21:14:45","slug":"balle-ha-cal-30-da-168-grn-cb-0500-50-pieces","status":"publish","type":"product","link":"https:\/\/www.haslerbullets.com\/fr\/shop\/hasler-hunting-ariete-fr\/balle-ha-cal-30-da-168-grn-cb-0500-50-pieces\/","title":{"rendered":"Balle Ariete  cal. 30  168 grn CB 0,500 (50 pi\u00e8ces)"},"content":{"rendered":"<p>Balle Ariete cal. 30\u00a0 168 grn CB 0,500 (50 pi\u00e8ces)<\/p>\n<p>Les balles de la ligne Ariete sont fronc\u00e9es au lieu d&rsquo;\u00eatre fragment\u00e9es. Les boules de b\u00e9lier ont besoin d&rsquo;un contr\u00f4le plus fr\u00e9quent du niveau de placage de cuivre.<\/p>\n","protected":false},"excerpt":{"rendered":"<p>Balle Ariete cal. 30\u00a0 168 grn CB 0,500 (50 pi\u00e8ces)<\/p>\n","protected":false},"featured_media":4634,"template":"","meta":[],"product_brand":[],"product_cat":[90],"product_tag":[],"class_list":{"0":"post-3523","1":"product","2":"type-product","3":"status-publish","4":"has-post-thumbnail","6":"product_cat-hasler-hunting-ariete-fr","7":"entry","8":"has-media","10":"first","11":"instock","12":"shipping-taxable","13":"purchasable","14":"product-type-simple"},"_links":{"self":[{"href":"https:\/\/www.haslerbullets.com\/fr\/wp-json\/wp\/v2\/product\/3523","targetHints":{"allow":["GET"]}}],"collection":[{"href":"https:\/\/www.haslerbullets.com\/fr\/wp-json\/wp\/v2\/product"}],"about":[{"href":"https:\/\/www.haslerbullets.com\/fr\/wp-json\/wp\/v2\/types\/product"}],"wp:featuredmedia":[{"embeddable":true,"href":"https:\/\/www.haslerbullets.com\/fr\/wp-json\/wp\/v2\/media\/4634"}],"wp:attachment":[{"href":"https:\/\/www.haslerbullets.com\/fr\/wp-json\/wp\/v2\/media?parent=3523"}],"wp:term":[{"taxonomy":"product_brand","embeddable":true,"href":"https:\/\/www.haslerbullets.com\/fr\/wp-json\/wp\/v2\/product_brand?post=3523"},{"taxonomy":"product_cat","embeddable":true,"href":"https:\/\/www.haslerbullets.com\/fr\/wp-json\/wp\/v2\/product_cat?post=3523"},{"taxonomy":"product_tag","embeddable":true,"href":"https:\/\/www.haslerbullets.com\/fr\/wp-json\/wp\/v2\/product_tag?post=3523"}],"curies":[{"name":"wp","href":"https:\/\/api.w.org\/{rel}","templated":true}]}}