{"id":3533,"date":"2015-07-07T19:30:22","date_gmt":"2015-07-07T17:30:22","guid":{"rendered":"https:\/\/www.haslerbullets.com\/shop\/senza%20categoria\/ogiva-ha-cal-7-284-da-139-grn-cb-0450-5-anelli-50-pieces\/"},"modified":"2021-06-03T23:25:53","modified_gmt":"2021-06-03T21:25:53","slug":"balle-ha-cal-7-284-da-139-grn-cb-0450-5-anelli-50-pieces","status":"publish","type":"product","link":"https:\/\/www.haslerbullets.com\/fr\/shop\/hasler-hunting-ariete-fr\/balle-ha-cal-7-284-da-139-grn-cb-0450-5-anelli-50-pieces\/","title":{"rendered":"Balle Ariete  cal. 7 (.284)  139 grn CB 0,450 &#8211; 5 anelli  (50 pi\u00e8ces)"},"content":{"rendered":"<p>Balle Ariete cal. 7 (.284)\u00a0 139 grn CB 0,450 &#8211; 5 anelli (50 pi\u00e8ces)<\/p>\n<p>Les balles de la ligne Ariete sont fronc\u00e9es au lieu d&rsquo;\u00eatre fragment\u00e9es. Les boules de b\u00e9lier ont besoin d&rsquo;un contr\u00f4le plus fr\u00e9quent du niveau de placage de cuivre.<\/p>\n","protected":false},"excerpt":{"rendered":"<p>Balle Ariete cal. 7 (.284)\u00a0 139 grn CB 0,450 &#8211; 5 anelli (50 pi\u00e8ces)<\/p>\n","protected":false},"featured_media":4610,"template":"","meta":[],"product_brand":[],"product_cat":[90],"product_tag":[],"class_list":{"0":"post-3533","1":"product","2":"type-product","3":"status-publish","4":"has-post-thumbnail","6":"product_cat-hasler-hunting-ariete-fr","7":"entry","8":"has-media","10":"first","11":"instock","12":"shipping-taxable","13":"purchasable","14":"product-type-simple"},"_links":{"self":[{"href":"https:\/\/www.haslerbullets.com\/fr\/wp-json\/wp\/v2\/product\/3533","targetHints":{"allow":["GET"]}}],"collection":[{"href":"https:\/\/www.haslerbullets.com\/fr\/wp-json\/wp\/v2\/product"}],"about":[{"href":"https:\/\/www.haslerbullets.com\/fr\/wp-json\/wp\/v2\/types\/product"}],"wp:featuredmedia":[{"embeddable":true,"href":"https:\/\/www.haslerbullets.com\/fr\/wp-json\/wp\/v2\/media\/4610"}],"wp:attachment":[{"href":"https:\/\/www.haslerbullets.com\/fr\/wp-json\/wp\/v2\/media?parent=3533"}],"wp:term":[{"taxonomy":"product_brand","embeddable":true,"href":"https:\/\/www.haslerbullets.com\/fr\/wp-json\/wp\/v2\/product_brand?post=3533"},{"taxonomy":"product_cat","embeddable":true,"href":"https:\/\/www.haslerbullets.com\/fr\/wp-json\/wp\/v2\/product_cat?post=3533"},{"taxonomy":"product_tag","embeddable":true,"href":"https:\/\/www.haslerbullets.com\/fr\/wp-json\/wp\/v2\/product_tag?post=3533"}],"curies":[{"name":"wp","href":"https:\/\/api.w.org\/{rel}","templated":true}]}}