{"id":3558,"date":"2015-07-08T17:30:46","date_gmt":"2015-07-08T15:30:46","guid":{"rendered":"https:\/\/www.haslerbullets.com\/shop\/senza%20categoria\/balle-h-cal-30-da-154-grn-cb-0435-50-pieces\/"},"modified":"2021-06-02T22:39:29","modified_gmt":"2021-06-02T20:39:29","slug":"balle-h-cal-30-da-154-grn-cb-0435-50-pieces","status":"publish","type":"product","link":"https:\/\/www.haslerbullets.com\/fr\/shop\/hasler-hunting-fr\/balle-h-cal-30-da-154-grn-cb-0435-50-pieces\/","title":{"rendered":"Balle H cal 30 154 grn CB 0,435 (50 pi\u00e8ces)"},"content":{"rendered":"<p>Balle H cal 30 154 grn CB 0,435 (50 pi\u00e8ces)<\/p>\n<p>&lt;p style=\u00a0\u00bbtext-align: justify;\u00a0\u00bb&gt;Cette ligne est d\u00e9di\u00e9e \u00e0 la chasse. Ce sont des balles avec un design HPBT sp\u00e9cifique, dont la structure externe est la m\u00eame que celles d\u00e9di\u00e9es au tir de pr\u00e9cision.<br \/>\nLa diff\u00e9rence est seulement dans les mesures de la gorge et la pr\u00e9sence de trois ou quatre broches \u00e0 l&rsquo;int\u00e9rieur de la gorge qui affaiblissent la structure facilitant une ouverture en douceur. Ceci, combin\u00e9 avec l&rsquo;excellente qualit\u00e9 de l&rsquo;alliage de cuivre, offre des avantages importants m\u00eame en chasse, car un \u00e9quilibre parfait est obtenu entre la pr\u00e9cision, l&rsquo;effet final et la d\u00e9fense de la chair de l&rsquo;animal. L&rsquo;ouverture homog\u00e8ne de la balle est de nature \u00e0 garantir la mise \u00e0 mort mais ne g\u00e2che pas l&rsquo;animal.&lt;\/p&gt;<br \/>\n&lt;p style=\u00a0\u00bbtext-align: justify;\u00a0\u00bb&gt;&lt;img class=\u00a0\u00bbalignleft size-medium wp-image-215&Prime; src=\u00a0\u00bbhttps:\/\/www.haslerbullets.com\/wp-content\/uploads\/2015\/07\/brevetto_hasler_800-300&#215;225.jpg\u00a0\u00bb alt=\u00a0\u00bbbrevetto_hasler_800&Prime; width=\u00a0\u00bb300&Prime; height=\u00a0\u00bb225&Prime; \/&gt; &lt;a href=\u00a0\u00bbhttps:\/\/www.haslerbullets.com\/wp-content\/uploads\/2015\/07\/gelatina_balistica_655.jpg\u00a0\u00bb&gt;&lt;img class=\u00a0\u00bbalignleft size-medium wp-image-216&Prime; src=\u00a0\u00bbhttps:\/\/www.haslerbullets.com\/wp-content\/uploads\/2015\/07\/gelatina_balistica_655-300&#215;225.jpg\u00a0\u00bb alt=\u00a0\u00bbgelatina_balistica_655&Prime; width=\u00a0\u00bb300&Prime; height=\u00a0\u00bb225&Prime; \/&gt;&lt;\/a&gt;La balle sous-calibr\u00e9e offre un autre avantage fondamental du point de vue de la chasse, \u00e0 savoir la possibilit\u00e9 de charger des propulseurs rapides et de maintenir une grande pr\u00e9cision m\u00eame avec des tuyaux courts.<br \/>\nLe r\u00e9sultat est un plus grand confort de chasse pour le chasseur et moins de frottement sur le profil int\u00e9rieur du canon. Les monolithes Hasler avec la structure caract\u00e9ristique du joint torique, offrent un excellent coefficient balistique qui favorise une augmentation de la vitesse.&lt;\/p&gt;<\/p>\n","protected":false},"excerpt":{"rendered":"<p>Balle H cal 30 154 grn CB 0,435 (50 pi\u00e8ces)<\/p>\n<p>Cette ligne est d\u00e9di\u00e9e \u00e0 la chasse. Ce sont des balles avec un design HPBT sp\u00e9cifique, dont la structure externe est la m\u00eame que celles d\u00e9di\u00e9es au tir de pr\u00e9cision.<\/p>\n","protected":false},"featured_media":4714,"template":"","meta":[],"product_brand":[],"product_cat":[89],"product_tag":[],"class_list":{"0":"post-3558","1":"product","2":"type-product","3":"status-publish","4":"has-post-thumbnail","6":"product_cat-hasler-hunting-fr","7":"entry","8":"has-media","10":"first","11":"instock","12":"shipping-taxable","13":"purchasable","14":"product-type-simple"},"_links":{"self":[{"href":"https:\/\/www.haslerbullets.com\/fr\/wp-json\/wp\/v2\/product\/3558","targetHints":{"allow":["GET"]}}],"collection":[{"href":"https:\/\/www.haslerbullets.com\/fr\/wp-json\/wp\/v2\/product"}],"about":[{"href":"https:\/\/www.haslerbullets.com\/fr\/wp-json\/wp\/v2\/types\/product"}],"wp:featuredmedia":[{"embeddable":true,"href":"https:\/\/www.haslerbullets.com\/fr\/wp-json\/wp\/v2\/media\/4714"}],"wp:attachment":[{"href":"https:\/\/www.haslerbullets.com\/fr\/wp-json\/wp\/v2\/media?parent=3558"}],"wp:term":[{"taxonomy":"product_brand","embeddable":true,"href":"https:\/\/www.haslerbullets.com\/fr\/wp-json\/wp\/v2\/product_brand?post=3558"},{"taxonomy":"product_cat","embeddable":true,"href":"https:\/\/www.haslerbullets.com\/fr\/wp-json\/wp\/v2\/product_cat?post=3558"},{"taxonomy":"product_tag","embeddable":true,"href":"https:\/\/www.haslerbullets.com\/fr\/wp-json\/wp\/v2\/product_tag?post=3558"}],"curies":[{"name":"wp","href":"https:\/\/api.w.org\/{rel}","templated":true}]}}