{"id":3604,"date":"2015-07-09T23:00:14","date_gmt":"2015-07-09T21:00:14","guid":{"rendered":"https:\/\/www.haslerbullets.com\/shop\/senza%20categoria\/balle-s-65-264-da-110-grn-cb-0365-50-pieces\/"},"modified":"2022-04-01T23:07:10","modified_gmt":"2022-04-01T21:07:10","slug":"balle-s-65-264-da-110-grn-cb-0365","status":"publish","type":"product","link":"https:\/\/www.haslerbullets.com\/fr\/shop\/hs-2017-fr\/balle-s-65-264-da-110-grn-cb-0365\/","title":{"rendered":"Balle S 6,5 (.264) 110 grn CB 0,365 (100 pi\u00e8ces)"},"content":{"rendered":"<p>Balle S 6,5 (.264) 110 grn CB 0,365 (100 pi\u00e8ces)<\/p>\n<p>Cette ligne est d\u00e9di\u00e9e \u00e0 l&rsquo;utilisation sportive dans les stands de tir. Ce sont des articles HPBT.<\/p>\n","protected":false},"excerpt":{"rendered":"<p>Balle S 6,5 (.264) 110 grn CB 0,365 (100 pi\u00e8ces)<\/p>\n","protected":false},"featured_media":4722,"template":"","meta":[],"product_brand":[],"product_cat":[92],"product_tag":[],"class_list":{"0":"post-3604","1":"product","2":"type-product","3":"status-publish","4":"has-post-thumbnail","6":"product_cat-hs-2017-fr","7":"entry","8":"has-media","10":"first","11":"instock","12":"shipping-taxable","13":"purchasable","14":"product-type-simple"},"_links":{"self":[{"href":"https:\/\/www.haslerbullets.com\/fr\/wp-json\/wp\/v2\/product\/3604","targetHints":{"allow":["GET"]}}],"collection":[{"href":"https:\/\/www.haslerbullets.com\/fr\/wp-json\/wp\/v2\/product"}],"about":[{"href":"https:\/\/www.haslerbullets.com\/fr\/wp-json\/wp\/v2\/types\/product"}],"wp:featuredmedia":[{"embeddable":true,"href":"https:\/\/www.haslerbullets.com\/fr\/wp-json\/wp\/v2\/media\/4722"}],"wp:attachment":[{"href":"https:\/\/www.haslerbullets.com\/fr\/wp-json\/wp\/v2\/media?parent=3604"}],"wp:term":[{"taxonomy":"product_brand","embeddable":true,"href":"https:\/\/www.haslerbullets.com\/fr\/wp-json\/wp\/v2\/product_brand?post=3604"},{"taxonomy":"product_cat","embeddable":true,"href":"https:\/\/www.haslerbullets.com\/fr\/wp-json\/wp\/v2\/product_cat?post=3604"},{"taxonomy":"product_tag","embeddable":true,"href":"https:\/\/www.haslerbullets.com\/fr\/wp-json\/wp\/v2\/product_tag?post=3604"}],"curies":[{"name":"wp","href":"https:\/\/api.w.org\/{rel}","templated":true}]}}