{"id":4229,"date":"2015-07-07T15:00:36","date_gmt":"2015-07-07T13:00:36","guid":{"rendered":"https:\/\/www.haslerbullets.com\/fr\/shop\/hasler-hunting-ariete-fr\/balle-ariete-cal-103-da-210-grn-40-pieces-copy\/"},"modified":"2020-06-19T14:38:54","modified_gmt":"2020-06-19T12:38:54","slug":"balle-ariete-cal-338-da-226-grn-30pz","status":"publish","type":"product","link":"https:\/\/www.haslerbullets.com\/fr\/shop\/hasler-hunting-ariete-fr\/balle-ariete-cal-338-da-226-grn-30pz\/","title":{"rendered":"Balle Ariete cal. 338 da 226 grn cb 0,610  (30pz)"},"content":{"rendered":"<p>Balle\u00a0 Ariete cal. 338 da 226 grn cb 0,610 (30pz)<\/p>\n<p>Les balles de la ligne Ariete sont fronc\u00e9es au lieu d&rsquo;\u00eatre fragment\u00e9es. Les boules de b\u00e9lier ont besoin d&rsquo;un contr\u00f4le plus fr\u00e9quent du niveau de placage de cuivre.<\/p>\n","protected":false},"excerpt":{"rendered":"<p>Balle\u00a0 Ariete cal. 338 da 226 grn\u00a0cb 0,610 (30pz)<\/p>\n","protected":false},"featured_media":4654,"template":"","meta":[],"product_brand":[],"product_cat":[90],"product_tag":[],"class_list":{"0":"post-4229","1":"product","2":"type-product","3":"status-publish","4":"has-post-thumbnail","6":"product_cat-hasler-hunting-ariete-fr","7":"entry","8":"has-media","10":"first","11":"instock","12":"shipping-taxable","13":"purchasable","14":"product-type-simple"},"_links":{"self":[{"href":"https:\/\/www.haslerbullets.com\/fr\/wp-json\/wp\/v2\/product\/4229","targetHints":{"allow":["GET"]}}],"collection":[{"href":"https:\/\/www.haslerbullets.com\/fr\/wp-json\/wp\/v2\/product"}],"about":[{"href":"https:\/\/www.haslerbullets.com\/fr\/wp-json\/wp\/v2\/types\/product"}],"wp:featuredmedia":[{"embeddable":true,"href":"https:\/\/www.haslerbullets.com\/fr\/wp-json\/wp\/v2\/media\/4654"}],"wp:attachment":[{"href":"https:\/\/www.haslerbullets.com\/fr\/wp-json\/wp\/v2\/media?parent=4229"}],"wp:term":[{"taxonomy":"product_brand","embeddable":true,"href":"https:\/\/www.haslerbullets.com\/fr\/wp-json\/wp\/v2\/product_brand?post=4229"},{"taxonomy":"product_cat","embeddable":true,"href":"https:\/\/www.haslerbullets.com\/fr\/wp-json\/wp\/v2\/product_cat?post=4229"},{"taxonomy":"product_tag","embeddable":true,"href":"https:\/\/www.haslerbullets.com\/fr\/wp-json\/wp\/v2\/product_tag?post=4229"}],"curies":[{"name":"wp","href":"https:\/\/api.w.org\/{rel}","templated":true}]}}