{"id":4831,"date":"2019-08-14T15:21:36","date_gmt":"2019-08-14T13:21:36","guid":{"rendered":"https:\/\/www.haslerbullets.com\/fr\/shop\/munizioni-hunting\/balle-ariete-cal-338-da-226-grn-30pz-2\/"},"modified":"2026-02-27T08:12:14","modified_gmt":"2026-02-27T07:12:14","slug":"balle-ariete-cal-338-da-226-grn-30pz-2","status":"publish","type":"product","link":"https:\/\/www.haslerbullets.com\/fr\/shop\/munition-hunting\/balle-ariete-cal-338-da-226-grn-30pz-2\/","title":{"rendered":"Balle Ariete cal. 338 da 226 grn (30pz)"},"content":{"rendered":"<p>Balle\u00a0 Ariete cal. 338 da 226 grn (30pz)<\/p>\n<p>Les balles de la ligne Ariete sont fronc\u00e9es au lieu d&rsquo;\u00eatre fragment\u00e9es. Les boules de b\u00e9lier ont besoin d&rsquo;un contr\u00f4le plus fr\u00e9quent du niveau de placage de cuivre.<\/p>\n","protected":false},"excerpt":{"rendered":"<p>Balle\u00a0 Ariete cal. 338 da 226 grn (30pz)<\/p>\n","protected":false},"featured_media":4883,"template":"","meta":[],"product_brand":[],"product_cat":[154],"product_tag":[],"class_list":{"0":"post-4831","1":"product","2":"type-product","3":"status-publish","4":"has-post-thumbnail","6":"product_cat-munition-hunting","7":"entry","8":"has-media","10":"first","11":"outofstock","12":"shipping-taxable","13":"product-type-simple"},"_links":{"self":[{"href":"https:\/\/www.haslerbullets.com\/fr\/wp-json\/wp\/v2\/product\/4831","targetHints":{"allow":["GET"]}}],"collection":[{"href":"https:\/\/www.haslerbullets.com\/fr\/wp-json\/wp\/v2\/product"}],"about":[{"href":"https:\/\/www.haslerbullets.com\/fr\/wp-json\/wp\/v2\/types\/product"}],"wp:featuredmedia":[{"embeddable":true,"href":"https:\/\/www.haslerbullets.com\/fr\/wp-json\/wp\/v2\/media\/4883"}],"wp:attachment":[{"href":"https:\/\/www.haslerbullets.com\/fr\/wp-json\/wp\/v2\/media?parent=4831"}],"wp:term":[{"taxonomy":"product_brand","embeddable":true,"href":"https:\/\/www.haslerbullets.com\/fr\/wp-json\/wp\/v2\/product_brand?post=4831"},{"taxonomy":"product_cat","embeddable":true,"href":"https:\/\/www.haslerbullets.com\/fr\/wp-json\/wp\/v2\/product_cat?post=4831"},{"taxonomy":"product_tag","embeddable":true,"href":"https:\/\/www.haslerbullets.com\/fr\/wp-json\/wp\/v2\/product_tag?post=4831"}],"curies":[{"name":"wp","href":"https:\/\/api.w.org\/{rel}","templated":true}]}}