{"id":5482,"date":"2015-07-07T23:00:39","date_gmt":"2015-07-07T21:00:39","guid":{"rendered":"https:\/\/www.haslerbullets.com\/fr\/shop\/hasler-hunting-ariete-fr\/balle-ariete-cal-338-da-226-grn-cb-0610-30pz-copy\/"},"modified":"2021-04-30T10:58:55","modified_gmt":"2021-04-30T08:58:55","slug":"balle-ariete-cal-6-243-77-grn-cb-0370-50-pieces","status":"publish","type":"product","link":"https:\/\/www.haslerbullets.com\/fr\/shop\/hasler-hunting-ariete-fr\/balle-ariete-cal-6-243-77-grn-cb-0370-50-pieces\/","title":{"rendered":"Balle Ariete cal. 6 (.243), 77 grn CB 0,370 (50 pi\u00e8ces)"},"content":{"rendered":"<p>Balle Ariete cal. 6 (.243), 77 grn CB 0,370 (50 pi\u00e8ces)<\/p>\n<p>Les balles de la ligne Ariete sont fronc\u00e9es au lieu d&rsquo;\u00eatre fragment\u00e9es. Les boules de b\u00e9lier ont besoin d&rsquo;un contr\u00f4le plus fr\u00e9quent du niveau de placage de cuivre.<\/p>\n","protected":false},"excerpt":{"rendered":"<p>Balle Ariete cal. 6 (.243), 77 grn CB 0,370 (50 pi\u00e8ces)<\/p>\n","protected":false},"featured_media":5489,"template":"","meta":[],"product_brand":[],"product_cat":[90],"product_tag":[],"class_list":{"0":"post-5482","1":"product","2":"type-product","3":"status-publish","4":"has-post-thumbnail","6":"product_cat-hasler-hunting-ariete-fr","7":"entry","8":"has-media","10":"first","11":"instock","12":"shipping-taxable","13":"purchasable","14":"product-type-simple"},"_links":{"self":[{"href":"https:\/\/www.haslerbullets.com\/fr\/wp-json\/wp\/v2\/product\/5482","targetHints":{"allow":["GET"]}}],"collection":[{"href":"https:\/\/www.haslerbullets.com\/fr\/wp-json\/wp\/v2\/product"}],"about":[{"href":"https:\/\/www.haslerbullets.com\/fr\/wp-json\/wp\/v2\/types\/product"}],"wp:featuredmedia":[{"embeddable":true,"href":"https:\/\/www.haslerbullets.com\/fr\/wp-json\/wp\/v2\/media\/5489"}],"wp:attachment":[{"href":"https:\/\/www.haslerbullets.com\/fr\/wp-json\/wp\/v2\/media?parent=5482"}],"wp:term":[{"taxonomy":"product_brand","embeddable":true,"href":"https:\/\/www.haslerbullets.com\/fr\/wp-json\/wp\/v2\/product_brand?post=5482"},{"taxonomy":"product_cat","embeddable":true,"href":"https:\/\/www.haslerbullets.com\/fr\/wp-json\/wp\/v2\/product_cat?post=5482"},{"taxonomy":"product_tag","embeddable":true,"href":"https:\/\/www.haslerbullets.com\/fr\/wp-json\/wp\/v2\/product_tag?post=5482"}],"curies":[{"name":"wp","href":"https:\/\/api.w.org\/{rel}","templated":true}]}}