{"id":7664,"date":"2015-07-07T12:30:26","date_gmt":"2015-07-07T10:30:26","guid":{"rendered":"https:\/\/www.haslerbullets.com\/?post_type=product&#038;p=7664"},"modified":"2026-02-10T14:14:44","modified_gmt":"2026-02-10T13:14:44","slug":"balle-ariete-cal-338-250-grn-cb-0620-30-pieces-copia","status":"publish","type":"product","link":"https:\/\/www.haslerbullets.com\/fr\/shop\/hasler-hunting-ariete-fr\/balle-ariete-cal-338-250-grn-cb-0620-30-pieces-copia\/","title":{"rendered":"Ogive Ariete STD cal. 10,3 da 210 grn CB 0,240 (40pz)"},"content":{"rendered":"<p>Ariete Ogive STD cal. 10,3 de 210 grn CB 0,240 (40 pi\u00e8ces)<\/p>\n<p>Ces balles conservent les caract\u00e9ristiques d&rsquo;expansion de toutes les balles de la gamme Ariete, ce qui repr\u00e9sente un r\u00e9sultat optimal entre coefficient balistique et effet terminal.<\/p>\n","protected":false},"excerpt":{"rendered":"<p>Ogive Ariete STD cal. 10,3 da 210 grn CB 0,240 (40pz)<\/p>\n","protected":false},"featured_media":7695,"template":"","meta":[],"product_brand":[],"product_cat":[90],"product_tag":[],"class_list":{"0":"post-7664","1":"product","2":"type-product","3":"status-publish","4":"has-post-thumbnail","6":"product_cat-hasler-hunting-ariete-fr","7":"entry","8":"has-media","10":"first","11":"instock","12":"shipping-taxable","13":"purchasable","14":"product-type-simple"},"_links":{"self":[{"href":"https:\/\/www.haslerbullets.com\/fr\/wp-json\/wp\/v2\/product\/7664","targetHints":{"allow":["GET"]}}],"collection":[{"href":"https:\/\/www.haslerbullets.com\/fr\/wp-json\/wp\/v2\/product"}],"about":[{"href":"https:\/\/www.haslerbullets.com\/fr\/wp-json\/wp\/v2\/types\/product"}],"wp:featuredmedia":[{"embeddable":true,"href":"https:\/\/www.haslerbullets.com\/fr\/wp-json\/wp\/v2\/media\/7695"}],"wp:attachment":[{"href":"https:\/\/www.haslerbullets.com\/fr\/wp-json\/wp\/v2\/media?parent=7664"}],"wp:term":[{"taxonomy":"product_brand","embeddable":true,"href":"https:\/\/www.haslerbullets.com\/fr\/wp-json\/wp\/v2\/product_brand?post=7664"},{"taxonomy":"product_cat","embeddable":true,"href":"https:\/\/www.haslerbullets.com\/fr\/wp-json\/wp\/v2\/product_cat?post=7664"},{"taxonomy":"product_tag","embeddable":true,"href":"https:\/\/www.haslerbullets.com\/fr\/wp-json\/wp\/v2\/product_tag?post=7664"}],"curies":[{"name":"wp","href":"https:\/\/api.w.org\/{rel}","templated":true}]}}