{"id":7680,"date":"2015-07-07T12:00:53","date_gmt":"2015-07-07T10:00:53","guid":{"rendered":"https:\/\/www.haslerbullets.com\/?post_type=product&#038;p=7680"},"modified":"2026-02-10T14:14:36","modified_gmt":"2026-02-10T13:14:36","slug":"ogive-ariete-std-cal-103-da-210-grn-cb-0240-40pz-copia","status":"publish","type":"product","link":"https:\/\/www.haslerbullets.com\/fr\/shop\/hasler-hunting-ariete-fr\/ogive-ariete-std-cal-103-da-210-grn-cb-0240-40pz-copia\/","title":{"rendered":"Ariete PLUS Wishbone cal. 10,3 de 210 grn CB 0,240 (40pi\u00e8ces)"},"content":{"rendered":"<p>Ariete PLUS Wishbone cal. 10,3 de 210 grn CB 0,240 (40 pi\u00e8ces)<\/p>\n<p>La gamme PLUS de 10.3, bien que conservant l&rsquo;action d&rsquo;expansion, privil\u00e9gie l&rsquo;effet terminal par rapport \u00e0 la gamme STANDARD, ce qui la rend plus adapt\u00e9e aux animaux de grande taille.<\/p>\n","protected":false},"excerpt":{"rendered":"<p>Ariete PLUS Wishbone cal. 10,3 de 210 grn CB 0,240 (40 pi\u00e8ces)<\/p>\n","protected":false},"featured_media":7699,"template":"","meta":[],"product_brand":[],"product_cat":[90],"product_tag":[],"class_list":{"0":"post-7680","1":"product","2":"type-product","3":"status-publish","4":"has-post-thumbnail","6":"product_cat-hasler-hunting-ariete-fr","7":"entry","8":"has-media","10":"first","11":"instock","12":"shipping-taxable","13":"purchasable","14":"product-type-simple"},"_links":{"self":[{"href":"https:\/\/www.haslerbullets.com\/fr\/wp-json\/wp\/v2\/product\/7680","targetHints":{"allow":["GET"]}}],"collection":[{"href":"https:\/\/www.haslerbullets.com\/fr\/wp-json\/wp\/v2\/product"}],"about":[{"href":"https:\/\/www.haslerbullets.com\/fr\/wp-json\/wp\/v2\/types\/product"}],"wp:featuredmedia":[{"embeddable":true,"href":"https:\/\/www.haslerbullets.com\/fr\/wp-json\/wp\/v2\/media\/7699"}],"wp:attachment":[{"href":"https:\/\/www.haslerbullets.com\/fr\/wp-json\/wp\/v2\/media?parent=7680"}],"wp:term":[{"taxonomy":"product_brand","embeddable":true,"href":"https:\/\/www.haslerbullets.com\/fr\/wp-json\/wp\/v2\/product_brand?post=7680"},{"taxonomy":"product_cat","embeddable":true,"href":"https:\/\/www.haslerbullets.com\/fr\/wp-json\/wp\/v2\/product_cat?post=7680"},{"taxonomy":"product_tag","embeddable":true,"href":"https:\/\/www.haslerbullets.com\/fr\/wp-json\/wp\/v2\/product_tag?post=7680"}],"curies":[{"name":"wp","href":"https:\/\/api.w.org\/{rel}","templated":true}]}}