{"id":7688,"date":"2015-07-07T11:30:16","date_gmt":"2015-07-07T09:30:16","guid":{"rendered":"https:\/\/www.haslerbullets.com\/?post_type=product&#038;p=7688"},"modified":"2025-11-18T16:33:15","modified_gmt":"2025-11-18T15:33:15","slug":"ariete-plus-wishbone-cal-103-de-210-grn-cb-0240-40pieces-copia","status":"publish","type":"product","link":"https:\/\/www.haslerbullets.com\/fr\/shop\/hasler-hunting-ariete-fr\/ariete-plus-wishbone-cal-103-de-210-grn-cb-0240-40pieces-copia\/","title":{"rendered":"Ogive Ariete MARMOTTA cal. 10,3 de 210 grn CB 0,240 (40pi\u00e8ces)"},"content":{"rendered":"<p>Ogive Ariete MARMOTTA cal. 10,3 de 210 grn CB 0,240 (40 pi\u00e8ces)<\/p>\n<p>MARMOTTE con\u00e7ue pour ne pas se fragmenter et ne pas couler, cette boule est sp\u00e9cifique pour les petits animaux dont l\u2019int\u00e9grit\u00e9 des restes est \u00e0 pr\u00e9server.<\/p>\n","protected":false},"excerpt":{"rendered":"<p>Ogive Ariete MARMOTTA cal. 10,3 de 210 grn CB 0,240 (40 pi\u00e8ces)<\/p>\n","protected":false},"featured_media":7691,"template":"","meta":[],"product_brand":[],"product_cat":[90],"product_tag":[],"class_list":{"0":"post-7688","1":"product","2":"type-product","3":"status-publish","4":"has-post-thumbnail","6":"product_cat-hasler-hunting-ariete-fr","7":"entry","8":"has-media","10":"first","11":"instock","12":"shipping-taxable","13":"purchasable","14":"product-type-simple"},"_links":{"self":[{"href":"https:\/\/www.haslerbullets.com\/fr\/wp-json\/wp\/v2\/product\/7688","targetHints":{"allow":["GET"]}}],"collection":[{"href":"https:\/\/www.haslerbullets.com\/fr\/wp-json\/wp\/v2\/product"}],"about":[{"href":"https:\/\/www.haslerbullets.com\/fr\/wp-json\/wp\/v2\/types\/product"}],"wp:featuredmedia":[{"embeddable":true,"href":"https:\/\/www.haslerbullets.com\/fr\/wp-json\/wp\/v2\/media\/7691"}],"wp:attachment":[{"href":"https:\/\/www.haslerbullets.com\/fr\/wp-json\/wp\/v2\/media?parent=7688"}],"wp:term":[{"taxonomy":"product_brand","embeddable":true,"href":"https:\/\/www.haslerbullets.com\/fr\/wp-json\/wp\/v2\/product_brand?post=7688"},{"taxonomy":"product_cat","embeddable":true,"href":"https:\/\/www.haslerbullets.com\/fr\/wp-json\/wp\/v2\/product_cat?post=7688"},{"taxonomy":"product_tag","embeddable":true,"href":"https:\/\/www.haslerbullets.com\/fr\/wp-json\/wp\/v2\/product_tag?post=7688"}],"curies":[{"name":"wp","href":"https:\/\/api.w.org\/{rel}","templated":true}]}}