{"id":8154,"date":"2019-08-14T14:57:02","date_gmt":"2019-08-14T12:57:02","guid":{"rendered":"https:\/\/www.haslerbullets.com\/shop\/non%20class\u00e9\/hasler-308-win-ariete-rn-103g-159gr\/"},"modified":"2026-02-27T08:07:31","modified_gmt":"2026-02-27T07:07:31","slug":"hasler-308-win-ariete-rn-103g-159gr","status":"publish","type":"product","link":"https:\/\/www.haslerbullets.com\/fr\/shop\/munition-round-nose\/hasler-308-win-ariete-rn-103g-159gr\/","title":{"rendered":"Hasler\u00ae .308 Win. Ariete RN 10,3g \/ 159gr"},"content":{"rendered":"<p><strong>Hasler<\/strong>\u00ae<strong> .308 Win. Ariete RN 10,3g \/ 159gr <\/strong><\/p>\n<p>En tant que munition de chasse, le calibre .308 Win. est parfaitement adapt\u00e9 au gibier de taille moyenne. Cette balle RN sp\u00e9cifique a \u00e9t\u00e9 con\u00e7ue pour la chasse au sanglier en battue. Sa g\u00e9om\u00e9trie interne a \u00e9t\u00e9 \u00e9tudi\u00e9e pour une expansion maximale, m\u00eame \u00e0 courte distance (10\/50 m\u00e8tres). La port\u00e9e optimale de cette munition, \u00e9quip\u00e9e de balles Hasler\u00ae Ariete RN de 10,3 g\/159 grains, est de 200 m\u00e8tres.    <\/p>\n<p>La balle RN (Round Nose) est \u00e9galement \u00e9quip\u00e9e d&rsquo;un outil de coupe qui permet de perforer le point d&rsquo;impact.<\/p>\n<p>&nbsp;<\/p>\n<p>&nbsp;<\/p>\n<p>&nbsp;<\/p>\n<p>&nbsp;<\/p>\n<p>&nbsp;<\/p>\n<p><strong>STRUCTURE DE LA BALLE HASLER<\/strong><br \/>\n<img loading=\"lazy\" decoding=\"async\" style=\"float: left; margin-right: 30px; clear: both;\" src=\"https:\/\/www.haslerbullets.com\/wp-content\/uploads\/2019\/04\/Struttura-palla-Hasler.png\" alt=\"\" width=\"400\" height=\"300\"><\/p>\n<ol>\n<li>EMBOUT EN POLYM\u00c8RE POUR UN COEFFICIENT BALISTIQUE PLUS \u00c9LEV\u00c9<\/li>\n<li>1er trou plus large pour un affaissement rapide par expansion<\/li>\n<li>2E TROU PLUS R\u00c9GULIER POUR UNE LIB\u00c9RATION D&rsquo;\u00c9NERGIE MAXIMALE SUR LA CIBLE JUSQU&rsquo;\u00c0 L&rsquo;APPROFONDISSEMENT TOTAL<\/li>\n<li>ANNEAUX DE FORCAGE OU COURONNES QUI GARANTISSENT UNE MEILLEURE ADH\u00c9RENCE DANS LES ESPACES PLEIN ET VIDES DES RAYURES AVEC UNE MEILLEURE TENUE DE LA PRESSION<\/li>\n<li>PI\u00c8CE SOUS-CALIBR\u00c9E AVEC ABSENCE TOTALE DE FROTTEMENT DANS LE CANON, CE QUI LAISSE LES SEGMENTS COMPL\u00c8TEMENT R\u00c9SISTANTS \u00c0 LA PRESSION<\/li>\n<li>La bague de centrage facilite l&rsquo;engagement coaxial dans le canon et permet de reculer le centre de gravit\u00e9 a\u00e9rodynamique, ce qui augmente la pr\u00e9cision.<\/li>\n<li>4 INCISIONI A SPIGOLO VIVO (INNESCHI DI FRATTURA) PREDISPONGONO L\u2019APERTURA DEI PETALI \/BREVETTO) RAGGIUNGENDO UN DIAMETRO UNICO NEL SUO GENERE<\/li>\n<\/ol>\n","protected":false},"excerpt":{"rendered":"<p>Mat\u00e9riau : <strong>bille de cuivre sans plomb<\/strong><\/p>\n<p>Personnage : <strong>BOULE D&rsquo;EXPANSION CONTR\u00d4L\u00c9E<\/strong><\/p>\n<p>Grain : <strong>L\u00c9GER<\/strong><\/p>\n<p>Effet stop : <strong>BIEN<\/strong><\/p>\n<p style=\"text-transform: uppercase; font-weight: bold; font-size: 18px; color: #ff0000;\">GEE \u2013 Vitesse \u2013 \u00c9nergie<\/p>\n<table>\n<tbody>\n<tr>\n<td width=\"67\">Distance<\/td>\n<td width=\"48\">(m)<\/td>\n<td width=\"57\">0<\/td>\n<td width=\"47\">100<\/td>\n<td width=\"57\">200<\/td>\n<td width=\"57\">250<\/td>\n<td width=\"66\">300<\/td>\n<\/tr>\n<tr>\n<td width=\"67\">Velocity<\/td>\n<td width=\"48\">(m\/s)<\/td>\n<td width=\"57\">850<\/td>\n<td width=\"47\">780<\/td>\n<td width=\"57\">715<\/td>\n<td width=\"57\">685<\/td>\n<td width=\"66\">650<\/td>\n<\/tr>\n<tr>\n<td width=\"67\">Energy<\/td>\n<td width=\"48\">(J)<\/td>\n<td width=\"57\">3700<\/td>\n<td width=\"47\">3125<\/td>\n<td width=\"57\">2620<\/td>\n<td width=\"57\">2390<\/td>\n<td width=\"66\">2180<\/td>\n<\/tr>\n<tr>\n<td width=\"67\">+100m<\/td>\n<td width=\"48\">(cm)<\/td>\n<td width=\"57\"><\/td>\n<td width=\"47\">0<\/td>\n<td width=\"57\">-11<\/td>\n<td width=\"57\">-23,5<\/td>\n<td width=\"66\">-41,5<\/td>\n<\/tr>\n<tr>\n<td width=\"67\">+200m<\/td>\n<td width=\"48\">(cm)<\/td>\n<td width=\"57\"><\/td>\n<td width=\"47\">5,5<\/td>\n<td width=\"57\">0<\/td>\n<td width=\"57\">-10<\/td>\n<td width=\"66\">-25<\/td>\n<\/tr>\n<tr>\n<td width=\"67\">GEE+179<\/td>\n<td width=\"48\">(cm)<\/td>\n<td width=\"57\"><\/td>\n<td width=\"47\">4<\/td>\n<td width=\"57\">-3<\/td>\n<td width=\"57\">-14<\/td>\n<td width=\"66\">-29,5<\/td>\n<\/tr>\n<\/tbody>\n<\/table>\n\n\t\t\t<!-- START arietetrasp REVOLUTION SLIDER 6.7.37 --><p class=\"rs-p-wp-fix\"><\/p>\n\t\t\t<rs-module-wrap id=\"rev_slider_8_1_wrapper\" data-source=\"gallery\" data-aimg=\"\"  style=\"visibility:hidden;padding:0;margin:0px auto;margin-top:0;margin-bottom:0;\">\n\t\t\t\t<rs-module id=\"rev_slider_8_1\" style=\"\" data-version=\"6.7.37\">\n\t\t\t\t\t<rs-slides style=\"overflow: hidden; position: absolute;\">\n\t\t\t\t\t\t<rs-slide style=\"position: absolute;\" data-key=\"rs-29\" data-title=\"Slide\" data-anim=\"f:end;\" data-in=\"prst:rndany;y:(-100%);col:5;\">\n\t\t\t\t\t\t\t<img decoding=\"async\" src=\"\/\/www.haslerbullets.com\/wp-content\/plugins\/revslider\/sr6\/assets\/assets\/dummy.png\" alt=\"Slide\" title=\"Hasler\u00ae .308 Win. Ariete RN 10,3g \/ 159gr\" class=\"rev-slidebg tp-rs-img rs-lazyload\" data-lazyload=\"\/\/www.haslerbullets.com\/wp-content\/plugins\/revslider\/sr6\/assets\/assets\/transparent.png\" data-no-retina>\n<!--\n\t\t\t\t\t\t\t--><rs-layer\n\t\t\t\t\t\t\t\tid=\"slider-8-slide-29-layer-1\" \n\t\t\t\t\t\t\t\tdata-type=\"image\"\n\t\t\t\t\t\t\t\tdata-rsp_ch=\"on\"\n\t\t\t\t\t\t\t\tdata-xy=\"x:23px;y:c;\"\n\t\t\t\t\t\t\t\tdata-dim=\"w:175;h:36;\"\n\t\t\t\t\t\t\t\tdata-frame_1=\"e:none;st:100;sp:500;\"\n\t\t\t\t\t\t\t\tdata-frame_999=\"e:nothing;st:1500;sp:500;\"\n\t\t\t\t\t\t\t\tstyle=\"z-index:5;\"\n\t\t\t\t\t\t\t><img decoding=\"async\" src=\"\/\/www.haslerbullets.com\/wp-content\/plugins\/revslider\/sr6\/assets\/assets\/dummy.png\" alt=\"\" class=\"tp-rs-img rs-lazyload\" width=\"150\" height=\"31\" data-lazyload=\"\/\/www.haslerbullets.com\/wp-content\/uploads\/2019\/05\/aff-ariete01.png\" data-no-retina> \n\t\t\t\t\t\t\t<\/rs-layer><!--\n\n\t\t\t\t\t\t\t--><rs-layer\n\t\t\t\t\t\t\t\tid=\"slider-8-slide-29-layer-2\" \n\t\t\t\t\t\t\t\tdata-type=\"image\"\n\t\t\t\t\t\t\t\tdata-rsp_ch=\"on\"\n\t\t\t\t\t\t\t\tdata-xy=\"x:c;xo:-269px;y:c;yo:2px;\"\n\t\t\t\t\t\t\t\tdata-dim=\"w:73;h:36;\"\n\t\t\t\t\t\t\t\tdata-frame_1=\"e:power1.in;st:300;sp:150;\"\n\t\t\t\t\t\t\t\tdata-frame_999=\"e:nothing;st:2450;sp:150;\"\n\t\t\t\t\t\t\t\tstyle=\"z-index:6;\"\n\t\t\t\t\t\t\t><img decoding=\"async\" src=\"\/\/www.haslerbullets.com\/wp-content\/plugins\/revslider\/sr6\/assets\/assets\/dummy.png\" alt=\"\" class=\"tp-rs-img rs-lazyload\" width=\"63\" height=\"31\" data-lazyload=\"\/\/www.haslerbullets.com\/wp-content\/uploads\/2019\/05\/aff-ariete02.png\" data-no-retina> \n\t\t\t\t\t\t\t<\/rs-layer><!--\n\n\t\t\t\t\t\t\t--><rs-layer\n\t\t\t\t\t\t\t\tid=\"slider-8-slide-29-layer-3\" \n\t\t\t\t\t\t\t\tdata-type=\"image\"\n\t\t\t\t\t\t\t\tdata-rsp_ch=\"on\"\n\t\t\t\t\t\t\t\tdata-xy=\"x:r;xo:640px;y:c;yo:2px;\"\n\t\t\t\t\t\t\t\tdata-dim=\"w:103;h:60;\"\n\t\t\t\t\t\t\t\tdata-frame_1=\"e:power1.in;st:500;sp:150;\"\n\t\t\t\t\t\t\t\tdata-frame_999=\"e:nothing;st:2400;\"\n\t\t\t\t\t\t\t\tstyle=\"z-index:7;\"\n\t\t\t\t\t\t\t><img decoding=\"async\" src=\"\/\/www.haslerbullets.com\/wp-content\/plugins\/revslider\/sr6\/assets\/assets\/dummy.png\" alt=\"\" class=\"tp-rs-img rs-lazyload\" width=\"86\" height=\"50\" data-lazyload=\"\/\/www.haslerbullets.com\/wp-content\/uploads\/2019\/05\/aff-ariete03.png\" data-no-retina> \n\t\t\t\t\t\t\t<\/rs-layer><!--\n\n\t\t\t\t\t\t\t--><rs-layer\n\t\t\t\t\t\t\t\tid=\"slider-8-slide-29-layer-4\" \n\t\t\t\t\t\t\t\tdata-type=\"image\"\n\t\t\t\t\t\t\t\tdata-rsp_ch=\"on\"\n\t\t\t\t\t\t\t\tdata-xy=\"x:689px;y:-2px;\"\n\t\t\t\t\t\t\t\tdata-dim=\"w:324;h:100;\"\n\t\t\t\t\t\t\t\tdata-frame_1=\"e:power1.in;st:0;\"\n\t\t\t\t\t\t\t\tdata-frame_999=\"e:nothing;st:w;\"\n\t\t\t\t\t\t\t\tstyle=\"z-index:8;\"\n\t\t\t\t\t\t\t><img decoding=\"async\" src=\"\/\/www.haslerbullets.com\/wp-content\/plugins\/revslider\/sr6\/assets\/assets\/dummy.png\" alt=\"\" class=\"tp-rs-img rs-lazyload\" width=\"324\" height=\"100\" data-lazyload=\"\/\/www.haslerbullets.com\/wp-content\/uploads\/2019\/07\/logo2019-300xHASLER_ADM-1.png\" data-no-retina> \n\t\t\t\t\t\t\t<\/rs-layer><!--\n\n\t\t\t\t\t\t\t--><rs-layer\n\t\t\t\t\t\t\t\tid=\"slider-8-slide-29-layer-5\" \n\t\t\t\t\t\t\t\tdata-type=\"image\"\n\t\t\t\t\t\t\t\tdata-rsp_ch=\"on\"\n\t\t\t\t\t\t\t\tdata-xy=\"x:460px;y:31px;\"\n\t\t\t\t\t\t\t\tdata-dim=\"w:150;h:36;\"\n\t\t\t\t\t\t\t\tdata-frame_1=\"e:none;st:2900;\"\n\t\t\t\t\t\t\t\tdata-frame_999=\"st:w;auto:true;\"\n\t\t\t\t\t\t\t\tstyle=\"z-index:9;\"\n\t\t\t\t\t\t\t><img decoding=\"async\" src=\"\/\/www.haslerbullets.com\/wp-content\/plugins\/revslider\/sr6\/assets\/assets\/dummy.png\" alt=\"\" class=\"tp-rs-img rs-lazyload\" width=\"232\" height=\"50\" data-lazyload=\"\/\/www.haslerbullets.com\/wp-content\/uploads\/2019\/05\/logo_ariete2019.png\" data-no-retina> \n\t\t\t\t\t\t\t<\/rs-layer><!--\n\n\t\t\t\t\t\t\t--><rs-layer\n\t\t\t\t\t\t\t\tid=\"slider-8-slide-29-layer-6\" \n\t\t\t\t\t\t\t\tdata-type=\"image\"\n\t\t\t\t\t\t\t\tdata-rsp_ch=\"on\"\n\t\t\t\t\t\t\t\tdata-xy=\"x:129px;y:c;yo:4px;\"\n\t\t\t\t\t\t\t\tdata-dim=\"w:200;h:41;\"\n\t\t\t\t\t\t\t\tdata-frame_1=\"e:none;st:3000;sp:500;\"\n\t\t\t\t\t\t\t\tdata-frame_999=\"e:nothing;st:w;sp:500;\"\n\t\t\t\t\t\t\t\tstyle=\"z-index:10;\"\n\t\t\t\t\t\t\t><img decoding=\"async\" src=\"\/\/www.haslerbullets.com\/wp-content\/plugins\/revslider\/sr6\/assets\/assets\/dummy.png\" alt=\"\" class=\"tp-rs-img rs-lazyload\" width=\"150\" height=\"31\" data-lazyload=\"\/\/www.haslerbullets.com\/wp-content\/uploads\/2019\/05\/aff-ariete01.png\" data-no-retina> \n\t\t\t\t\t\t\t<\/rs-layer><!--\n-->\t\t\t\t\t<\/rs-slide>\n\t\t\t\t\t\t<rs-slide style=\"position: absolute;\" data-key=\"rs-291\" data-title=\"Slide\" data-anim=\"f:edges;\" data-in=\"prst:rndany;y:(-100%);col:5;\">\n\t\t\t\t\t\t\t<img decoding=\"async\" src=\"\/\/www.haslerbullets.com\/wp-content\/plugins\/revslider\/sr6\/assets\/assets\/dummy.png\" alt=\"\" title=\"Hasler\u00ae .308 Win. Ariete RN 10,3g \/ 159gr\" class=\"rev-slidebg tp-rs-img rs-lazyload\" data-lazyload=\"\/\/www.haslerbullets.com\/wp-content\/plugins\/revslider\/sr6\/assets\/assets\/transparent.png\" data-no-retina>\n<!--\n\t\t\t\t\t\t\t--><rs-layer\n\t\t\t\t\t\t\t\tid=\"slider-8-slide-291-layer-1\" \n\t\t\t\t\t\t\t\tdata-type=\"image\"\n\t\t\t\t\t\t\t\tdata-rsp_ch=\"on\"\n\t\t\t\t\t\t\t\tdata-xy=\"x:23px;y:c;\"\n\t\t\t\t\t\t\t\tdata-dim=\"w:175;h:36;\"\n\t\t\t\t\t\t\t\tdata-frame_1=\"e:none;st:100;sp:500;\"\n\t\t\t\t\t\t\t\tdata-frame_999=\"e:nothing;st:1500;sp:500;\"\n\t\t\t\t\t\t\t\tstyle=\"z-index:5;\"\n\t\t\t\t\t\t\t><img decoding=\"async\" src=\"\/\/www.haslerbullets.com\/wp-content\/plugins\/revslider\/sr6\/assets\/assets\/dummy.png\" alt=\"\" class=\"tp-rs-img rs-lazyload\" width=\"150\" height=\"31\" data-lazyload=\"\/\/www.haslerbullets.com\/wp-content\/uploads\/2019\/05\/aff-ariete01.png\" data-no-retina> \n\t\t\t\t\t\t\t<\/rs-layer><!--\n\n\t\t\t\t\t\t\t--><rs-layer\n\t\t\t\t\t\t\t\tid=\"slider-8-slide-291-layer-2\" \n\t\t\t\t\t\t\t\tdata-type=\"image\"\n\t\t\t\t\t\t\t\tdata-rsp_ch=\"on\"\n\t\t\t\t\t\t\t\tdata-xy=\"x:c;xo:-269px;y:c;yo:2px;\"\n\t\t\t\t\t\t\t\tdata-dim=\"w:73;h:36;\"\n\t\t\t\t\t\t\t\tdata-frame_1=\"e:power1.in;st:300;sp:150;\"\n\t\t\t\t\t\t\t\tdata-frame_999=\"e:nothing;st:2450;sp:150;\"\n\t\t\t\t\t\t\t\tstyle=\"z-index:6;\"\n\t\t\t\t\t\t\t><img decoding=\"async\" src=\"\/\/www.haslerbullets.com\/wp-content\/plugins\/revslider\/sr6\/assets\/assets\/dummy.png\" alt=\"\" class=\"tp-rs-img rs-lazyload\" width=\"63\" height=\"31\" data-lazyload=\"\/\/www.haslerbullets.com\/wp-content\/uploads\/2019\/05\/aff-ariete02.png\" data-no-retina> \n\t\t\t\t\t\t\t<\/rs-layer><!--\n\n\t\t\t\t\t\t\t--><rs-layer\n\t\t\t\t\t\t\t\tid=\"slider-8-slide-291-layer-3\" \n\t\t\t\t\t\t\t\tdata-type=\"image\"\n\t\t\t\t\t\t\t\tdata-rsp_ch=\"on\"\n\t\t\t\t\t\t\t\tdata-xy=\"x:r;xo:640px;y:c;yo:2px;\"\n\t\t\t\t\t\t\t\tdata-dim=\"w:103;h:60;\"\n\t\t\t\t\t\t\t\tdata-frame_1=\"e:power1.in;st:500;sp:150;\"\n\t\t\t\t\t\t\t\tdata-frame_999=\"e:nothing;st:2400;\"\n\t\t\t\t\t\t\t\tstyle=\"z-index:7;\"\n\t\t\t\t\t\t\t><img decoding=\"async\" src=\"\/\/www.haslerbullets.com\/wp-content\/plugins\/revslider\/sr6\/assets\/assets\/dummy.png\" alt=\"\" class=\"tp-rs-img rs-lazyload\" width=\"86\" height=\"50\" data-lazyload=\"\/\/www.haslerbullets.com\/wp-content\/uploads\/2019\/05\/aff-ariete03.png\" data-no-retina> \n\t\t\t\t\t\t\t<\/rs-layer><!--\n\n\t\t\t\t\t\t\t--><rs-layer\n\t\t\t\t\t\t\t\tid=\"slider-8-slide-291-layer-4\" \n\t\t\t\t\t\t\t\tdata-type=\"image\"\n\t\t\t\t\t\t\t\tdata-rsp_ch=\"on\"\n\t\t\t\t\t\t\t\tdata-xy=\"x:689px;y:-2px;\"\n\t\t\t\t\t\t\t\tdata-dim=\"w:324;h:100;\"\n\t\t\t\t\t\t\t\tdata-frame_1=\"e:power1.in;st:0;\"\n\t\t\t\t\t\t\t\tdata-frame_999=\"e:nothing;st:w;\"\n\t\t\t\t\t\t\t\tstyle=\"z-index:8;\"\n\t\t\t\t\t\t\t><img decoding=\"async\" src=\"\/\/www.haslerbullets.com\/wp-content\/plugins\/revslider\/sr6\/assets\/assets\/dummy.png\" alt=\"\" class=\"tp-rs-img rs-lazyload\" width=\"324\" height=\"100\" data-lazyload=\"\/\/www.haslerbullets.com\/wp-content\/uploads\/2019\/07\/logo2019-300xHASLER_ADM-1.png\" data-no-retina> \n\t\t\t\t\t\t\t<\/rs-layer><!--\n\n\t\t\t\t\t\t\t--><rs-layer\n\t\t\t\t\t\t\t\tid=\"slider-8-slide-291-layer-5\" \n\t\t\t\t\t\t\t\tdata-type=\"image\"\n\t\t\t\t\t\t\t\tdata-rsp_ch=\"on\"\n\t\t\t\t\t\t\t\tdata-xy=\"x:460px;y:31px;\"\n\t\t\t\t\t\t\t\tdata-dim=\"w:150;h:36;\"\n\t\t\t\t\t\t\t\tdata-frame_1=\"e:none;st:2900;\"\n\t\t\t\t\t\t\t\tdata-frame_999=\"st:w;auto:true;\"\n\t\t\t\t\t\t\t\tstyle=\"z-index:9;\"\n\t\t\t\t\t\t\t><img decoding=\"async\" src=\"\/\/www.haslerbullets.com\/wp-content\/plugins\/revslider\/sr6\/assets\/assets\/dummy.png\" alt=\"\" class=\"tp-rs-img rs-lazyload\" width=\"232\" height=\"50\" data-lazyload=\"\/\/www.haslerbullets.com\/wp-content\/uploads\/2019\/05\/logo_ariete2019.png\" data-no-retina> \n\t\t\t\t\t\t\t<\/rs-layer><!--\n\n\t\t\t\t\t\t\t--><rs-layer\n\t\t\t\t\t\t\t\tid=\"slider-8-slide-291-layer-6\" \n\t\t\t\t\t\t\t\tdata-type=\"image\"\n\t\t\t\t\t\t\t\tdata-rsp_ch=\"on\"\n\t\t\t\t\t\t\t\tdata-xy=\"x:129px;y:c;yo:4px;\"\n\t\t\t\t\t\t\t\tdata-dim=\"w:200;h:41;\"\n\t\t\t\t\t\t\t\tdata-frame_1=\"e:none;st:3000;sp:500;\"\n\t\t\t\t\t\t\t\tdata-frame_999=\"e:nothing;st:w;sp:500;\"\n\t\t\t\t\t\t\t\tstyle=\"z-index:10;\"\n\t\t\t\t\t\t\t><img decoding=\"async\" src=\"\/\/www.haslerbullets.com\/wp-content\/plugins\/revslider\/sr6\/assets\/assets\/dummy.png\" alt=\"\" class=\"tp-rs-img rs-lazyload\" width=\"150\" height=\"31\" data-lazyload=\"\/\/www.haslerbullets.com\/wp-content\/uploads\/2019\/05\/aff-ariete01.png\" data-no-retina> \n\t\t\t\t\t\t\t<\/rs-layer><!--\n-->\t\t\t\t\t<\/rs-slide>\n\t\t\t\t\t<\/rs-slides>\n\t\t\t\t<\/rs-module>\n\t\t\t\t<script>\n\t\t\t\t\tsetREVStartSize({c: 'rev_slider_8_1',rl:[1240,1024,778,480],el:[],gw:[1100],gh:[100],type:'standard',justify:'',layout:'fullwidth',mh:\"0\"});if (window.RS_MODULES!==undefined && window.RS_MODULES.modules!==undefined && window.RS_MODULES.modules[\"revslider81\"]!==undefined) {window.RS_MODULES.modules[\"revslider81\"].once = false;window.revapi8 = undefined;if (window.RS_MODULES.checkMinimal!==undefined) window.RS_MODULES.checkMinimal()}\n\t\t\t\t<\/script>\n\t\t\t<\/rs-module-wrap>\n\t\t\t<!-- END REVOLUTION SLIDER -->\n\n","protected":false},"featured_media":4851,"template":"","meta":[],"product_brand":[],"product_cat":[155],"product_tag":[],"class_list":{"0":"post-8154","1":"product","2":"type-product","3":"status-publish","4":"has-post-thumbnail","6":"product_cat-munition-round-nose","7":"entry","8":"has-media","10":"first","11":"outofstock","12":"shipping-taxable","13":"product-type-simple"},"_links":{"self":[{"href":"https:\/\/www.haslerbullets.com\/fr\/wp-json\/wp\/v2\/product\/8154","targetHints":{"allow":["GET"]}}],"collection":[{"href":"https:\/\/www.haslerbullets.com\/fr\/wp-json\/wp\/v2\/product"}],"about":[{"href":"https:\/\/www.haslerbullets.com\/fr\/wp-json\/wp\/v2\/types\/product"}],"wp:featuredmedia":[{"embeddable":true,"href":"https:\/\/www.haslerbullets.com\/fr\/wp-json\/wp\/v2\/media\/4851"}],"wp:attachment":[{"href":"https:\/\/www.haslerbullets.com\/fr\/wp-json\/wp\/v2\/media?parent=8154"}],"wp:term":[{"taxonomy":"product_brand","embeddable":true,"href":"https:\/\/www.haslerbullets.com\/fr\/wp-json\/wp\/v2\/product_brand?post=8154"},{"taxonomy":"product_cat","embeddable":true,"href":"https:\/\/www.haslerbullets.com\/fr\/wp-json\/wp\/v2\/product_cat?post=8154"},{"taxonomy":"product_tag","embeddable":true,"href":"https:\/\/www.haslerbullets.com\/fr\/wp-json\/wp\/v2\/product_tag?post=8154"}],"curies":[{"name":"wp","href":"https:\/\/api.w.org\/{rel}","templated":true}]}}