{"id":8164,"date":"2026-03-20T23:00:17","date_gmt":"2026-03-20T22:00:17","guid":{"rendered":"https:\/\/www.haslerbullets.com\/shop\/non%20class\u00e9\/hasler-65x55-ariete-70g-108gr\/"},"modified":"2026-03-26T20:50:54","modified_gmt":"2026-03-26T19:50:54","slug":"hasler-65x55-ariete-70g-108gr","status":"publish","type":"product","link":"https:\/\/www.haslerbullets.com\/fr\/shop\/munition-ariete\/hasler-65x55-ariete-70g-108gr\/","title":{"rendered":"Hasler\u00ae 6,5&#215;55 Ariete 7,0g \/ 108gr"},"content":{"rendered":"<p><strong>Hasler\u00ae 6,5&#215;55 Ariete 7,0g \/ 108gr<\/strong><\/p>\n<p>\u00c8 una cartuccia veloce con traiettoria radente. La sua precisione intrinseca \u00e8 ottima e come cartuccia da caccia \u00e8 particolarmente adatta a tutta la selvaggina di media taglia, ma anche a cervi e cinghiali, se non troppo grandi. Nei paesi nordici \u00e8 utilizzata anche su animali\u00a0 di grossa taglia.<\/p>\n<p>La palla scelta \u00e8 la Hasler\u00ae Ariete da 7,0g\/108gr.<\/p>\n<p>&nbsp;<\/p>\n<p><strong>STRUTTURA DELLA PALLA HASLER<\/strong><br \/>\n<img loading=\"lazy\" decoding=\"async\" style=\"float: left; margin-right: 30px; clear: both;\" src=\"https:\/\/www.haslerbullets.com\/wp-content\/uploads\/2019\/04\/Struttura-palla-Hasler.png\" alt=\"\" width=\"400\" height=\"300\" \/><\/p>\n<ol>\n<li>PUNTALINO IN POLIMERO PER UN MAGGIORE COEFFICIENTE BALISTICO<\/li>\n<li>1\u00b0 FORO PIU\u2019 LARGO PER UN AFFUNGAMENTO A RAPIDA ESPANSIONE<\/li>\n<li>2\u00b0 FORO PIU\u2019 STRETTO PER UN RILASCIO MASSIMO DI ENERGIA SUL BERSAGLIO FINO ALL\u2019AFFUNGAMENTO TOTALE<\/li>\n<li>ANELLI O CORONE DI FORZAMENTO CHE GARANTISCONO MAGGIORE ADERENZA NEI PIENI E VUOTI DELLA RIGATURA CON MAGGIORE TENUTA DELLE PRESSIONI<\/li>\n<li>PARTE SOTTOCALIBRATA CON ASSENZA TOTALE DI ATTRITO NELLA CANNA LASCIANDO AGLI ANELLI TUTTA LA TENUTA DELLE PRESSIONI<\/li>\n<li>L\u2019ANELLO DI CENTRAGGIO AGEVOLA L\u2019INGAGGIO COASSIALE NELLA CANNA E CONSENTE L\u2019ARRETRAMENTO DEL BARICENTRO AERODINAMICO AUMENTANDO LA PRECISIONE<\/li>\n<li>4 INCISIONI A SPIGOLO VIVO (INNESCHI DI FRATTURA) PREDISPONGONO L\u2019APERTURA DEI PETALI \/BREVETTO) RAGGIUNGENDO UN DIAMETRO UNICO NEL SUO GENERE<\/li>\n<\/ol>\n","protected":false},"excerpt":{"rendered":"<p>Materiale: <strong>PALLA IN RAME SENZA PIOMBO<\/strong><\/p>\n<p>Carattere: <strong>PALLA AD ESPANSIONE CONTROLLATA<\/strong><\/p>\n<p>Grain: <strong>LEGGERO<\/strong><\/p>\n<p>Effetto stop: <strong>BUONO<\/strong><\/p>\n<p style=\"text-transform: uppercase; font-weight: bold; font-size: 18px; color: #ff0000;\">GEE \u2013 Velocit\u00e0 \u2013 Energia<\/p>\n<table>\n<tbody>\n<tr>\n<td width=\"67\">Distance<\/td>\n<td width=\"48\">(m)<\/td>\n<td width=\"57\">0<\/td>\n<td width=\"47\">100<\/td>\n<td width=\"57\">200<\/td>\n<td width=\"57\">250<\/td>\n<td width=\"66\">300<\/td>\n<\/tr>\n<tr>\n<td width=\"67\">Velocity<\/td>\n<td width=\"48\">(m\/s)<\/td>\n<td width=\"57\">905<\/td>\n<td width=\"47\">820<\/td>\n<td width=\"57\">740<\/td>\n<td width=\"57\">700<\/td>\n<td width=\"66\">665<\/td>\n<\/tr>\n<tr>\n<td width=\"67\">Energy<\/td>\n<td width=\"48\">(J)<\/td>\n<td width=\"57\">2845<\/td>\n<td width=\"47\">2335<\/td>\n<td width=\"57\">1900<\/td>\n<td width=\"57\">1710<\/td>\n<td width=\"66\">1535<\/td>\n<\/tr>\n<tr>\n<td width=\"67\">+100m<\/td>\n<td width=\"48\">(cm)<\/td>\n<td width=\"57\"><\/td>\n<td width=\"47\">0<\/td>\n<td width=\"57\">-9,5<\/td>\n<td width=\"57\">-21<\/td>\n<td width=\"66\">-37,5<\/td>\n<\/tr>\n<tr>\n<td width=\"67\">+200m<\/td>\n<td width=\"48\">(cm)<\/td>\n<td width=\"57\"><\/td>\n<td width=\"47\">4,5<\/td>\n<td width=\"57\">0<\/td>\n<td width=\"57\">-9<\/td>\n<td width=\"66\">-23<\/td>\n<\/tr>\n<tr>\n<td width=\"67\">GEE+180<\/td>\n<td width=\"48\">(cm)<\/td>\n<td width=\"57\"><\/td>\n<td width=\"47\">4<\/td>\n<td width=\"57\">-2<\/td>\n<td width=\"57\">-11<\/td>\n<td width=\"66\">-25,5<\/td>\n<\/tr>\n<\/tbody>\n<\/table>\n\n\t\t\t<!-- START arietetrasp REVOLUTION SLIDER 6.7.37 --><p class=\"rs-p-wp-fix\"><\/p>\n\t\t\t<rs-module-wrap id=\"rev_slider_8_1_wrapper\" data-source=\"gallery\" data-aimg=\"\"  style=\"visibility:hidden;padding:0;margin:0px auto;margin-top:0;margin-bottom:0;\">\n\t\t\t\t<rs-module id=\"rev_slider_8_1\" style=\"\" data-version=\"6.7.37\">\n\t\t\t\t\t<rs-slides style=\"overflow: hidden; position: absolute;\">\n\t\t\t\t\t\t<rs-slide style=\"position: absolute;\" data-key=\"rs-29\" data-title=\"Slide\" data-anim=\"ms:10;\" data-in=\"prst:rndany;o:1;\" data-out=\"o:1;\">\n\t\t\t\t\t\t\t<img decoding=\"async\" src=\"\/\/www.haslerbullets.com\/wp-content\/plugins\/revslider\/sr6\/assets\/assets\/dummy.png\" alt=\"Slide\" title=\"Hasler\u00ae 6,5&#215;55 Ariete 7,0g \/ 108gr\" class=\"rev-slidebg tp-rs-img rs-lazyload\" data-lazyload=\"\/\/www.haslerbullets.com\/wp-content\/plugins\/revslider\/sr6\/assets\/assets\/transparent.png\" data-no-retina>\n<!--\n\t\t\t\t\t\t\t--><rs-layer\n\t\t\t\t\t\t\t\tid=\"slider-8-slide-29-layer-1\" \n\t\t\t\t\t\t\t\tdata-type=\"image\"\n\t\t\t\t\t\t\t\tdata-rsp_ch=\"on\"\n\t\t\t\t\t\t\t\tdata-xy=\"x:23px;y:c;\"\n\t\t\t\t\t\t\t\tdata-dim=\"w:175;h:36;\"\n\t\t\t\t\t\t\t\tdata-frame_1=\"e:none;st:100;sp:500;\"\n\t\t\t\t\t\t\t\tdata-frame_999=\"e:nothing;st:1500;sp:500;\"\n\t\t\t\t\t\t\t\tstyle=\"z-index:5;\"\n\t\t\t\t\t\t\t><img decoding=\"async\" src=\"\/\/www.haslerbullets.com\/wp-content\/plugins\/revslider\/sr6\/assets\/assets\/dummy.png\" alt=\"\" class=\"tp-rs-img rs-lazyload\" width=\"150\" height=\"31\" data-lazyload=\"\/\/www.haslerbullets.com\/wp-content\/uploads\/2019\/05\/aff-ariete01.png\" data-no-retina> \n\t\t\t\t\t\t\t<\/rs-layer><!--\n\n\t\t\t\t\t\t\t--><rs-layer\n\t\t\t\t\t\t\t\tid=\"slider-8-slide-29-layer-2\" \n\t\t\t\t\t\t\t\tdata-type=\"image\"\n\t\t\t\t\t\t\t\tdata-rsp_ch=\"on\"\n\t\t\t\t\t\t\t\tdata-xy=\"x:c;xo:-269px;y:c;yo:2px;\"\n\t\t\t\t\t\t\t\tdata-dim=\"w:73;h:36;\"\n\t\t\t\t\t\t\t\tdata-frame_1=\"e:power1.in;st:300;sp:150;\"\n\t\t\t\t\t\t\t\tdata-frame_999=\"e:nothing;st:2450;sp:150;\"\n\t\t\t\t\t\t\t\tstyle=\"z-index:6;\"\n\t\t\t\t\t\t\t><img decoding=\"async\" src=\"\/\/www.haslerbullets.com\/wp-content\/plugins\/revslider\/sr6\/assets\/assets\/dummy.png\" alt=\"\" class=\"tp-rs-img rs-lazyload\" width=\"63\" height=\"31\" data-lazyload=\"\/\/www.haslerbullets.com\/wp-content\/uploads\/2019\/05\/aff-ariete02.png\" data-no-retina> \n\t\t\t\t\t\t\t<\/rs-layer><!--\n\n\t\t\t\t\t\t\t--><rs-layer\n\t\t\t\t\t\t\t\tid=\"slider-8-slide-29-layer-3\" \n\t\t\t\t\t\t\t\tdata-type=\"image\"\n\t\t\t\t\t\t\t\tdata-rsp_ch=\"on\"\n\t\t\t\t\t\t\t\tdata-xy=\"x:r;xo:640px;y:c;yo:2px;\"\n\t\t\t\t\t\t\t\tdata-dim=\"w:103;h:60;\"\n\t\t\t\t\t\t\t\tdata-frame_1=\"e:power1.in;st:500;sp:150;\"\n\t\t\t\t\t\t\t\tdata-frame_999=\"e:nothing;st:2400;\"\n\t\t\t\t\t\t\t\tstyle=\"z-index:7;\"\n\t\t\t\t\t\t\t><img decoding=\"async\" src=\"\/\/www.haslerbullets.com\/wp-content\/plugins\/revslider\/sr6\/assets\/assets\/dummy.png\" alt=\"\" class=\"tp-rs-img rs-lazyload\" width=\"86\" height=\"50\" data-lazyload=\"\/\/www.haslerbullets.com\/wp-content\/uploads\/2019\/05\/aff-ariete03.png\" data-no-retina> \n\t\t\t\t\t\t\t<\/rs-layer><!--\n\n\t\t\t\t\t\t\t--><rs-layer\n\t\t\t\t\t\t\t\tid=\"slider-8-slide-29-layer-4\" \n\t\t\t\t\t\t\t\tdata-type=\"image\"\n\t\t\t\t\t\t\t\tdata-rsp_ch=\"on\"\n\t\t\t\t\t\t\t\tdata-xy=\"x:689px;y:-2px;\"\n\t\t\t\t\t\t\t\tdata-dim=\"w:324;h:100;\"\n\t\t\t\t\t\t\t\tdata-frame_1=\"e:power1.in;st:0;\"\n\t\t\t\t\t\t\t\tdata-frame_999=\"e:nothing;st:w;\"\n\t\t\t\t\t\t\t\tstyle=\"z-index:8;\"\n\t\t\t\t\t\t\t><img decoding=\"async\" src=\"\/\/www.haslerbullets.com\/wp-content\/plugins\/revslider\/sr6\/assets\/assets\/dummy.png\" alt=\"\" class=\"tp-rs-img rs-lazyload\" width=\"324\" height=\"100\" data-lazyload=\"\/\/www.haslerbullets.com\/wp-content\/uploads\/2019\/07\/logo2019-300xHASLER_ADM-1.png\" data-no-retina> \n\t\t\t\t\t\t\t<\/rs-layer><!--\n\n\t\t\t\t\t\t\t--><rs-layer\n\t\t\t\t\t\t\t\tid=\"slider-8-slide-29-layer-5\" \n\t\t\t\t\t\t\t\tdata-type=\"image\"\n\t\t\t\t\t\t\t\tdata-rsp_ch=\"on\"\n\t\t\t\t\t\t\t\tdata-xy=\"x:460px;y:31px;\"\n\t\t\t\t\t\t\t\tdata-dim=\"w:150;h:36;\"\n\t\t\t\t\t\t\t\tdata-frame_1=\"e:none;st:2900;\"\n\t\t\t\t\t\t\t\tdata-frame_999=\"st:w;auto:true;\"\n\t\t\t\t\t\t\t\tstyle=\"z-index:9;\"\n\t\t\t\t\t\t\t><img decoding=\"async\" src=\"\/\/www.haslerbullets.com\/wp-content\/plugins\/revslider\/sr6\/assets\/assets\/dummy.png\" alt=\"\" class=\"tp-rs-img rs-lazyload\" width=\"232\" height=\"50\" data-lazyload=\"\/\/www.haslerbullets.com\/wp-content\/uploads\/2019\/05\/logo_ariete2019.png\" data-no-retina> \n\t\t\t\t\t\t\t<\/rs-layer><!--\n\n\t\t\t\t\t\t\t--><rs-layer\n\t\t\t\t\t\t\t\tid=\"slider-8-slide-29-layer-6\" \n\t\t\t\t\t\t\t\tdata-type=\"image\"\n\t\t\t\t\t\t\t\tdata-rsp_ch=\"on\"\n\t\t\t\t\t\t\t\tdata-xy=\"x:129px;y:c;yo:4px;\"\n\t\t\t\t\t\t\t\tdata-dim=\"w:200;h:41;\"\n\t\t\t\t\t\t\t\tdata-frame_1=\"e:none;st:3000;sp:500;\"\n\t\t\t\t\t\t\t\tdata-frame_999=\"e:nothing;st:w;sp:500;\"\n\t\t\t\t\t\t\t\tstyle=\"z-index:10;\"\n\t\t\t\t\t\t\t><img decoding=\"async\" src=\"\/\/www.haslerbullets.com\/wp-content\/plugins\/revslider\/sr6\/assets\/assets\/dummy.png\" alt=\"\" class=\"tp-rs-img rs-lazyload\" width=\"150\" height=\"31\" data-lazyload=\"\/\/www.haslerbullets.com\/wp-content\/uploads\/2019\/05\/aff-ariete01.png\" data-no-retina> \n\t\t\t\t\t\t\t<\/rs-layer><!--\n-->\t\t\t\t\t<\/rs-slide>\n\t\t\t\t\t\t<rs-slide style=\"position: absolute;\" data-key=\"rs-291\" data-title=\"Slide\" data-anim=\"d:10;ms:1000;f:edges;\" data-in=\"prst:rndany;mo:35;moo:none;o:0;x:ran(-20|20);y:ran(-20|20);r:ran(-40|40);sx:2;sy:2;e:sine.in;row:25;\" data-out=\"a:false;\">\n\t\t\t\t\t\t\t<img decoding=\"async\" src=\"\/\/www.haslerbullets.com\/wp-content\/plugins\/revslider\/sr6\/assets\/assets\/dummy.png\" alt=\"\" title=\"Hasler\u00ae 6,5&#215;55 Ariete 7,0g \/ 108gr\" class=\"rev-slidebg tp-rs-img rs-lazyload\" data-lazyload=\"\/\/www.haslerbullets.com\/wp-content\/plugins\/revslider\/sr6\/assets\/assets\/transparent.png\" data-no-retina>\n<!--\n\t\t\t\t\t\t\t--><rs-layer\n\t\t\t\t\t\t\t\tid=\"slider-8-slide-291-layer-1\" \n\t\t\t\t\t\t\t\tdata-type=\"image\"\n\t\t\t\t\t\t\t\tdata-rsp_ch=\"on\"\n\t\t\t\t\t\t\t\tdata-xy=\"x:23px;y:c;\"\n\t\t\t\t\t\t\t\tdata-dim=\"w:175;h:36;\"\n\t\t\t\t\t\t\t\tdata-frame_1=\"e:none;st:100;sp:500;\"\n\t\t\t\t\t\t\t\tdata-frame_999=\"e:nothing;st:1500;sp:500;\"\n\t\t\t\t\t\t\t\tstyle=\"z-index:5;\"\n\t\t\t\t\t\t\t><img decoding=\"async\" src=\"\/\/www.haslerbullets.com\/wp-content\/plugins\/revslider\/sr6\/assets\/assets\/dummy.png\" alt=\"\" class=\"tp-rs-img rs-lazyload\" width=\"150\" height=\"31\" data-lazyload=\"\/\/www.haslerbullets.com\/wp-content\/uploads\/2019\/05\/aff-ariete01.png\" data-no-retina> \n\t\t\t\t\t\t\t<\/rs-layer><!--\n\n\t\t\t\t\t\t\t--><rs-layer\n\t\t\t\t\t\t\t\tid=\"slider-8-slide-291-layer-2\" \n\t\t\t\t\t\t\t\tdata-type=\"image\"\n\t\t\t\t\t\t\t\tdata-rsp_ch=\"on\"\n\t\t\t\t\t\t\t\tdata-xy=\"x:c;xo:-269px;y:c;yo:2px;\"\n\t\t\t\t\t\t\t\tdata-dim=\"w:73;h:36;\"\n\t\t\t\t\t\t\t\tdata-frame_1=\"e:power1.in;st:300;sp:150;\"\n\t\t\t\t\t\t\t\tdata-frame_999=\"e:nothing;st:2450;sp:150;\"\n\t\t\t\t\t\t\t\tstyle=\"z-index:6;\"\n\t\t\t\t\t\t\t><img decoding=\"async\" src=\"\/\/www.haslerbullets.com\/wp-content\/plugins\/revslider\/sr6\/assets\/assets\/dummy.png\" alt=\"\" class=\"tp-rs-img rs-lazyload\" width=\"63\" height=\"31\" data-lazyload=\"\/\/www.haslerbullets.com\/wp-content\/uploads\/2019\/05\/aff-ariete02.png\" data-no-retina> \n\t\t\t\t\t\t\t<\/rs-layer><!--\n\n\t\t\t\t\t\t\t--><rs-layer\n\t\t\t\t\t\t\t\tid=\"slider-8-slide-291-layer-3\" \n\t\t\t\t\t\t\t\tdata-type=\"image\"\n\t\t\t\t\t\t\t\tdata-rsp_ch=\"on\"\n\t\t\t\t\t\t\t\tdata-xy=\"x:r;xo:640px;y:c;yo:2px;\"\n\t\t\t\t\t\t\t\tdata-dim=\"w:103;h:60;\"\n\t\t\t\t\t\t\t\tdata-frame_1=\"e:power1.in;st:500;sp:150;\"\n\t\t\t\t\t\t\t\tdata-frame_999=\"e:nothing;st:2400;\"\n\t\t\t\t\t\t\t\tstyle=\"z-index:7;\"\n\t\t\t\t\t\t\t><img decoding=\"async\" src=\"\/\/www.haslerbullets.com\/wp-content\/plugins\/revslider\/sr6\/assets\/assets\/dummy.png\" alt=\"\" class=\"tp-rs-img rs-lazyload\" width=\"86\" height=\"50\" data-lazyload=\"\/\/www.haslerbullets.com\/wp-content\/uploads\/2019\/05\/aff-ariete03.png\" data-no-retina> \n\t\t\t\t\t\t\t<\/rs-layer><!--\n\n\t\t\t\t\t\t\t--><rs-layer\n\t\t\t\t\t\t\t\tid=\"slider-8-slide-291-layer-4\" \n\t\t\t\t\t\t\t\tdata-type=\"image\"\n\t\t\t\t\t\t\t\tdata-rsp_ch=\"on\"\n\t\t\t\t\t\t\t\tdata-xy=\"x:689px;y:-2px;\"\n\t\t\t\t\t\t\t\tdata-dim=\"w:324;h:100;\"\n\t\t\t\t\t\t\t\tdata-frame_1=\"e:power1.in;st:0;\"\n\t\t\t\t\t\t\t\tdata-frame_999=\"e:nothing;st:w;\"\n\t\t\t\t\t\t\t\tstyle=\"z-index:8;\"\n\t\t\t\t\t\t\t><img decoding=\"async\" src=\"\/\/www.haslerbullets.com\/wp-content\/plugins\/revslider\/sr6\/assets\/assets\/dummy.png\" alt=\"\" class=\"tp-rs-img rs-lazyload\" width=\"324\" height=\"100\" data-lazyload=\"\/\/www.haslerbullets.com\/wp-content\/uploads\/2019\/07\/logo2019-300xHASLER_ADM-1.png\" data-no-retina> \n\t\t\t\t\t\t\t<\/rs-layer><!--\n\n\t\t\t\t\t\t\t--><rs-layer\n\t\t\t\t\t\t\t\tid=\"slider-8-slide-291-layer-5\" \n\t\t\t\t\t\t\t\tdata-type=\"image\"\n\t\t\t\t\t\t\t\tdata-rsp_ch=\"on\"\n\t\t\t\t\t\t\t\tdata-xy=\"x:460px;y:31px;\"\n\t\t\t\t\t\t\t\tdata-dim=\"w:150;h:36;\"\n\t\t\t\t\t\t\t\tdata-frame_1=\"e:none;st:2900;\"\n\t\t\t\t\t\t\t\tdata-frame_999=\"st:w;auto:true;\"\n\t\t\t\t\t\t\t\tstyle=\"z-index:9;\"\n\t\t\t\t\t\t\t><img decoding=\"async\" src=\"\/\/www.haslerbullets.com\/wp-content\/plugins\/revslider\/sr6\/assets\/assets\/dummy.png\" alt=\"\" class=\"tp-rs-img rs-lazyload\" width=\"232\" height=\"50\" data-lazyload=\"\/\/www.haslerbullets.com\/wp-content\/uploads\/2019\/05\/logo_ariete2019.png\" data-no-retina> \n\t\t\t\t\t\t\t<\/rs-layer><!--\n\n\t\t\t\t\t\t\t--><rs-layer\n\t\t\t\t\t\t\t\tid=\"slider-8-slide-291-layer-6\" \n\t\t\t\t\t\t\t\tdata-type=\"image\"\n\t\t\t\t\t\t\t\tdata-rsp_ch=\"on\"\n\t\t\t\t\t\t\t\tdata-xy=\"x:129px;y:c;yo:4px;\"\n\t\t\t\t\t\t\t\tdata-dim=\"w:200;h:41;\"\n\t\t\t\t\t\t\t\tdata-frame_1=\"e:none;st:3000;sp:500;\"\n\t\t\t\t\t\t\t\tdata-frame_999=\"e:nothing;st:w;sp:500;\"\n\t\t\t\t\t\t\t\tstyle=\"z-index:10;\"\n\t\t\t\t\t\t\t><img decoding=\"async\" src=\"\/\/www.haslerbullets.com\/wp-content\/plugins\/revslider\/sr6\/assets\/assets\/dummy.png\" alt=\"\" class=\"tp-rs-img rs-lazyload\" width=\"150\" height=\"31\" data-lazyload=\"\/\/www.haslerbullets.com\/wp-content\/uploads\/2019\/05\/aff-ariete01.png\" data-no-retina> \n\t\t\t\t\t\t\t<\/rs-layer><!--\n-->\t\t\t\t\t<\/rs-slide>\n\t\t\t\t\t<\/rs-slides>\n\t\t\t\t<\/rs-module>\n\t\t\t\t<script>\n\t\t\t\t\tsetREVStartSize({c: 'rev_slider_8_1',rl:[1240,1024,778,480],el:[],gw:[1100],gh:[100],type:'standard',justify:'',layout:'fullwidth',mh:\"0\"});if (window.RS_MODULES!==undefined && window.RS_MODULES.modules!==undefined && window.RS_MODULES.modules[\"revslider81\"]!==undefined) {window.RS_MODULES.modules[\"revslider81\"].once = false;window.revapi8 = undefined;if (window.RS_MODULES.checkMinimal!==undefined) window.RS_MODULES.checkMinimal()}\n\t\t\t\t<\/script>\n\t\t\t<\/rs-module-wrap>\n\t\t\t<!-- END REVOLUTION SLIDER -->\n\n","protected":false},"featured_media":4896,"template":"","meta":[],"product_brand":[],"product_cat":[149],"product_tag":[],"class_list":{"0":"post-8164","1":"product","2":"type-product","3":"status-publish","4":"has-post-thumbnail","6":"product_cat-munition-ariete","7":"entry","8":"has-media","10":"first","11":"outofstock","12":"shipping-taxable","13":"product-type-simple"},"_links":{"self":[{"href":"https:\/\/www.haslerbullets.com\/fr\/wp-json\/wp\/v2\/product\/8164","targetHints":{"allow":["GET"]}}],"collection":[{"href":"https:\/\/www.haslerbullets.com\/fr\/wp-json\/wp\/v2\/product"}],"about":[{"href":"https:\/\/www.haslerbullets.com\/fr\/wp-json\/wp\/v2\/types\/product"}],"wp:featuredmedia":[{"embeddable":true,"href":"https:\/\/www.haslerbullets.com\/fr\/wp-json\/wp\/v2\/media\/4896"}],"wp:attachment":[{"href":"https:\/\/www.haslerbullets.com\/fr\/wp-json\/wp\/v2\/media?parent=8164"}],"wp:term":[{"taxonomy":"product_brand","embeddable":true,"href":"https:\/\/www.haslerbullets.com\/fr\/wp-json\/wp\/v2\/product_brand?post=8164"},{"taxonomy":"product_cat","embeddable":true,"href":"https:\/\/www.haslerbullets.com\/fr\/wp-json\/wp\/v2\/product_cat?post=8164"},{"taxonomy":"product_tag","embeddable":true,"href":"https:\/\/www.haslerbullets.com\/fr\/wp-json\/wp\/v2\/product_tag?post=8164"}],"curies":[{"name":"wp","href":"https:\/\/api.w.org\/{rel}","templated":true}]}}