{"id":8176,"date":"2026-02-28T23:00:24","date_gmt":"2026-02-28T22:00:24","guid":{"rendered":"https:\/\/www.haslerbullets.com\/?post_type=product&#038;p=8176"},"modified":"2026-02-28T17:36:17","modified_gmt":"2026-02-28T16:36:17","slug":"balle-bull-calibre-65-264-125-grn-cb-0198-50-pieces","status":"publish","type":"product","link":"https:\/\/www.haslerbullets.com\/fr\/shop\/hasler-bull-fr\/balle-bull-calibre-65-264-125-grn-cb-0198-50-pieces\/","title":{"rendered":"Balle Bull calibre 6,5 [.264] 125 grn. &#8211; CB 0,198 (50 pi\u00e8ces)"},"content":{"rendered":"<p>Balle Bull calibre 6,5 [.264] 125 grn. &#8211; CB 0.198<\/p>\n<p>Les balles de la ligne Bull ont une capacit\u00e9 de s\u2019enfoncer sup\u00e9rieure.<br \/>\nLes balles Bull n\u00e9cessitent un contr\u00f4le plus fr\u00e9quent du niveau de cuivre du canon.<\/p>\n","protected":false},"excerpt":{"rendered":"<p>Balle Bull calibre 6,5 [.264] 125 grn. &#8211; CB 0.198<\/p>\n","protected":false},"featured_media":8179,"template":"","meta":[],"product_brand":[],"product_cat":[108],"product_tag":[],"class_list":{"0":"post-8176","1":"product","2":"type-product","3":"status-publish","4":"has-post-thumbnail","6":"product_cat-hasler-bull-fr","7":"entry","8":"has-media","10":"first","11":"instock","12":"shipping-taxable","13":"purchasable","14":"product-type-simple"},"_links":{"self":[{"href":"https:\/\/www.haslerbullets.com\/fr\/wp-json\/wp\/v2\/product\/8176","targetHints":{"allow":["GET"]}}],"collection":[{"href":"https:\/\/www.haslerbullets.com\/fr\/wp-json\/wp\/v2\/product"}],"about":[{"href":"https:\/\/www.haslerbullets.com\/fr\/wp-json\/wp\/v2\/types\/product"}],"wp:featuredmedia":[{"embeddable":true,"href":"https:\/\/www.haslerbullets.com\/fr\/wp-json\/wp\/v2\/media\/8179"}],"wp:attachment":[{"href":"https:\/\/www.haslerbullets.com\/fr\/wp-json\/wp\/v2\/media?parent=8176"}],"wp:term":[{"taxonomy":"product_brand","embeddable":true,"href":"https:\/\/www.haslerbullets.com\/fr\/wp-json\/wp\/v2\/product_brand?post=8176"},{"taxonomy":"product_cat","embeddable":true,"href":"https:\/\/www.haslerbullets.com\/fr\/wp-json\/wp\/v2\/product_cat?post=8176"},{"taxonomy":"product_tag","embeddable":true,"href":"https:\/\/www.haslerbullets.com\/fr\/wp-json\/wp\/v2\/product_tag?post=8176"}],"curies":[{"name":"wp","href":"https:\/\/api.w.org\/{rel}","templated":true}]}}