{"id":8185,"date":"2026-02-28T22:30:00","date_gmt":"2026-02-28T21:30:00","guid":{"rendered":"https:\/\/www.haslerbullets.com\/?post_type=product&#038;p=8185"},"modified":"2026-02-28T17:34:56","modified_gmt":"2026-02-28T16:34:56","slug":"balle-bull-calibre-65-264-140-grn-cb-0-194","status":"publish","type":"product","link":"https:\/\/www.haslerbullets.com\/fr\/shop\/hasler-bull-fr\/balle-bull-calibre-65-264-140-grn-cb-0-194\/","title":{"rendered":"Balle Bull calibre 6,5 [.264] 140 grn. &#8211; CB 0.194"},"content":{"rendered":"<p>Balle Bull calibre 6,5 [.264] 140 grn. &#8211; CB 0.194<\/p>\n<p>Les balles de la ligne Bull ont une capacit\u00e9 de s\u2019enfoncer sup\u00e9rieure.<br \/>\nLes balles Bull n\u00e9cessitent un contr\u00f4le plus fr\u00e9quent du niveau de cuivre du canon.<\/p>\n","protected":false},"excerpt":{"rendered":"<p>Balle Bull calibre 6,5 [.264] 140 grn. &#8211; CB 0.194<\/p>\n","protected":false},"featured_media":8188,"template":"","meta":[],"product_brand":[],"product_cat":[108],"product_tag":[],"class_list":{"0":"post-8185","1":"product","2":"type-product","3":"status-publish","4":"has-post-thumbnail","6":"product_cat-hasler-bull-fr","7":"entry","8":"has-media","10":"first","11":"instock","12":"shipping-taxable","13":"purchasable","14":"product-type-simple"},"_links":{"self":[{"href":"https:\/\/www.haslerbullets.com\/fr\/wp-json\/wp\/v2\/product\/8185","targetHints":{"allow":["GET"]}}],"collection":[{"href":"https:\/\/www.haslerbullets.com\/fr\/wp-json\/wp\/v2\/product"}],"about":[{"href":"https:\/\/www.haslerbullets.com\/fr\/wp-json\/wp\/v2\/types\/product"}],"wp:featuredmedia":[{"embeddable":true,"href":"https:\/\/www.haslerbullets.com\/fr\/wp-json\/wp\/v2\/media\/8188"}],"wp:attachment":[{"href":"https:\/\/www.haslerbullets.com\/fr\/wp-json\/wp\/v2\/media?parent=8185"}],"wp:term":[{"taxonomy":"product_brand","embeddable":true,"href":"https:\/\/www.haslerbullets.com\/fr\/wp-json\/wp\/v2\/product_brand?post=8185"},{"taxonomy":"product_cat","embeddable":true,"href":"https:\/\/www.haslerbullets.com\/fr\/wp-json\/wp\/v2\/product_cat?post=8185"},{"taxonomy":"product_tag","embeddable":true,"href":"https:\/\/www.haslerbullets.com\/fr\/wp-json\/wp\/v2\/product_tag?post=8185"}],"curies":[{"name":"wp","href":"https:\/\/api.w.org\/{rel}","templated":true}]}}