{"id":8193,"date":"2026-02-28T22:00:26","date_gmt":"2026-02-28T21:00:26","guid":{"rendered":"https:\/\/www.haslerbullets.com\/?post_type=product&#038;p=8193"},"modified":"2026-02-28T17:35:11","modified_gmt":"2026-02-28T16:35:11","slug":"balles-bull-cal-270-122-grn-cb-0-271","status":"publish","type":"product","link":"https:\/\/www.haslerbullets.com\/fr\/shop\/hasler-bull-fr\/balles-bull-cal-270-122-grn-cb-0-271\/","title":{"rendered":"Balles Bull cal 270 122 grn. &#8211; cb 0.271"},"content":{"rendered":"<p>Balles Bull cal 270 122 grn. &#8211; cb 0.271<\/p>\n<p>Les balles de la ligne Bull ont une capacit\u00e9 de s\u2019enfoncer sup\u00e9rieure.<br \/>\nLes balles Bull n\u00e9cessitent un contr\u00f4le plus fr\u00e9quent du niveau de cuivre du canon.<\/p>\n","protected":false},"excerpt":{"rendered":"<p>Balles Bull cal 270 122 grn. &#8211; cb 0.271<\/p>\n","protected":false},"featured_media":8196,"template":"","meta":[],"product_brand":[],"product_cat":[108],"product_tag":[],"class_list":{"0":"post-8193","1":"product","2":"type-product","3":"status-publish","4":"has-post-thumbnail","6":"product_cat-hasler-bull-fr","7":"entry","8":"has-media","10":"first","11":"instock","12":"shipping-taxable","13":"purchasable","14":"product-type-simple"},"_links":{"self":[{"href":"https:\/\/www.haslerbullets.com\/fr\/wp-json\/wp\/v2\/product\/8193","targetHints":{"allow":["GET"]}}],"collection":[{"href":"https:\/\/www.haslerbullets.com\/fr\/wp-json\/wp\/v2\/product"}],"about":[{"href":"https:\/\/www.haslerbullets.com\/fr\/wp-json\/wp\/v2\/types\/product"}],"wp:featuredmedia":[{"embeddable":true,"href":"https:\/\/www.haslerbullets.com\/fr\/wp-json\/wp\/v2\/media\/8196"}],"wp:attachment":[{"href":"https:\/\/www.haslerbullets.com\/fr\/wp-json\/wp\/v2\/media?parent=8193"}],"wp:term":[{"taxonomy":"product_brand","embeddable":true,"href":"https:\/\/www.haslerbullets.com\/fr\/wp-json\/wp\/v2\/product_brand?post=8193"},{"taxonomy":"product_cat","embeddable":true,"href":"https:\/\/www.haslerbullets.com\/fr\/wp-json\/wp\/v2\/product_cat?post=8193"},{"taxonomy":"product_tag","embeddable":true,"href":"https:\/\/www.haslerbullets.com\/fr\/wp-json\/wp\/v2\/product_tag?post=8193"}],"curies":[{"name":"wp","href":"https:\/\/api.w.org\/{rel}","templated":true}]}}