{"id":8217,"date":"2026-02-28T18:00:08","date_gmt":"2026-02-28T17:00:08","guid":{"rendered":"https:\/\/www.haslerbullets.com\/?post_type=product&#038;p=8217"},"modified":"2026-02-28T17:36:03","modified_gmt":"2026-02-28T16:36:03","slug":"balle-bull-cal-8-170-grn-cb-0-253","status":"publish","type":"product","link":"https:\/\/www.haslerbullets.com\/fr\/shop\/hasler-bull-fr\/balle-bull-cal-8-170-grn-cb-0-253\/","title":{"rendered":"Balle Bull cal 8 170 grn. &#8211; cb 0.253"},"content":{"rendered":"<p>Balle Bull cal 8 170 grn. &#8211; cb 0.253<\/p>\n<p>Les balles de la ligne Bull ont une capacit\u00e9 de s\u2019enfoncer sup\u00e9rieure.<br \/>\nLes balles Bull n\u00e9cessitent un contr\u00f4le plus fr\u00e9quent du niveau de cuivre du canon.<\/p>\n","protected":false},"excerpt":{"rendered":"<p>Balle Bull cal 8 170 grn. &#8211; cb 0.253<\/p>\n","protected":false},"featured_media":8220,"template":"","meta":[],"product_brand":[],"product_cat":[108],"product_tag":[],"class_list":{"0":"post-8217","1":"product","2":"type-product","3":"status-publish","4":"has-post-thumbnail","6":"product_cat-hasler-bull-fr","7":"entry","8":"has-media","10":"first","11":"instock","12":"shipping-taxable","13":"purchasable","14":"product-type-simple"},"_links":{"self":[{"href":"https:\/\/www.haslerbullets.com\/fr\/wp-json\/wp\/v2\/product\/8217","targetHints":{"allow":["GET"]}}],"collection":[{"href":"https:\/\/www.haslerbullets.com\/fr\/wp-json\/wp\/v2\/product"}],"about":[{"href":"https:\/\/www.haslerbullets.com\/fr\/wp-json\/wp\/v2\/types\/product"}],"wp:featuredmedia":[{"embeddable":true,"href":"https:\/\/www.haslerbullets.com\/fr\/wp-json\/wp\/v2\/media\/8220"}],"wp:attachment":[{"href":"https:\/\/www.haslerbullets.com\/fr\/wp-json\/wp\/v2\/media?parent=8217"}],"wp:term":[{"taxonomy":"product_brand","embeddable":true,"href":"https:\/\/www.haslerbullets.com\/fr\/wp-json\/wp\/v2\/product_brand?post=8217"},{"taxonomy":"product_cat","embeddable":true,"href":"https:\/\/www.haslerbullets.com\/fr\/wp-json\/wp\/v2\/product_cat?post=8217"},{"taxonomy":"product_tag","embeddable":true,"href":"https:\/\/www.haslerbullets.com\/fr\/wp-json\/wp\/v2\/product_tag?post=8217"}],"curies":[{"name":"wp","href":"https:\/\/api.w.org\/{rel}","templated":true}]}}