{"id":8225,"date":"2026-02-28T17:30:02","date_gmt":"2026-02-28T16:30:02","guid":{"rendered":"https:\/\/www.haslerbullets.com\/?post_type=product&#038;p=8225"},"modified":"2026-02-28T17:36:32","modified_gmt":"2026-02-28T16:36:32","slug":"balle-bull-cal-9-3-205-grn-cb-0-257","status":"publish","type":"product","link":"https:\/\/www.haslerbullets.com\/fr\/shop\/hasler-bull-fr\/balle-bull-cal-9-3-205-grn-cb-0-257\/","title":{"rendered":"Balle Bull cal 9.3 205 grn. &#8211; cb 0.257"},"content":{"rendered":"<p>Balle Bull cal 9.3 205 grn. &#8211; cb 0.257<\/p>\n<p>Les balles de la ligne Bull ont une capacit\u00e9 de s\u2019enfoncer sup\u00e9rieure.<br \/>\nLes balles Bull n\u00e9cessitent un contr\u00f4le plus fr\u00e9quent du niveau de cuivre du canon.<\/p>\n","protected":false},"excerpt":{"rendered":"<p>Balle Bull cal 9.3 205 grn. &#8211; cb 0.257<\/p>\n","protected":false},"featured_media":8228,"template":"","meta":[],"product_brand":[],"product_cat":[108],"product_tag":[],"class_list":{"0":"post-8225","1":"product","2":"type-product","3":"status-publish","4":"has-post-thumbnail","6":"product_cat-hasler-bull-fr","7":"entry","8":"has-media","10":"first","11":"instock","12":"shipping-taxable","13":"purchasable","14":"product-type-simple"},"_links":{"self":[{"href":"https:\/\/www.haslerbullets.com\/fr\/wp-json\/wp\/v2\/product\/8225","targetHints":{"allow":["GET"]}}],"collection":[{"href":"https:\/\/www.haslerbullets.com\/fr\/wp-json\/wp\/v2\/product"}],"about":[{"href":"https:\/\/www.haslerbullets.com\/fr\/wp-json\/wp\/v2\/types\/product"}],"wp:featuredmedia":[{"embeddable":true,"href":"https:\/\/www.haslerbullets.com\/fr\/wp-json\/wp\/v2\/media\/8228"}],"wp:attachment":[{"href":"https:\/\/www.haslerbullets.com\/fr\/wp-json\/wp\/v2\/media?parent=8225"}],"wp:term":[{"taxonomy":"product_brand","embeddable":true,"href":"https:\/\/www.haslerbullets.com\/fr\/wp-json\/wp\/v2\/product_brand?post=8225"},{"taxonomy":"product_cat","embeddable":true,"href":"https:\/\/www.haslerbullets.com\/fr\/wp-json\/wp\/v2\/product_cat?post=8225"},{"taxonomy":"product_tag","embeddable":true,"href":"https:\/\/www.haslerbullets.com\/fr\/wp-json\/wp\/v2\/product_tag?post=8225"}],"curies":[{"name":"wp","href":"https:\/\/api.w.org\/{rel}","templated":true}]}}